{"id":33775,"date":"2025-05-20T19:29:08","date_gmt":"2025-05-20T19:29:08","guid":{"rendered":"https:\/\/tudomoveisbelem.com.br\/v19\/?post_type=product&#038;p=33775"},"modified":"2025-09-23T16:11:24","modified_gmt":"2025-09-23T16:11:24","slug":"colchao-new-freedom-casal-ortobom-10x-de-r28990","status":"publish","type":"product","link":"https:\/\/tudomoveisbelem.com.br\/v19\/produto\/colchao-new-freedom-casal-ortobom-10x-de-r28990\/","title":{"rendered":"Colch\u00e3o New Freedom Casal Ortobom"},"content":{"rendered":"<p>O colch\u00e3o que une tecnologia, conforto e durabilidade chegou para transformar suas noites! \ud83d\ude34\u2728<\/p>\n<p>\ud83d\udc8e Caracter\u00edsticas que fazem toda a diferen\u00e7a:<br \/>\n\ud83d\udd39 Molas ensacadas individualmente \u2013 suporte anat\u00f4mico e conforto personalizado<br \/>\n\ud83d\udd39 Pillow Top em espuma viscoel\u00e1stica de alta tecnologia \u2013 se adapta ao corpo, reduz press\u00e3o e melhora a circula\u00e7\u00e3o<br \/>\n\ud83d\udd39 Camada de sustenta\u00e7\u00e3o em espuma D33 \u2013 mais firmeza e durabilidade<br \/>\n\ud83d\udd39 Bordado com espuma firme de alta performance \u2013 acabamento premium e resistente<br \/>\n\ud83d\udd39 Tecido em malha 100% poli\u00e9ster com toque super soft \u2013 maciez e aconchego ao toque<br \/>\n\ud83d\udd39 Tecido antiderrapante \u2013 evita que o colch\u00e3o deslize sobre a base<br \/>\n\ud83d\udd39 Sistema No Turn \u2013 n\u00e3o precisa virar o colch\u00e3o<br \/>\n\ud83d\udd39 Tratamentos antial\u00e9rgico, anti\u00e1caro e antibacteriano \u2013 mais sa\u00fade para seu sono<\/p>\n<p>\ud83d\udee0\ufe0f ENTREGA E MONTAGEM NO MESMO DIA<\/p>\n<p>\ud83c\udf19 Invista no seu bem-estar com um colch\u00e3o Ortobom de alta performance.<br \/>\nS\u00f3 na Tudo M\u00f3veis, onde qualidade, conforto e agilidade andam juntos!<\/p>\n","protected":false},"excerpt":{"rendered":"<p>de R$3.700,00 por 10x de <span style=\"color: #ff0000;\">R$299,90<\/span> sem juros no cart\u00e3o ou \u00e0 vista de <span style=\"color: #ff0000;\">R$2.999,00<\/span><\/p>\n<p>&nbsp;<\/p>\n","protected":false},"featured_media":35294,"comment_status":"closed","ping_status":"closed","template":"","meta":[],"product_brand":[],"product_cat":[39],"product_tag":[],"class_list":{"0":"post-33775","1":"product","2":"type-product","3":"status-publish","4":"has-post-thumbnail","6":"product_cat-camas","8":"first","9":"instock","10":"shipping-taxable","11":"product-type-simple"},"_links":{"self":[{"href":"https:\/\/tudomoveisbelem.com.br\/v19\/wp-json\/wp\/v2\/product\/33775","targetHints":{"allow":["GET"]}}],"collection":[{"href":"https:\/\/tudomoveisbelem.com.br\/v19\/wp-json\/wp\/v2\/product"}],"about":[{"href":"https:\/\/tudomoveisbelem.com.br\/v19\/wp-json\/wp\/v2\/types\/product"}],"replies":[{"embeddable":true,"href":"https:\/\/tudomoveisbelem.com.br\/v19\/wp-json\/wp\/v2\/comments?post=33775"}],"version-history":[{"count":3,"href":"https:\/\/tudomoveisbelem.com.br\/v19\/wp-json\/wp\/v2\/product\/33775\/revisions"}],"predecessor-version":[{"id":35296,"href":"https:\/\/tudomoveisbelem.com.br\/v19\/wp-json\/wp\/v2\/product\/33775\/revisions\/35296"}],"wp:featuredmedia":[{"embeddable":true,"href":"https:\/\/tudomoveisbelem.com.br\/v19\/wp-json\/wp\/v2\/media\/35294"}],"wp:attachment":[{"href":"https:\/\/tudomoveisbelem.com.br\/v19\/wp-json\/wp\/v2\/media?parent=33775"}],"wp:term":[{"taxonomy":"product_brand","embeddable":true,"href":"https:\/\/tudomoveisbelem.com.br\/v19\/wp-json\/wp\/v2\/product_brand?post=33775"},{"taxonomy":"product_cat","embeddable":true,"href":"https:\/\/tudomoveisbelem.com.br\/v19\/wp-json\/wp\/v2\/product_cat?post=33775"},{"taxonomy":"product_tag","embeddable":true,"href":"https:\/\/tudomoveisbelem.com.br\/v19\/wp-json\/wp\/v2\/product_tag?post=33775"}],"curies":[{"name":"wp","href":"https:\/\/api.w.org\/{rel}","templated":true}]}}