{"id":33680,"date":"2025-05-15T17:11:46","date_gmt":"2025-05-15T17:11:46","guid":{"rendered":"https:\/\/tudomoveisbelem.com.br\/v19\/?post_type=product&#038;p=33680"},"modified":"2025-05-20T20:09:37","modified_gmt":"2025-05-20T20:09:37","slug":"conjunto-colchao-fit-ortopedico-base-sommier-queen-size-10x-de-r28980","status":"publish","type":"product","link":"https:\/\/tudomoveisbelem.com.br\/v19\/produto\/conjunto-colchao-fit-ortopedico-base-sommier-queen-size-10x-de-r28980\/","title":{"rendered":"Conjunto Colch\u00e3o Fit Ortop\u00e9dico + Base Sommier Queen Size 10x de \u202fR$289,80"},"content":{"rendered":"<p>\ud83d\udca4 Eleve seu sono ao m\u00e1ximo com o conjunto completo da Tudo M\u00f3veis!<\/p>\n<p>Conjunto Colch\u00e3o Fit Ortop\u00e9dico + Base Sommier Queen Size \u2014 conforto e estilo em um s\u00f3 pacote:<\/p>\n<p>\u2728 Colch\u00e3o Fit Ortop\u00e9dico<br \/>\n\u2022 Alta densidade para suporte anat\u00f4mico e durabilidade prolongada<br \/>\n\u2022 Sistema No Turn: n\u00e3o precisa virar o colch\u00e3o<br \/>\n\u2022 Tecido de veludo premium com prote\u00e7\u00e3o anti\u00e1caro, antial\u00e9rgico, antibact\u00e9ria e antimofo<\/p>\n<p>\u2728 Base Sommier Queen Size<br \/>\n\u2022 Estrado em madeira tratada que melhora a ventila\u00e7\u00e3o do colch\u00e3o<br \/>\n\u2022 Revestimento em tecido resistente e f\u00e1cil de limpar<br \/>\n\u2022 P\u00e9s em PVC refor\u00e7ado, garantindo estabilidade e estilo<\/p>\n<p>\u2728 Vantagens Tudo M\u00f3veis<br \/>\n\u2022 Entrega &amp; montagem GR\u00c1TIS em Bel\u00e9m, Ananindeua e Marituba<br \/>\n\u2022 Produto 100% novo, direto da f\u00e1brica, com garantia oficial<\/p>\n<p>\u23f3 Oferta por tempo limitado \u2013 estoque reduzido!<\/p>\n<p>\ud83d\udc49 Garanta j\u00e1 seu conjunto dos sonhos!<br \/>\nEnvie \u201cQUERO SONHAR\u201d no WhatsApp ou visite uma de nossas lojas Tudo M\u00f3veis.<\/p>\n<p>(Dimens\u00f5es colch\u00e3o: 0,67M x 1,58M x 1,98CM)<\/p>\n","protected":false},"excerpt":{"rendered":"<p>de R$3.500,00 por apenas\u00a0 <span style=\"color: #ff0000;\"><span style=\"color: #000000;\">10\u00d7<\/span>\u202f<span style=\"color: #000000;\">de<\/span> R$\u202f289,80<\/span> sem juros no cart\u00e3o ou <span style=\"color: #ff0000;\">R$\u202f2.898,00<\/span> \u00e0\u00a0 vista<\/p>\n","protected":false},"featured_media":33794,"comment_status":"closed","ping_status":"closed","template":"","meta":[],"product_brand":[],"product_cat":[39],"product_tag":[],"class_list":{"0":"post-33680","1":"product","2":"type-product","3":"status-publish","4":"has-post-thumbnail","6":"product_cat-camas","8":"first","9":"instock","10":"shipping-taxable","11":"product-type-simple"},"_links":{"self":[{"href":"https:\/\/tudomoveisbelem.com.br\/v19\/wp-json\/wp\/v2\/product\/33680","targetHints":{"allow":["GET"]}}],"collection":[{"href":"https:\/\/tudomoveisbelem.com.br\/v19\/wp-json\/wp\/v2\/product"}],"about":[{"href":"https:\/\/tudomoveisbelem.com.br\/v19\/wp-json\/wp\/v2\/types\/product"}],"replies":[{"embeddable":true,"href":"https:\/\/tudomoveisbelem.com.br\/v19\/wp-json\/wp\/v2\/comments?post=33680"}],"version-history":[{"count":4,"href":"https:\/\/tudomoveisbelem.com.br\/v19\/wp-json\/wp\/v2\/product\/33680\/revisions"}],"predecessor-version":[{"id":33689,"href":"https:\/\/tudomoveisbelem.com.br\/v19\/wp-json\/wp\/v2\/product\/33680\/revisions\/33689"}],"wp:featuredmedia":[{"embeddable":true,"href":"https:\/\/tudomoveisbelem.com.br\/v19\/wp-json\/wp\/v2\/media\/33794"}],"wp:attachment":[{"href":"https:\/\/tudomoveisbelem.com.br\/v19\/wp-json\/wp\/v2\/media?parent=33680"}],"wp:term":[{"taxonomy":"product_brand","embeddable":true,"href":"https:\/\/tudomoveisbelem.com.br\/v19\/wp-json\/wp\/v2\/product_brand?post=33680"},{"taxonomy":"product_cat","embeddable":true,"href":"https:\/\/tudomoveisbelem.com.br\/v19\/wp-json\/wp\/v2\/product_cat?post=33680"},{"taxonomy":"product_tag","embeddable":true,"href":"https:\/\/tudomoveisbelem.com.br\/v19\/wp-json\/wp\/v2\/product_tag?post=33680"}],"curies":[{"name":"wp","href":"https:\/\/api.w.org\/{rel}","templated":true}]}}