{"id":33667,"date":"2025-05-15T16:41:28","date_gmt":"2025-05-15T16:41:28","guid":{"rendered":"https:\/\/tudomoveisbelem.com.br\/v19\/?post_type=product&#038;p=33667"},"modified":"2025-09-25T13:05:46","modified_gmt":"2025-09-25T13:05:46","slug":"__trashed","status":"publish","type":"product","link":"https:\/\/tudomoveisbelem.com.br\/v19\/produto\/__trashed\/","title":{"rendered":"Conjunto Box Ortobom Ortop\u00e9dico Queen Size"},"content":{"rendered":"<p>\ud83d\udea8\u2728 LAN\u00c7AMENTO EXCLUSIVO TUDO M\u00d3VEIS! \u2728\ud83d\udea8<\/p>\n<p>Apresentamos o Conjunto Box Queen Size Fit Ortop\u00e9dico + Base Sommier \ud83d\udca4\ud83d\udc8e<br \/>\nPerfeito para transformar suas noites de sono em uma experi\u00eancia \u00fanica de conforto e sofistica\u00e7\u00e3o.<\/p>\n<p>\u2728 Destaques do Colch\u00e3o Fit Ortop\u00e9dico (Espuma D-45):<br \/>\n\u2714\ufe0f Alta densidade para suporte anat\u00f4mico e durabilidade prolongada<br \/>\n\u2714\ufe0f Sistema No Turn \u2013 n\u00e3o precisa virar o colch\u00e3o<br \/>\n\u2714\ufe0f Revestimento em veludo premium com toque macio e sofisticado<br \/>\n\u2714\ufe0f Prote\u00e7\u00f5es especiais: anti\u00e1caro, antial\u00e9rgico, antibact\u00e9ria e antimofo<\/p>\n<p>\u2728 Destaques da Base Sommier Queen Size:<br \/>\n\u2714\ufe0f Estrado em madeira tratada, que melhora a ventila\u00e7\u00e3o do colch\u00e3o<br \/>\n\u2714\ufe0f Revestimento em tecido resistente e f\u00e1cil de limpar<br \/>\n\u2714\ufe0f P\u00e9s em PVC refor\u00e7ado, garantindo estabilidade e estilo<\/p>\n<p>*DIMEN\u00c7\u00d5ES:* 1.58Mx1.98Mx0,67CM<\/p>\n<p>\ud83d\udcb3 Condi\u00e7\u00f5es Imperd\u00edveis:<br \/>\nDE R$ 3.500,00<br \/>\nPOR APENAS \ud83d\udc49<strong> 10\u00d7 R$ 279,80<\/strong> sem juros<br \/>\n\ud83d\udc49 <strong>ou R$ 2.798,00<\/strong> \u00e0 vista<\/p>\n<p>\ud83d\ude9a\ud83d\udca8 Entrega &amp; montagem gr\u00e1tis em Bel\u00e9m, Ananindeua e Marituba!<\/p>\n<p>\u26a1\ufe0f Exclusivo na Tudo M\u00f3veis \u2014 lan\u00e7amento com estoque limitado!<\/p>\n<p>\u2728 Porque seu descanso merece ser t\u00e3o grandioso quanto seus sonhos! \u2728<\/p>\n","protected":false},"excerpt":{"rendered":"<p>\ud83d\udea8\u2728 LAN\u00c7AMENTO EXCLUSIVO TUDO M\u00d3VEIS! \u2728\ud83d\udea8 Apresentamos o Conjunto Box Queen Size Fit Ortop\u00e9dico + Base Sommier \ud83d\udca4\ud83d\udc8e Perfeito para transformar suas noites de sono em uma experi\u00eancia \u00fanica de conforto e sofistica\u00e7\u00e3o. \u2728 Destaques do Colch\u00e3o Fit Ortop\u00e9dico (Espuma D-45): \u2714\ufe0f Alta densidade para suporte anat\u00f4mico e durabilidade prolongada \u2714\ufe0f Sistema No Turn \u2013 &hellip; <a href=\"https:\/\/tudomoveisbelem.com.br\/v19\/produto\/__trashed\/\" class=\"more-link\">Continue lendo<span class=\"screen-reader-text\"> &#8220;Conjunto Box Ortobom Ortop\u00e9dico Queen Size&#8221;<\/span><\/a><\/p>\n","protected":false},"featured_media":35308,"comment_status":"closed","ping_status":"closed","template":"","meta":[],"product_brand":[],"product_cat":[39,42,82],"product_tag":[],"class_list":{"0":"post-33667","1":"product","2":"type-product","3":"status-publish","4":"has-post-thumbnail","6":"product_cat-camas","7":"product_cat-moveis-de-quarto","8":"product_cat-tudo-de-quarto","10":"first","11":"instock","12":"shipping-taxable","13":"product-type-simple"},"_links":{"self":[{"href":"https:\/\/tudomoveisbelem.com.br\/v19\/wp-json\/wp\/v2\/product\/33667","targetHints":{"allow":["GET"]}}],"collection":[{"href":"https:\/\/tudomoveisbelem.com.br\/v19\/wp-json\/wp\/v2\/product"}],"about":[{"href":"https:\/\/tudomoveisbelem.com.br\/v19\/wp-json\/wp\/v2\/types\/product"}],"replies":[{"embeddable":true,"href":"https:\/\/tudomoveisbelem.com.br\/v19\/wp-json\/wp\/v2\/comments?post=33667"}],"version-history":[{"count":2,"href":"https:\/\/tudomoveisbelem.com.br\/v19\/wp-json\/wp\/v2\/product\/33667\/revisions"}],"predecessor-version":[{"id":35313,"href":"https:\/\/tudomoveisbelem.com.br\/v19\/wp-json\/wp\/v2\/product\/33667\/revisions\/35313"}],"wp:featuredmedia":[{"embeddable":true,"href":"https:\/\/tudomoveisbelem.com.br\/v19\/wp-json\/wp\/v2\/media\/35308"}],"wp:attachment":[{"href":"https:\/\/tudomoveisbelem.com.br\/v19\/wp-json\/wp\/v2\/media?parent=33667"}],"wp:term":[{"taxonomy":"product_brand","embeddable":true,"href":"https:\/\/tudomoveisbelem.com.br\/v19\/wp-json\/wp\/v2\/product_brand?post=33667"},{"taxonomy":"product_cat","embeddable":true,"href":"https:\/\/tudomoveisbelem.com.br\/v19\/wp-json\/wp\/v2\/product_cat?post=33667"},{"taxonomy":"product_tag","embeddable":true,"href":"https:\/\/tudomoveisbelem.com.br\/v19\/wp-json\/wp\/v2\/product_tag?post=33667"}],"curies":[{"name":"wp","href":"https:\/\/api.w.org\/{rel}","templated":true}]}}