{"id":33506,"date":"2025-05-06T18:00:07","date_gmt":"2025-05-06T18:00:07","guid":{"rendered":"https:\/\/tudomoveisbelem.com.br\/v19\/?post_type=product&#038;p=33506"},"modified":"2026-03-19T10:31:02","modified_gmt":"2026-03-19T10:31:02","slug":"balcao-buffet-4-portas-por-apenas-10x-de-r13990-sem-juros-no-cartao-ou-a-vista-por-r1-39900","status":"publish","type":"product","link":"https:\/\/tudomoveisbelem.com.br\/v19\/produto\/balcao-buffet-4-portas-por-apenas-10x-de-r13990-sem-juros-no-cartao-ou-a-vista-por-r1-39900\/","title":{"rendered":"Balc\u00e3o Buffet 4 portas 12x de R$ 133,25"},"content":{"rendered":"<p>Por apenas 12x de R$ 133,25 sem juros no cart\u00e3o ou \u00e0 vista por R$ 1.599,00<\/p>\n<p>&nbsp;<\/p>\n<p>\ud83d\udea8\u2728 LAN\u00c7AMENTO EXCLUSIVO TUDO M\u00d3VEIS! \u2728\ud83d\udea8<\/p>\n<p>\ud83c\udf77\u2615 Agora sua casa pode ter um cantinho especial para bebidas, decora\u00e7\u00e3o ou at\u00e9 o cantinho do caf\u00e9!<br \/>\nChegou o Balc\u00e3o Buffet 4 Portas, um m\u00f3vel que une modernidade, praticidade e muito charme para transformar seu ambiente.<\/p>\n<p>\u2728 Destaques que encantam:<br \/>\n\u2705 Design clean e sofisticado \u2014 combina com qualquer decora\u00e7\u00e3o<br \/>\n\u2705 P\u00e9s retr\u00f4 \u2014 charme extra para o ambiente<br \/>\n\u2705 Amplo espa\u00e7o interno para organizar tudo com praticidade<br \/>\n\u2705 Ideal para sala de estar, jantar ou espa\u00e7o gourmet<\/p>\n<p>\ud83d\udccf Dimens\u00f5es:<br \/>\nAltura: 0,78m | Largura: 1,50m | Profundidade: 0,45m<\/p>\n<p>\ud83d\ude9a Entrega e montagem GR\u00c1TIS em Bel\u00e9m, Ananindeua e Marituba<br \/>\n\ud83d\uded2 Compre direto nas lojas ou pelo WhatsApp<br \/>\n\ud83d\udcb3 Pagamento s\u00f3 na hora da entrega<br \/>\n\ud83d\udce6 Produto NOVO com garantia de f\u00e1brica<\/p>\n<p>\u2b07\ufe0f OFERTA DE LAN\u00c7AMENTO EXCLUSIVO:<\/p>\n<p>\ud83d\udd25 Garanta j\u00e1 o seu e leve mais estilo e sofistica\u00e7\u00e3o para sua casa!<\/p>\n<p>&nbsp;<\/p>\n<p>&nbsp;<\/p>\n<p>&nbsp;<\/p>\n","protected":false},"excerpt":{"rendered":"<p>Por apenas 12x de R$ 133,25 sem juros no cart\u00e3o ou \u00e0 vista por R$ 1.599,00 &nbsp; \ud83d\udea8\u2728 LAN\u00c7AMENTO EXCLUSIVO TUDO M\u00d3VEIS! \u2728\ud83d\udea8 \ud83c\udf77\u2615 Agora sua casa pode ter um cantinho especial para bebidas, decora\u00e7\u00e3o ou at\u00e9 o cantinho do caf\u00e9! Chegou o Balc\u00e3o Buffet 4 Portas, um m\u00f3vel que une modernidade, praticidade e muito &hellip; <a href=\"https:\/\/tudomoveisbelem.com.br\/v19\/produto\/balcao-buffet-4-portas-por-apenas-10x-de-r13990-sem-juros-no-cartao-ou-a-vista-por-r1-39900\/\" class=\"more-link\">Continue lendo<span class=\"screen-reader-text\"> &#8220;Balc\u00e3o Buffet 4 portas 12x de R$ 133,25&#8221;<\/span><\/a><\/p>\n","protected":false},"featured_media":33507,"comment_status":"closed","ping_status":"closed","template":"","meta":[],"product_brand":[],"product_cat":[47,155],"product_tag":[],"class_list":{"0":"post-33506","1":"product","2":"type-product","3":"status-publish","4":"has-post-thumbnail","6":"product_cat-aparadores","7":"product_cat-aparadores-buffets-2","9":"first","10":"instock","11":"shipping-taxable","12":"product-type-simple"},"_links":{"self":[{"href":"https:\/\/tudomoveisbelem.com.br\/v19\/wp-json\/wp\/v2\/product\/33506","targetHints":{"allow":["GET"]}}],"collection":[{"href":"https:\/\/tudomoveisbelem.com.br\/v19\/wp-json\/wp\/v2\/product"}],"about":[{"href":"https:\/\/tudomoveisbelem.com.br\/v19\/wp-json\/wp\/v2\/types\/product"}],"replies":[{"embeddable":true,"href":"https:\/\/tudomoveisbelem.com.br\/v19\/wp-json\/wp\/v2\/comments?post=33506"}],"version-history":[{"count":5,"href":"https:\/\/tudomoveisbelem.com.br\/v19\/wp-json\/wp\/v2\/product\/33506\/revisions"}],"predecessor-version":[{"id":37117,"href":"https:\/\/tudomoveisbelem.com.br\/v19\/wp-json\/wp\/v2\/product\/33506\/revisions\/37117"}],"wp:featuredmedia":[{"embeddable":true,"href":"https:\/\/tudomoveisbelem.com.br\/v19\/wp-json\/wp\/v2\/media\/33507"}],"wp:attachment":[{"href":"https:\/\/tudomoveisbelem.com.br\/v19\/wp-json\/wp\/v2\/media?parent=33506"}],"wp:term":[{"taxonomy":"product_brand","embeddable":true,"href":"https:\/\/tudomoveisbelem.com.br\/v19\/wp-json\/wp\/v2\/product_brand?post=33506"},{"taxonomy":"product_cat","embeddable":true,"href":"https:\/\/tudomoveisbelem.com.br\/v19\/wp-json\/wp\/v2\/product_cat?post=33506"},{"taxonomy":"product_tag","embeddable":true,"href":"https:\/\/tudomoveisbelem.com.br\/v19\/wp-json\/wp\/v2\/product_tag?post=33506"}],"curies":[{"name":"wp","href":"https:\/\/api.w.org\/{rel}","templated":true}]}}