{"id":33454,"date":"2025-04-22T13:28:59","date_gmt":"2025-04-22T13:28:59","guid":{"rendered":"https:\/\/tudomoveisbelem.com.br\/v19\/?post_type=product&#038;p=33454"},"modified":"2026-03-02T13:59:09","modified_gmt":"2026-03-02T13:59:09","slug":"bancada-com-painel-ripado-2-portas-para-tvs-ate-75-10x-de-r-14990","status":"publish","type":"product","link":"https:\/\/tudomoveisbelem.com.br\/v19\/produto\/bancada-com-painel-ripado-2-portas-para-tvs-ate-75-10x-de-r-14990\/","title":{"rendered":"Bancada com Painel Ripado 2 Portas para TVs at\u00e9 75&#8243; 10x de R$ 159,90"},"content":{"rendered":"<p>\ud83c\udfac\u2728 PAINEL RIPADO COM BANCADA \u2013 PARA TV\u2019S AT\u00c9 75\u201d<br \/>\nMais charme e funcionalidade para a sua sala com esse conjunto moderno e acess\u00edvel\ud83d\udecb\ufe0f\ud83d\udd25<\/p>\n<p>\ud83d\udda4 Diferenciais que valorizam o ambiente:<br \/>\n\ud83d\udd38 Design ripado sofisticado, que traz um toque contempor\u00e2neo e elegante \u00e0 decora\u00e7\u00e3o<br \/>\n\ud83d\udd38 Bancada com 2 portas e 1 prateleira, ideal para organizar eletr\u00f4nicos, acess\u00f3rios e muito mais<br \/>\n\ud83d\udd38 P\u00e9s com estilo retr\u00f4, um charme atemporal que nunca sai de moda<br \/>\n\ud83d\udd38 Produzido com materiais de alta qualidade, pensados para garantir durabilidade e beleza no dia a dia<br \/>\n\ud83d\udd38 Suporta TVs de at\u00e9 75&#8243;, sendo a combina\u00e7\u00e3o perfeita de funcionalidade + estilo<\/p>\n<p>\ud83d\udcd0 Dimens\u00f5es:<br \/>\nBancada: 1,83m (L) x 0,61m (A) x 0,38m (P)<br \/>\nPainel: 1,83m (L) x 1,24m (A) x 0,18m (P)<\/p>\n<p>\ud83d\ude9b Benef\u00edcios exclusivos Tudo M\u00f3veis:<br \/>\n\u2714\ufe0f Entrega + montagem no mesmo dia, totalmente GR\u00c1TIS<br \/>\n\u2714\ufe0f Compre na loja f\u00edsica ou via WhatsApp com pagamento na entrega<\/p>\n<p>\ud83d\udcb0 Apenas<span style=\"color: #ff0000;\"> 12x sem juros de R$141,58<\/span> no cart\u00e3o<br \/>\nou<br \/>\n\ud83d\udcb8 R$1.699,00 \u00e0 vista<\/p>\n","protected":false},"excerpt":{"rendered":"<p>\ud83c\udfac\u2728 PAINEL RIPADO COM BANCADA \u2013 PARA TV\u2019S AT\u00c9 75\u201d Mais charme e funcionalidade para a sua sala com esse conjunto moderno e acess\u00edvel\ud83d\udecb\ufe0f\ud83d\udd25 \ud83d\udda4 Diferenciais que valorizam o ambiente: \ud83d\udd38 Design ripado sofisticado, que traz um toque contempor\u00e2neo e elegante \u00e0 decora\u00e7\u00e3o \ud83d\udd38 Bancada com 2 portas e 1 prateleira, ideal para organizar eletr\u00f4nicos, &hellip; <a href=\"https:\/\/tudomoveisbelem.com.br\/v19\/produto\/bancada-com-painel-ripado-2-portas-para-tvs-ate-75-10x-de-r-14990\/\" class=\"more-link\">Continue lendo<span class=\"screen-reader-text\"> &#8220;Bancada com Painel Ripado 2 Portas para TVs at\u00e9 75&#8243; 10x de R$ 159,90&#8221;<\/span><\/a><\/p>\n","protected":false},"featured_media":33455,"comment_status":"closed","ping_status":"closed","template":"","meta":[],"product_brand":[],"product_cat":[29,48],"product_tag":[],"class_list":{"0":"post-33454","1":"product","2":"type-product","3":"status-publish","4":"has-post-thumbnail","6":"product_cat-sala","7":"product_cat-rack-painel","9":"first","10":"instock","11":"shipping-taxable","12":"product-type-simple"},"_links":{"self":[{"href":"https:\/\/tudomoveisbelem.com.br\/v19\/wp-json\/wp\/v2\/product\/33454","targetHints":{"allow":["GET"]}}],"collection":[{"href":"https:\/\/tudomoveisbelem.com.br\/v19\/wp-json\/wp\/v2\/product"}],"about":[{"href":"https:\/\/tudomoveisbelem.com.br\/v19\/wp-json\/wp\/v2\/types\/product"}],"replies":[{"embeddable":true,"href":"https:\/\/tudomoveisbelem.com.br\/v19\/wp-json\/wp\/v2\/comments?post=33454"}],"version-history":[{"count":4,"href":"https:\/\/tudomoveisbelem.com.br\/v19\/wp-json\/wp\/v2\/product\/33454\/revisions"}],"predecessor-version":[{"id":36831,"href":"https:\/\/tudomoveisbelem.com.br\/v19\/wp-json\/wp\/v2\/product\/33454\/revisions\/36831"}],"wp:featuredmedia":[{"embeddable":true,"href":"https:\/\/tudomoveisbelem.com.br\/v19\/wp-json\/wp\/v2\/media\/33455"}],"wp:attachment":[{"href":"https:\/\/tudomoveisbelem.com.br\/v19\/wp-json\/wp\/v2\/media?parent=33454"}],"wp:term":[{"taxonomy":"product_brand","embeddable":true,"href":"https:\/\/tudomoveisbelem.com.br\/v19\/wp-json\/wp\/v2\/product_brand?post=33454"},{"taxonomy":"product_cat","embeddable":true,"href":"https:\/\/tudomoveisbelem.com.br\/v19\/wp-json\/wp\/v2\/product_cat?post=33454"},{"taxonomy":"product_tag","embeddable":true,"href":"https:\/\/tudomoveisbelem.com.br\/v19\/wp-json\/wp\/v2\/product_tag?post=33454"}],"curies":[{"name":"wp","href":"https:\/\/api.w.org\/{rel}","templated":true}]}}