{"id":33441,"date":"2025-04-22T12:59:02","date_gmt":"2025-04-22T12:59:02","guid":{"rendered":"https:\/\/tudomoveisbelem.com.br\/v19\/?post_type=product&#038;p=33441"},"modified":"2026-03-02T13:56:05","modified_gmt":"2026-03-02T13:56:05","slug":"painel-com-1-porta-basculante-para-tvs-ate-55-10x-de-r-13990","status":"publish","type":"product","link":"https:\/\/tudomoveisbelem.com.br\/v19\/produto\/painel-com-1-porta-basculante-para-tvs-ate-55-10x-de-r-13990\/","title":{"rendered":"Painel com 1 Porta Basculante para TVs at\u00e9 55&#8243; 10x de R$ 139,90"},"content":{"rendered":"<p>\ud83d\udcfa\u2728 PAINEL SUSPENSO COM PORTA BASCULANTE \u2014 MODERNIDADE QUE TRANSFORMA SUA SALA!<\/p>\n<p>Se voc\u00ea quer deixar o ambiente mais elegante, organizado e com apar\u00eancia de casa planejada, esse painel \u00e9 a escolha perfeita \ud83d\ude0d<\/p>\n<p>Inspirado no design contempor\u00e2neo, ele une sofistica\u00e7\u00e3o, funcionalidade e beleza em um \u00fanico m\u00f3vel, valorizando qualquer espa\u00e7o da sua casa.<\/p>\n<p>\ud83d\udc8e Diferenciais que fazem ele se destacar:<br \/>\n\u2714\ufe0f Porta basculante com apliques \u2014 visual moderno e funcional<br \/>\n\u2714\ufe0f Torre ripada com espelho + 2 prateleiras decorativas<br \/>\n\u2714\ufe0f Prateleira superior de 25mm \u2014 mais resist\u00eancia<br \/>\n\u2714\ufe0f Tampo inferior refor\u00e7ado de 37mm<br \/>\n\u2714\ufe0f Painel suspenso \u2014 facilita limpeza e organiza\u00e7\u00e3o<br \/>\n\u2714\ufe0f Suporta TVs de at\u00e9 55\u201d (at\u00e9 40kg)<\/p>\n<p>\ud83d\udccf Dimens\u00f5es:<br \/>\n\u25aa\ufe0f Largura: 1,60 m<br \/>\n\u25aa\ufe0f Altura: 1,53 m<br \/>\n\u25aa\ufe0f Profundidade: 0,32 m<\/p>\n<p>\ud83d\ude9a Entrega e montagem GR\u00c1TIS<br \/>\n\ud83d\udcac Compra na loja ou pelo WhatsApp<br \/>\n\ud83d\udcb3 Pagamento no ato da entrega<br \/>\n\ud83d\udee1\ufe0f Produto novo com garantia de f\u00e1brica<\/p>\n<p>\ud83d\udd25 OFERTA ESPECIAL<br \/>\n\ud83d\udca5 Apenas <span style=\"color: #ff0000;\"><strong>12x de R$124,92<\/strong><\/span> sem juros<br \/>\n\ud83d\udcb0 Ou R$1.499,00 \u00e0 vista<\/p>\n<p>\u2728 Sua TV merece um painel \u00e0 altura do seu ambiente.<\/p>\n","protected":false},"excerpt":{"rendered":"<p>\ud83d\udcfa\u2728 PAINEL SUSPENSO COM PORTA BASCULANTE \u2014 MODERNIDADE QUE TRANSFORMA SUA SALA! Se voc\u00ea quer deixar o ambiente mais elegante, organizado e com apar\u00eancia de casa planejada, esse painel \u00e9 a escolha perfeita \ud83d\ude0d Inspirado no design contempor\u00e2neo, ele une sofistica\u00e7\u00e3o, funcionalidade e beleza em um \u00fanico m\u00f3vel, valorizando qualquer espa\u00e7o da sua casa. \ud83d\udc8e &hellip; <a href=\"https:\/\/tudomoveisbelem.com.br\/v19\/produto\/painel-com-1-porta-basculante-para-tvs-ate-55-10x-de-r-13990\/\" class=\"more-link\">Continue lendo<span class=\"screen-reader-text\"> &#8220;Painel com 1 Porta Basculante para TVs at\u00e9 55&#8243; 10x de R$ 139,90&#8221;<\/span><\/a><\/p>\n","protected":false},"featured_media":33442,"comment_status":"closed","ping_status":"closed","template":"","meta":[],"product_brand":[],"product_cat":[29,44],"product_tag":[],"class_list":{"0":"post-33441","1":"product","2":"type-product","3":"status-publish","4":"has-post-thumbnail","6":"product_cat-sala","7":"product_cat-paineis","9":"first","10":"instock","11":"shipping-taxable","12":"product-type-simple"},"_links":{"self":[{"href":"https:\/\/tudomoveisbelem.com.br\/v19\/wp-json\/wp\/v2\/product\/33441","targetHints":{"allow":["GET"]}}],"collection":[{"href":"https:\/\/tudomoveisbelem.com.br\/v19\/wp-json\/wp\/v2\/product"}],"about":[{"href":"https:\/\/tudomoveisbelem.com.br\/v19\/wp-json\/wp\/v2\/types\/product"}],"replies":[{"embeddable":true,"href":"https:\/\/tudomoveisbelem.com.br\/v19\/wp-json\/wp\/v2\/comments?post=33441"}],"version-history":[{"count":2,"href":"https:\/\/tudomoveisbelem.com.br\/v19\/wp-json\/wp\/v2\/product\/33441\/revisions"}],"predecessor-version":[{"id":36830,"href":"https:\/\/tudomoveisbelem.com.br\/v19\/wp-json\/wp\/v2\/product\/33441\/revisions\/36830"}],"wp:featuredmedia":[{"embeddable":true,"href":"https:\/\/tudomoveisbelem.com.br\/v19\/wp-json\/wp\/v2\/media\/33442"}],"wp:attachment":[{"href":"https:\/\/tudomoveisbelem.com.br\/v19\/wp-json\/wp\/v2\/media?parent=33441"}],"wp:term":[{"taxonomy":"product_brand","embeddable":true,"href":"https:\/\/tudomoveisbelem.com.br\/v19\/wp-json\/wp\/v2\/product_brand?post=33441"},{"taxonomy":"product_cat","embeddable":true,"href":"https:\/\/tudomoveisbelem.com.br\/v19\/wp-json\/wp\/v2\/product_cat?post=33441"},{"taxonomy":"product_tag","embeddable":true,"href":"https:\/\/tudomoveisbelem.com.br\/v19\/wp-json\/wp\/v2\/product_tag?post=33441"}],"curies":[{"name":"wp","href":"https:\/\/api.w.org\/{rel}","templated":true}]}}