{"id":33417,"date":"2025-04-18T16:51:43","date_gmt":"2025-04-18T16:51:43","guid":{"rendered":"https:\/\/tudomoveisbelem.com.br\/v19\/?post_type=product&#038;p=33417"},"modified":"2026-02-26T18:14:12","modified_gmt":"2026-02-26T18:14:12","slug":"bancada-com-painel-100-mdf-com-led-para-tvs-ate-65-10x-de-r-22990","status":"publish","type":"product","link":"https:\/\/tudomoveisbelem.com.br\/v19\/produto\/bancada-com-painel-100-mdf-com-led-para-tvs-ate-65-10x-de-r-22990\/","title":{"rendered":"Bancada com Painel 100% MDF com Led para TVs at\u00e9 65&#8243;"},"content":{"rendered":"<p>\ud83d\udda5\ufe0f\u2728 BANCADA COM PAINEL 100% MDF COM LED \u2013 PARA TV&#8217;S AT\u00c9 75\u201d<\/p>\n<p>Transforme sua sala em um ambiente sofisticado, funcional e cheio de estilo com esse conjunto deslumbrante<\/p>\n<p>\ud83d\udda4 Detalhes que encantam:<br \/>\n\ud83d\udd38 Design contempor\u00e2neo, com painel amplo que acomoda TVs de at\u00e9 75\u201d<br \/>\n\ud83d\udd38 Ilumina\u00e7\u00e3o LED embutida em tubos met\u00e1licos dourados, destacando as laterais com cantos arredondados e elegantes<br \/>\n\ud83d\udd38 Bordas chanfradas com acabamento soft, oferecendo um visual refinado<br \/>\n\ud83d\udd38 Estrutura 100% em MDF de reflorestamento, resistente, dur\u00e1vel e ecologicamente respons\u00e1vel<br \/>\n\ud83d\udd38 Painel com suporte de at\u00e9 40kg, ideal para sua TV e acess\u00f3rios<br \/>\n\ud83d\udd38 Conjunto perfeito para ser o centro das aten\u00e7\u00f5es na sua sala<\/p>\n<p>\ud83d\udcd0 Dimens\u00f5es:<br \/>\nBancada: 2,18m (L) x 0,57m (A) x 0,45m (P)<br \/>\nPainel: 2,18m (L) x 1,32m (A) x 0,40m (P)<\/p>\n<p>\ud83d\ude9b Benef\u00edcios exclusivos Tudo M\u00f3veis:<br \/>\n\u2714\ufe0f Entrega + montagem no mesmo dia 100% GR\u00c1TIS<\/p>\n<p>\u2714\ufe0f Compre direto na loja ou pelo WhatsApp com pagamento na entrega<\/p>\n<p>\ud83d\udcb0 12x sem juros de <span style=\"color: #ff0000;\"><strong>R$241,58<\/strong> <\/span>no cart\u00e3o<br \/>\nou<br \/>\n\ud83d\udcb8 R$2.899,00 \u00e0 vista<\/p>\n","protected":false},"excerpt":{"rendered":"<p>Por apenas 10x sem juros de <span style=\"color: #ff0000;\">R$229,90<\/span> no cart\u00e3o ou \u00e0 vista por <span style=\"color: #ff0000;\">R$2.299,00.<\/span><\/p>\n","protected":false},"featured_media":33419,"comment_status":"closed","ping_status":"closed","template":"","meta":[],"product_brand":[],"product_cat":[29,48],"product_tag":[],"class_list":{"0":"post-33417","1":"product","2":"type-product","3":"status-publish","4":"has-post-thumbnail","6":"product_cat-sala","7":"product_cat-rack-painel","9":"first","10":"instock","11":"shipping-taxable","12":"product-type-simple"},"_links":{"self":[{"href":"https:\/\/tudomoveisbelem.com.br\/v19\/wp-json\/wp\/v2\/product\/33417","targetHints":{"allow":["GET"]}}],"collection":[{"href":"https:\/\/tudomoveisbelem.com.br\/v19\/wp-json\/wp\/v2\/product"}],"about":[{"href":"https:\/\/tudomoveisbelem.com.br\/v19\/wp-json\/wp\/v2\/types\/product"}],"replies":[{"embeddable":true,"href":"https:\/\/tudomoveisbelem.com.br\/v19\/wp-json\/wp\/v2\/comments?post=33417"}],"version-history":[{"count":2,"href":"https:\/\/tudomoveisbelem.com.br\/v19\/wp-json\/wp\/v2\/product\/33417\/revisions"}],"predecessor-version":[{"id":36817,"href":"https:\/\/tudomoveisbelem.com.br\/v19\/wp-json\/wp\/v2\/product\/33417\/revisions\/36817"}],"wp:featuredmedia":[{"embeddable":true,"href":"https:\/\/tudomoveisbelem.com.br\/v19\/wp-json\/wp\/v2\/media\/33419"}],"wp:attachment":[{"href":"https:\/\/tudomoveisbelem.com.br\/v19\/wp-json\/wp\/v2\/media?parent=33417"}],"wp:term":[{"taxonomy":"product_brand","embeddable":true,"href":"https:\/\/tudomoveisbelem.com.br\/v19\/wp-json\/wp\/v2\/product_brand?post=33417"},{"taxonomy":"product_cat","embeddable":true,"href":"https:\/\/tudomoveisbelem.com.br\/v19\/wp-json\/wp\/v2\/product_cat?post=33417"},{"taxonomy":"product_tag","embeddable":true,"href":"https:\/\/tudomoveisbelem.com.br\/v19\/wp-json\/wp\/v2\/product_tag?post=33417"}],"curies":[{"name":"wp","href":"https:\/\/api.w.org\/{rel}","templated":true}]}}