{"id":33413,"date":"2025-04-18T16:49:09","date_gmt":"2025-04-18T16:49:09","guid":{"rendered":"https:\/\/tudomoveisbelem.com.br\/v19\/?post_type=product&#038;p=33413"},"modified":"2025-04-18T16:49:10","modified_gmt":"2025-04-18T16:49:10","slug":"bancada-com-painel-ripado-com-led-para-tvs-ate-75-10x-de-r-22990","status":"publish","type":"product","link":"https:\/\/tudomoveisbelem.com.br\/v19\/produto\/bancada-com-painel-ripado-com-led-para-tvs-ate-75-10x-de-r-22990\/","title":{"rendered":"Bancada com Painel Ripado com Led para TVs at\u00e9 75&#8243; 10x de R$ 229,90"},"content":{"rendered":"<p>A Bancada e Painel ripado \u00e9 a defini\u00e7\u00e3o de eleg\u00e2ncia e sofistica\u00e7\u00e3o. Conta com detalhes em ripado aut\u00eantico resultando em um toque especial que acrescenta profundidade, deixando seu ambiente ainda mais moderno. Possui espa\u00e7o para aparelhos eletr\u00f4nicos, espa\u00e7o interno que \u00e9 perfeito para quem busca qualidade, estilo e funcionalidade! Acomoda uma TV de at\u00e9 75&#8243; polegadas. Ideal para sua sala de estar! Compre logo o seu.<\/p>\n<p>Diferenciais:<br \/>\n&#8211; 1 porta deslizante ripada;<br \/>\n&#8211; 2 prateleiras para aparelhos;<br \/>\n&#8211; Tampo chanfrado com linha de sombra;<br \/>\n&#8211; Painel com aba superior e inferior ripadas;<br \/>\n&#8211; Suporta TV de at\u00e9 75\u201d.<\/p>\n<p>Dimens\u00f5es Bancada:<br \/>\nLargura: 2.01 M<br \/>\nAltura: 0,58 CM<br \/>\nProfundidade: 0,38 CM<\/p>\n<p>Dimens\u00f5es Painel:<br \/>\nLargura: 2.01 M<br \/>\nAltura: 1.36 M<br \/>\nProfundidade: 0,45 CM<\/p>\n","protected":false},"excerpt":{"rendered":"<p>Por apenas 10x sem juros de <span style=\"color: #ff0000;\">R$229,90<\/span> no cart\u00e3o ou \u00e0 vista por <span style=\"color: #ff0000;\">R$2.299,00.<\/span><\/p>\n","protected":false},"featured_media":33415,"comment_status":"closed","ping_status":"closed","template":"","meta":[],"product_brand":[],"product_cat":[29,48],"product_tag":[],"class_list":{"0":"post-33413","1":"product","2":"type-product","3":"status-publish","4":"has-post-thumbnail","6":"product_cat-sala","7":"product_cat-rack-painel","9":"first","10":"instock","11":"shipping-taxable","12":"product-type-simple"},"_links":{"self":[{"href":"https:\/\/tudomoveisbelem.com.br\/v19\/wp-json\/wp\/v2\/product\/33413","targetHints":{"allow":["GET"]}}],"collection":[{"href":"https:\/\/tudomoveisbelem.com.br\/v19\/wp-json\/wp\/v2\/product"}],"about":[{"href":"https:\/\/tudomoveisbelem.com.br\/v19\/wp-json\/wp\/v2\/types\/product"}],"replies":[{"embeddable":true,"href":"https:\/\/tudomoveisbelem.com.br\/v19\/wp-json\/wp\/v2\/comments?post=33413"}],"version-history":[{"count":1,"href":"https:\/\/tudomoveisbelem.com.br\/v19\/wp-json\/wp\/v2\/product\/33413\/revisions"}],"predecessor-version":[{"id":33416,"href":"https:\/\/tudomoveisbelem.com.br\/v19\/wp-json\/wp\/v2\/product\/33413\/revisions\/33416"}],"wp:featuredmedia":[{"embeddable":true,"href":"https:\/\/tudomoveisbelem.com.br\/v19\/wp-json\/wp\/v2\/media\/33415"}],"wp:attachment":[{"href":"https:\/\/tudomoveisbelem.com.br\/v19\/wp-json\/wp\/v2\/media?parent=33413"}],"wp:term":[{"taxonomy":"product_brand","embeddable":true,"href":"https:\/\/tudomoveisbelem.com.br\/v19\/wp-json\/wp\/v2\/product_brand?post=33413"},{"taxonomy":"product_cat","embeddable":true,"href":"https:\/\/tudomoveisbelem.com.br\/v19\/wp-json\/wp\/v2\/product_cat?post=33413"},{"taxonomy":"product_tag","embeddable":true,"href":"https:\/\/tudomoveisbelem.com.br\/v19\/wp-json\/wp\/v2\/product_tag?post=33413"}],"curies":[{"name":"wp","href":"https:\/\/api.w.org\/{rel}","templated":true}]}}