{"id":33404,"date":"2025-04-18T16:41:02","date_gmt":"2025-04-18T16:41:02","guid":{"rendered":"https:\/\/tudomoveisbelem.com.br\/v19\/?post_type=product&#038;p=33404"},"modified":"2025-08-27T22:16:22","modified_gmt":"2025-08-27T22:16:22","slug":"home-ripado-para-tvs-ate-70-10x-de-r-19990","status":"publish","type":"product","link":"https:\/\/tudomoveisbelem.com.br\/v19\/produto\/home-ripado-para-tvs-ate-70-10x-de-r-19990\/","title":{"rendered":"Home Ripado para TVs at\u00e9 70&#8243;"},"content":{"rendered":"<p>Esse Home \u00e9 uma \u00f3tima op\u00e7\u00e3o para agregar beleza ao seu lar. Com uma est\u00e9tica contempor\u00e2nea, este m\u00f3vel est\u00e1 bem alinhado ao que<br \/>\nh\u00e1 de mais atual no design de interiores.<br \/>\n\u00c9 a escolha perfeita para quem busca sofistica\u00e7\u00e3o e funcionalidade na decora\u00e7\u00e3o da sala. Suporta TVs de at\u00e9 70 polegadas, conta com uma prateleira superior ideal para exibir itens decorativos e um nicho funcional para organizar aparelhos eletr\u00f4nicos.<br \/>\nCompacto e moderno, \u00e9 projetado para otimizar seu espa\u00e7o, unindo beleza e praticidade. Transforme sua sala com esse Home e desfrute de um ambiente organizado e cheio de estilo.<\/p>\n<p>Dimens\u00f5es:<br \/>\nLargura: 2.00 M<br \/>\nAltura: 1.88 M<br \/>\nProfundidade: 0,38 CM<\/p>\n<p>&nbsp;<\/p>\n<p>Por apenas 10x sem juros de <span style=\"color: #ff0000;\">R$199,90<\/span> no cart\u00e3o ou \u00e0 vista por <span style=\"color: #ff0000;\">R$1.999,00.<\/span><\/p>\n","protected":false},"excerpt":{"rendered":"<p>Esse Home \u00e9 uma \u00f3tima op\u00e7\u00e3o para agregar beleza ao seu lar. Com uma est\u00e9tica contempor\u00e2nea, este m\u00f3vel est\u00e1 bem alinhado ao que h\u00e1 de mais atual no design de interiores. \u00c9 a escolha perfeita para quem busca sofistica\u00e7\u00e3o e funcionalidade na decora\u00e7\u00e3o da sala. Suporta TVs de at\u00e9 70 polegadas, conta com uma prateleira &hellip; <a href=\"https:\/\/tudomoveisbelem.com.br\/v19\/produto\/home-ripado-para-tvs-ate-70-10x-de-r-19990\/\" class=\"more-link\">Continue lendo<span class=\"screen-reader-text\"> &#8220;Home Ripado para TVs at\u00e9 70&#8243;&#8221;<\/span><\/a><\/p>\n","protected":false},"featured_media":33407,"comment_status":"closed","ping_status":"closed","template":"","meta":[],"product_brand":[],"product_cat":[45,29],"product_tag":[],"class_list":{"0":"post-33404","1":"product","2":"type-product","3":"status-publish","4":"has-post-thumbnail","6":"product_cat-estante-home","7":"product_cat-sala","9":"first","10":"instock","11":"shipping-taxable","12":"product-type-simple"},"_links":{"self":[{"href":"https:\/\/tudomoveisbelem.com.br\/v19\/wp-json\/wp\/v2\/product\/33404","targetHints":{"allow":["GET"]}}],"collection":[{"href":"https:\/\/tudomoveisbelem.com.br\/v19\/wp-json\/wp\/v2\/product"}],"about":[{"href":"https:\/\/tudomoveisbelem.com.br\/v19\/wp-json\/wp\/v2\/types\/product"}],"replies":[{"embeddable":true,"href":"https:\/\/tudomoveisbelem.com.br\/v19\/wp-json\/wp\/v2\/comments?post=33404"}],"version-history":[{"count":3,"href":"https:\/\/tudomoveisbelem.com.br\/v19\/wp-json\/wp\/v2\/product\/33404\/revisions"}],"predecessor-version":[{"id":34902,"href":"https:\/\/tudomoveisbelem.com.br\/v19\/wp-json\/wp\/v2\/product\/33404\/revisions\/34902"}],"wp:featuredmedia":[{"embeddable":true,"href":"https:\/\/tudomoveisbelem.com.br\/v19\/wp-json\/wp\/v2\/media\/33407"}],"wp:attachment":[{"href":"https:\/\/tudomoveisbelem.com.br\/v19\/wp-json\/wp\/v2\/media?parent=33404"}],"wp:term":[{"taxonomy":"product_brand","embeddable":true,"href":"https:\/\/tudomoveisbelem.com.br\/v19\/wp-json\/wp\/v2\/product_brand?post=33404"},{"taxonomy":"product_cat","embeddable":true,"href":"https:\/\/tudomoveisbelem.com.br\/v19\/wp-json\/wp\/v2\/product_cat?post=33404"},{"taxonomy":"product_tag","embeddable":true,"href":"https:\/\/tudomoveisbelem.com.br\/v19\/wp-json\/wp\/v2\/product_tag?post=33404"}],"curies":[{"name":"wp","href":"https:\/\/api.w.org\/{rel}","templated":true}]}}