{"id":33385,"date":"2025-04-17T20:49:22","date_gmt":"2025-04-17T20:49:22","guid":{"rendered":"https:\/\/tudomoveisbelem.com.br\/v19\/?post_type=product&#038;p=33385"},"modified":"2025-04-25T13:03:33","modified_gmt":"2025-04-25T13:03:33","slug":"painel-1-porta-para-tvs-ate-70-10x-de-r-11990","status":"publish","type":"product","link":"https:\/\/tudomoveisbelem.com.br\/v19\/produto\/painel-1-porta-para-tvs-ate-70-10x-de-r-11990\/","title":{"rendered":"Painel 1 Porta para TVs at\u00e9 70&#8243; 10x de R$ 119,90"},"content":{"rendered":"<p>Um Painel que combina design contempor\u00e2neo com funcionalidade, sendo ideal para espa\u00e7os compactos. Com nicho inferior e porta basculante central, oferece organiza\u00e7\u00e3o e estilo. Detalhes como o puxador dourado, nichos laterais para eletr\u00f4nicos e acabamento ripado no topo com prateleira chanfrada destacam a eleg\u00e2ncia da pe\u00e7a. Suporta TVs de at\u00e9 70&#8243; (at\u00e9 40kg) e conta com fixa\u00e7\u00e3o na parede para mais seguran\u00e7a. Um m\u00f3vel sofisticado que transforma qualquer ambiente com charme e modernidade.<\/p>\n<p>Dimens\u00f5es:<br \/>\nAltura: 1.52 M<br \/>\nLargura: 1.76 M<br \/>\nProfundidade: 0,37 CM<\/p>\n","protected":false},"excerpt":{"rendered":"<p>Por apenas 10x sem juros de <span style=\"color: #ff0000;\">R$119,90<\/span> no cart\u00e3o ou \u00e0 vista por <span style=\"color: #ff0000;\">R$1.199,00.<\/span><\/p>\n","protected":false},"featured_media":33389,"comment_status":"closed","ping_status":"closed","template":"","meta":[],"product_brand":[],"product_cat":[29,44],"product_tag":[],"class_list":{"0":"post-33385","1":"product","2":"type-product","3":"status-publish","4":"has-post-thumbnail","6":"product_cat-sala","7":"product_cat-paineis","9":"first","10":"instock","11":"shipping-taxable","12":"product-type-simple"},"_links":{"self":[{"href":"https:\/\/tudomoveisbelem.com.br\/v19\/wp-json\/wp\/v2\/product\/33385","targetHints":{"allow":["GET"]}}],"collection":[{"href":"https:\/\/tudomoveisbelem.com.br\/v19\/wp-json\/wp\/v2\/product"}],"about":[{"href":"https:\/\/tudomoveisbelem.com.br\/v19\/wp-json\/wp\/v2\/types\/product"}],"replies":[{"embeddable":true,"href":"https:\/\/tudomoveisbelem.com.br\/v19\/wp-json\/wp\/v2\/comments?post=33385"}],"version-history":[{"count":1,"href":"https:\/\/tudomoveisbelem.com.br\/v19\/wp-json\/wp\/v2\/product\/33385\/revisions"}],"predecessor-version":[{"id":33390,"href":"https:\/\/tudomoveisbelem.com.br\/v19\/wp-json\/wp\/v2\/product\/33385\/revisions\/33390"}],"wp:featuredmedia":[{"embeddable":true,"href":"https:\/\/tudomoveisbelem.com.br\/v19\/wp-json\/wp\/v2\/media\/33389"}],"wp:attachment":[{"href":"https:\/\/tudomoveisbelem.com.br\/v19\/wp-json\/wp\/v2\/media?parent=33385"}],"wp:term":[{"taxonomy":"product_brand","embeddable":true,"href":"https:\/\/tudomoveisbelem.com.br\/v19\/wp-json\/wp\/v2\/product_brand?post=33385"},{"taxonomy":"product_cat","embeddable":true,"href":"https:\/\/tudomoveisbelem.com.br\/v19\/wp-json\/wp\/v2\/product_cat?post=33385"},{"taxonomy":"product_tag","embeddable":true,"href":"https:\/\/tudomoveisbelem.com.br\/v19\/wp-json\/wp\/v2\/product_tag?post=33385"}],"curies":[{"name":"wp","href":"https:\/\/api.w.org\/{rel}","templated":true}]}}