{"id":33350,"date":"2025-04-07T20:59:21","date_gmt":"2025-04-07T20:59:21","guid":{"rendered":"https:\/\/tudomoveisbelem.com.br\/v19\/?post_type=product&#038;p=33350"},"modified":"2025-04-07T20:59:21","modified_gmt":"2025-04-07T20:59:21","slug":"roupeiro-solteiro-com-4-portas-3-gavetas-10x-de-r-12990","status":"publish","type":"product","link":"https:\/\/tudomoveisbelem.com.br\/v19\/produto\/roupeiro-solteiro-com-4-portas-3-gavetas-10x-de-r-12990\/","title":{"rendered":"Roupeiro Solteiro com 4 Portas 3 Gavetas 10x de R$ 129,90"},"content":{"rendered":"<p>Se o seu desejo \u00e9 dar uma renovada em seu lar, j\u00e1 passou da hora de voc\u00ea conhecer o Roupeiro Solteiro com 4 Portas 3 Gavetas.<br \/>\nEle ser pensado para poder lhe auxiliar na organiza\u00e7\u00e3o do seu ambiente, tudo gra\u00e7as as 4 portas e 3 gavetas presentes no mobili\u00e1rio. Com esses compartimentos internos voc\u00ea vai conseguir arrumar as suas roupas e cal\u00e7ados com uma facilidade muito maior e trazer para sua rotina ainda mais praticidade! N\u00e3o deixe essa chance passar, compre j\u00e1 o seu!<\/p>\n<p>Dimens\u00f5es:<br \/>\nAltura: 1.80 M<br \/>\nLargura: 1.08 M<br \/>\nProfundidade: 0,40 CM<\/p>\n","protected":false},"excerpt":{"rendered":"<p>Por apenas 10x sem juros de <span style=\"color: #ff0000;\">R$129,90<\/span> no cart\u00e3o ou \u00e0 vista por <span style=\"color: #ff0000;\">R$1.299,00.<\/span><\/p>\n","protected":false},"featured_media":33354,"comment_status":"closed","ping_status":"closed","template":"","meta":[],"product_brand":[],"product_cat":[74,42,23],"product_tag":[],"class_list":{"0":"post-33350","1":"product","2":"type-product","3":"status-publish","4":"has-post-thumbnail","6":"product_cat-comoda","7":"product_cat-moveis-de-quarto","8":"product_cat-colchoes","10":"first","11":"instock","12":"shipping-taxable","13":"product-type-simple"},"_links":{"self":[{"href":"https:\/\/tudomoveisbelem.com.br\/v19\/wp-json\/wp\/v2\/product\/33350","targetHints":{"allow":["GET"]}}],"collection":[{"href":"https:\/\/tudomoveisbelem.com.br\/v19\/wp-json\/wp\/v2\/product"}],"about":[{"href":"https:\/\/tudomoveisbelem.com.br\/v19\/wp-json\/wp\/v2\/types\/product"}],"replies":[{"embeddable":true,"href":"https:\/\/tudomoveisbelem.com.br\/v19\/wp-json\/wp\/v2\/comments?post=33350"}],"version-history":[{"count":1,"href":"https:\/\/tudomoveisbelem.com.br\/v19\/wp-json\/wp\/v2\/product\/33350\/revisions"}],"predecessor-version":[{"id":33357,"href":"https:\/\/tudomoveisbelem.com.br\/v19\/wp-json\/wp\/v2\/product\/33350\/revisions\/33357"}],"wp:featuredmedia":[{"embeddable":true,"href":"https:\/\/tudomoveisbelem.com.br\/v19\/wp-json\/wp\/v2\/media\/33354"}],"wp:attachment":[{"href":"https:\/\/tudomoveisbelem.com.br\/v19\/wp-json\/wp\/v2\/media?parent=33350"}],"wp:term":[{"taxonomy":"product_brand","embeddable":true,"href":"https:\/\/tudomoveisbelem.com.br\/v19\/wp-json\/wp\/v2\/product_brand?post=33350"},{"taxonomy":"product_cat","embeddable":true,"href":"https:\/\/tudomoveisbelem.com.br\/v19\/wp-json\/wp\/v2\/product_cat?post=33350"},{"taxonomy":"product_tag","embeddable":true,"href":"https:\/\/tudomoveisbelem.com.br\/v19\/wp-json\/wp\/v2\/product_tag?post=33350"}],"curies":[{"name":"wp","href":"https:\/\/api.w.org\/{rel}","templated":true}]}}