{"id":33324,"date":"2025-04-07T20:24:10","date_gmt":"2025-04-07T20:24:10","guid":{"rendered":"https:\/\/tudomoveisbelem.com.br\/v19\/?post_type=product&#038;p=33324"},"modified":"2025-04-07T20:35:32","modified_gmt":"2025-04-07T20:35:32","slug":"comoda-compacto-10-gavetas-10x-de-r-7990","status":"publish","type":"product","link":"https:\/\/tudomoveisbelem.com.br\/v19\/produto\/comoda-compacto-10-gavetas-10x-de-r-7990\/","title":{"rendered":"C\u00f4moda Compacto 10 Gavetas 10x de R$ 79,90"},"content":{"rendered":"<p>Projetada n\u00e3o apenas para sua organiza\u00e7\u00e3o como tamb\u00e9m para a composi\u00e7\u00e3o do seu ambiente, trazendo sofistica\u00e7\u00e3o para qualquer estilo. Confira todas as qualidades de ter um m\u00f3vel vers\u00e1til com a C\u00f4moda Compacta 10 Gavetas.<br \/>\nO seu design descomplicado pode ser facilmente adaptado a qualquer tipo de decora\u00e7\u00e3o que escolher, permitindo muitas combina\u00e7\u00f5es diferentes! E veja s\u00f3 essas suas 10 gavetas, al\u00e9m de serem capazes de um bom espa\u00e7o de armazenamento, tamb\u00e9m podem manter cada pe\u00e7a no seu espa\u00e7o adequado. Perfeito, n\u00e3o \u00e9?<br \/>\nE a\u00ed, amou? N\u00e3o perca mais tempo! Garanta a sua aqui conosco!<\/p>\n<p>Dimens\u00f5es:<br \/>\nAltura: 0, 91 M<br \/>\nLargura: 0,90 CM<br \/>\nProfundidade: 0,35 CM<\/p>\n","protected":false},"excerpt":{"rendered":"<p>Por apenas 10x sem juros de <span style=\"color: #ff0000;\">R$79,90<\/span> no cart\u00e3o ou \u00e0 vista por <span style=\"color: #ff0000;\">R$799,00.<\/span><\/p>\n","protected":false},"featured_media":33327,"comment_status":"closed","ping_status":"closed","template":"","meta":[],"product_brand":[],"product_cat":[74,42,23],"product_tag":[],"class_list":{"0":"post-33324","1":"product","2":"type-product","3":"status-publish","4":"has-post-thumbnail","6":"product_cat-comoda","7":"product_cat-moveis-de-quarto","8":"product_cat-colchoes","10":"first","11":"instock","12":"shipping-taxable","13":"product-type-simple"},"_links":{"self":[{"href":"https:\/\/tudomoveisbelem.com.br\/v19\/wp-json\/wp\/v2\/product\/33324","targetHints":{"allow":["GET"]}}],"collection":[{"href":"https:\/\/tudomoveisbelem.com.br\/v19\/wp-json\/wp\/v2\/product"}],"about":[{"href":"https:\/\/tudomoveisbelem.com.br\/v19\/wp-json\/wp\/v2\/types\/product"}],"replies":[{"embeddable":true,"href":"https:\/\/tudomoveisbelem.com.br\/v19\/wp-json\/wp\/v2\/comments?post=33324"}],"version-history":[{"count":1,"href":"https:\/\/tudomoveisbelem.com.br\/v19\/wp-json\/wp\/v2\/product\/33324\/revisions"}],"predecessor-version":[{"id":33329,"href":"https:\/\/tudomoveisbelem.com.br\/v19\/wp-json\/wp\/v2\/product\/33324\/revisions\/33329"}],"wp:featuredmedia":[{"embeddable":true,"href":"https:\/\/tudomoveisbelem.com.br\/v19\/wp-json\/wp\/v2\/media\/33327"}],"wp:attachment":[{"href":"https:\/\/tudomoveisbelem.com.br\/v19\/wp-json\/wp\/v2\/media?parent=33324"}],"wp:term":[{"taxonomy":"product_brand","embeddable":true,"href":"https:\/\/tudomoveisbelem.com.br\/v19\/wp-json\/wp\/v2\/product_brand?post=33324"},{"taxonomy":"product_cat","embeddable":true,"href":"https:\/\/tudomoveisbelem.com.br\/v19\/wp-json\/wp\/v2\/product_cat?post=33324"},{"taxonomy":"product_tag","embeddable":true,"href":"https:\/\/tudomoveisbelem.com.br\/v19\/wp-json\/wp\/v2\/product_tag?post=33324"}],"curies":[{"name":"wp","href":"https:\/\/api.w.org\/{rel}","templated":true}]}}