{"id":33319,"date":"2025-04-07T20:17:48","date_gmt":"2025-04-07T20:17:48","guid":{"rendered":"https:\/\/tudomoveisbelem.com.br\/v19\/?post_type=product&#038;p=33319"},"modified":"2025-04-07T20:35:50","modified_gmt":"2025-04-07T20:35:50","slug":"comoda-5-gavetas-10x-de-r-6990","status":"publish","type":"product","link":"https:\/\/tudomoveisbelem.com.br\/v19\/produto\/comoda-5-gavetas-10x-de-r-6990\/","title":{"rendered":"C\u00f4moda 5 Gavetas 10x de R$ 69,90"},"content":{"rendered":"<p>Est\u00e1 a fim de mudar o visual da sua casa? Ent\u00e3o conhe\u00e7a a incr\u00edvel C\u00f4moda 5 Gavetas e apaixone-se por ela!<br \/>\nEla conta com acabamento em pintura UV para ficar mais bonito e garantir uma vida \u00fatil mais longa, proporcionando para voc\u00ea um custo-benef\u00edcio sensacional! Outro ponto positivo dessa C\u00f4moda \u00e9 o fato dela contar com 5 gavetas maravilhosas para voc\u00ea ter a oportunidade de melhorar a organiza\u00e7\u00e3o do seu quarto, utilizando esses compartimentos para arrumar roupas, meias e acess\u00f3rios voc\u00ea com certeza ter\u00e1 mais funcionalidade e praticidade nos seus dias! N\u00e3o fique de fora dessa, compre j\u00e1 a sua e aproveite muito!<\/p>\n<p>Dimens\u00f5es:<br \/>\nAltura: 1.00 M<br \/>\nLargura: 0,58 CM<br \/>\nProfundidade: 0,42 CM<\/p>\n","protected":false},"excerpt":{"rendered":"<p>Por apenas 10x sem juros de <span style=\"color: #ff0000;\">R$69,90<\/span> no cart\u00e3o ou \u00e0 vista por <span style=\"color: #ff0000;\">R$699,00.<\/span><\/p>\n","protected":false},"featured_media":33320,"comment_status":"closed","ping_status":"closed","template":"","meta":[],"product_brand":[],"product_cat":[74,42,23],"product_tag":[],"class_list":{"0":"post-33319","1":"product","2":"type-product","3":"status-publish","4":"has-post-thumbnail","6":"product_cat-comoda","7":"product_cat-moveis-de-quarto","8":"product_cat-colchoes","10":"first","11":"instock","12":"shipping-taxable","13":"product-type-simple"},"_links":{"self":[{"href":"https:\/\/tudomoveisbelem.com.br\/v19\/wp-json\/wp\/v2\/product\/33319","targetHints":{"allow":["GET"]}}],"collection":[{"href":"https:\/\/tudomoveisbelem.com.br\/v19\/wp-json\/wp\/v2\/product"}],"about":[{"href":"https:\/\/tudomoveisbelem.com.br\/v19\/wp-json\/wp\/v2\/types\/product"}],"replies":[{"embeddable":true,"href":"https:\/\/tudomoveisbelem.com.br\/v19\/wp-json\/wp\/v2\/comments?post=33319"}],"version-history":[{"count":1,"href":"https:\/\/tudomoveisbelem.com.br\/v19\/wp-json\/wp\/v2\/product\/33319\/revisions"}],"predecessor-version":[{"id":33323,"href":"https:\/\/tudomoveisbelem.com.br\/v19\/wp-json\/wp\/v2\/product\/33319\/revisions\/33323"}],"wp:featuredmedia":[{"embeddable":true,"href":"https:\/\/tudomoveisbelem.com.br\/v19\/wp-json\/wp\/v2\/media\/33320"}],"wp:attachment":[{"href":"https:\/\/tudomoveisbelem.com.br\/v19\/wp-json\/wp\/v2\/media?parent=33319"}],"wp:term":[{"taxonomy":"product_brand","embeddable":true,"href":"https:\/\/tudomoveisbelem.com.br\/v19\/wp-json\/wp\/v2\/product_brand?post=33319"},{"taxonomy":"product_cat","embeddable":true,"href":"https:\/\/tudomoveisbelem.com.br\/v19\/wp-json\/wp\/v2\/product_cat?post=33319"},{"taxonomy":"product_tag","embeddable":true,"href":"https:\/\/tudomoveisbelem.com.br\/v19\/wp-json\/wp\/v2\/product_tag?post=33319"}],"curies":[{"name":"wp","href":"https:\/\/api.w.org\/{rel}","templated":true}]}}