{"id":32948,"date":"2025-03-20T20:35:32","date_gmt":"2025-03-20T20:35:32","guid":{"rendered":"https:\/\/tudomoveisbelem.com.br\/v19\/?post_type=product&#038;p=32948"},"modified":"2026-03-12T13:24:43","modified_gmt":"2026-03-12T13:24:43","slug":"roupeiro-casal-100-mdf-2-portas-espelhadas-10x-de-47990","status":"publish","type":"product","link":"https:\/\/tudomoveisbelem.com.br\/v19\/produto\/roupeiro-casal-100-mdf-2-portas-espelhadas-10x-de-47990\/","title":{"rendered":"Roupeiro Casal 100% MDF 2 Portas Espelhadas Por apenas 12x de R$ 433,25 sem juros no cart\u00e3o"},"content":{"rendered":"<p>O roupeiro Ares \u00e9 moderno e funcional, com um interno repleto de nichos, reparti\u00e7\u00f5es e gavetas \u00e9 o sonho de consumo de qualquer um. Possui tubos cabideiros para vestidos e pe\u00e7as longas, espa\u00e7o para camisas e calceiro. 4 gavetas espa\u00e7osas de corredi\u00e7as telesc\u00f3picas e divis\u00f3rias para sapatos, travesseiros e cobertores. Com nichos organizadores que otimizam o espa\u00e7o e facilitam a organiza\u00e7\u00e3o. Ideal para seu lar, ent\u00e3o, compre logo o seu!<\/p>\n<p>Caracter\u00edsticas:<br \/>\n&#8211; Portas revers\u00edveis;<br \/>\n&#8211; Portas de ripas aut\u00eanticas;<br \/>\n&#8211; Duas reparti\u00e7\u00f5es para sapatos;<br \/>\n&#8211; Nichos inteligentes para otimizar espa\u00e7o;<br \/>\n&#8211; Cabideiros para camisas, vestidos e cal\u00e7as;<br \/>\n&#8211; 4 gavetas com corredi\u00e7as telesc\u00f3picas;<br \/>\n&#8211; Prateleiras superiores para melhor organiza\u00e7\u00e3o.<\/p>\n<p>Dimens\u00f5es:<br \/>\nAltura: 2.43 M<br \/>\nLargura: 2.40 M<br \/>\nProfundidade: 0,55 CM<\/p>\n<p>&nbsp;<\/p>\n<p>&nbsp;<\/p>\n<p>Por apenas 12x de R$ 433,25 sem juros no cart\u00e3o ou \u00e0 vista por R$ 5.199,00.<\/p>\n","protected":false},"excerpt":{"rendered":"<p>O roupeiro Ares \u00e9 moderno e funcional, com um interno repleto de nichos, reparti\u00e7\u00f5es e gavetas \u00e9 o sonho de consumo de qualquer um. Possui tubos cabideiros para vestidos e pe\u00e7as longas, espa\u00e7o para camisas e calceiro. 4 gavetas espa\u00e7osas de corredi\u00e7as telesc\u00f3picas e divis\u00f3rias para sapatos, travesseiros e cobertores. Com nichos organizadores que otimizam &hellip; <a href=\"https:\/\/tudomoveisbelem.com.br\/v19\/produto\/roupeiro-casal-100-mdf-2-portas-espelhadas-10x-de-47990\/\" class=\"more-link\">Continue lendo<span class=\"screen-reader-text\"> &#8220;Roupeiro Casal 100% MDF 2 Portas Espelhadas Por apenas 12x de R$ 433,25 sem juros no cart\u00e3o&#8221;<\/span><\/a><\/p>\n","protected":false},"featured_media":32952,"comment_status":"closed","ping_status":"closed","template":"","meta":[],"product_brand":[],"product_cat":[42,23,41],"product_tag":[],"class_list":{"0":"post-32948","1":"product","2":"type-product","3":"status-publish","4":"has-post-thumbnail","6":"product_cat-moveis-de-quarto","7":"product_cat-colchoes","8":"product_cat-roupeiros","10":"first","11":"instock","12":"shipping-taxable","13":"product-type-simple"},"_links":{"self":[{"href":"https:\/\/tudomoveisbelem.com.br\/v19\/wp-json\/wp\/v2\/product\/32948","targetHints":{"allow":["GET"]}}],"collection":[{"href":"https:\/\/tudomoveisbelem.com.br\/v19\/wp-json\/wp\/v2\/product"}],"about":[{"href":"https:\/\/tudomoveisbelem.com.br\/v19\/wp-json\/wp\/v2\/types\/product"}],"replies":[{"embeddable":true,"href":"https:\/\/tudomoveisbelem.com.br\/v19\/wp-json\/wp\/v2\/comments?post=32948"}],"version-history":[{"count":5,"href":"https:\/\/tudomoveisbelem.com.br\/v19\/wp-json\/wp\/v2\/product\/32948\/revisions"}],"predecessor-version":[{"id":37040,"href":"https:\/\/tudomoveisbelem.com.br\/v19\/wp-json\/wp\/v2\/product\/32948\/revisions\/37040"}],"wp:featuredmedia":[{"embeddable":true,"href":"https:\/\/tudomoveisbelem.com.br\/v19\/wp-json\/wp\/v2\/media\/32952"}],"wp:attachment":[{"href":"https:\/\/tudomoveisbelem.com.br\/v19\/wp-json\/wp\/v2\/media?parent=32948"}],"wp:term":[{"taxonomy":"product_brand","embeddable":true,"href":"https:\/\/tudomoveisbelem.com.br\/v19\/wp-json\/wp\/v2\/product_brand?post=32948"},{"taxonomy":"product_cat","embeddable":true,"href":"https:\/\/tudomoveisbelem.com.br\/v19\/wp-json\/wp\/v2\/product_cat?post=32948"},{"taxonomy":"product_tag","embeddable":true,"href":"https:\/\/tudomoveisbelem.com.br\/v19\/wp-json\/wp\/v2\/product_tag?post=32948"}],"curies":[{"name":"wp","href":"https:\/\/api.w.org\/{rel}","templated":true}]}}