{"id":32922,"date":"2025-03-20T20:14:08","date_gmt":"2025-03-20T20:14:08","guid":{"rendered":"https:\/\/tudomoveisbelem.com.br\/v19\/?post_type=product&#038;p=32922"},"modified":"2025-03-20T20:14:08","modified_gmt":"2025-03-20T20:14:08","slug":"rack-100-mdf-3-gavetas-com-led-e-pes-em-madeira-macica-10x-de-r-18990","status":"publish","type":"product","link":"https:\/\/tudomoveisbelem.com.br\/v19\/produto\/rack-100-mdf-3-gavetas-com-led-e-pes-em-madeira-macica-10x-de-r-18990\/","title":{"rendered":"Rack 100% MDF 3 Gavetas com Led e P\u00e9s em Madeira Maci\u00e7a 10x de R$ 189,90"},"content":{"rendered":"<p>O Rack Requinte \u00e9 a pe\u00e7a ideal para quem deseja modernidade e sofistica\u00e7\u00e3o em sua sala de estar. Com led em luz quente com difusor na parte superior e inferior do nicho, o item proporciona sensa\u00e7\u00e3o de aconchego para o seu ambiente, com bordas chanfradas e laqueadas, o nicho tamb\u00e9m conta com divis\u00f3rias em vidro de 8mm, gavetas chanfradas com bordas laqueadas e p\u00e9s em madeira maci\u00e7a com detalhes abaulados. N\u00e3o perde mais tempo e vem adquirir o seu aqui!<\/p>\n<p>Caracter\u00edsticas:<br \/>\n&#8211; Divis\u00f3rias em vidro de 8mm;<br \/>\n&#8211; Gavetas de design flutuante;<br \/>\n&#8211; LED em cor quente;<br \/>\n&#8211; Gavetas com corredi\u00e7as telesc\u00f3picas.<\/p>\n<p>Dimens\u00f5es:<br \/>\nAltura: 0,58 M<br \/>\nLargura: 2.11 M<br \/>\nProfundidade: 0,38 CM<\/p>\n","protected":false},"excerpt":{"rendered":"<p>Por apenas 10x sem juros de <span style=\"color: #ff0000;\">R$189,90<\/span> no cart\u00e3o ou \u00e0 vista por <span style=\"color: #ff0000;\">R$1.899,00.<\/span><\/p>\n","protected":false},"featured_media":32926,"comment_status":"closed","ping_status":"closed","template":"","meta":[],"product_brand":[],"product_cat":[43],"product_tag":[],"class_list":{"0":"post-32922","1":"product","2":"type-product","3":"status-publish","4":"has-post-thumbnail","6":"product_cat-racks","8":"first","9":"instock","10":"shipping-taxable","11":"product-type-simple"},"_links":{"self":[{"href":"https:\/\/tudomoveisbelem.com.br\/v19\/wp-json\/wp\/v2\/product\/32922","targetHints":{"allow":["GET"]}}],"collection":[{"href":"https:\/\/tudomoveisbelem.com.br\/v19\/wp-json\/wp\/v2\/product"}],"about":[{"href":"https:\/\/tudomoveisbelem.com.br\/v19\/wp-json\/wp\/v2\/types\/product"}],"replies":[{"embeddable":true,"href":"https:\/\/tudomoveisbelem.com.br\/v19\/wp-json\/wp\/v2\/comments?post=32922"}],"version-history":[{"count":1,"href":"https:\/\/tudomoveisbelem.com.br\/v19\/wp-json\/wp\/v2\/product\/32922\/revisions"}],"predecessor-version":[{"id":32928,"href":"https:\/\/tudomoveisbelem.com.br\/v19\/wp-json\/wp\/v2\/product\/32922\/revisions\/32928"}],"wp:featuredmedia":[{"embeddable":true,"href":"https:\/\/tudomoveisbelem.com.br\/v19\/wp-json\/wp\/v2\/media\/32926"}],"wp:attachment":[{"href":"https:\/\/tudomoveisbelem.com.br\/v19\/wp-json\/wp\/v2\/media?parent=32922"}],"wp:term":[{"taxonomy":"product_brand","embeddable":true,"href":"https:\/\/tudomoveisbelem.com.br\/v19\/wp-json\/wp\/v2\/product_brand?post=32922"},{"taxonomy":"product_cat","embeddable":true,"href":"https:\/\/tudomoveisbelem.com.br\/v19\/wp-json\/wp\/v2\/product_cat?post=32922"},{"taxonomy":"product_tag","embeddable":true,"href":"https:\/\/tudomoveisbelem.com.br\/v19\/wp-json\/wp\/v2\/product_tag?post=32922"}],"curies":[{"name":"wp","href":"https:\/\/api.w.org\/{rel}","templated":true}]}}