{"id":32720,"date":"2025-03-04T14:13:36","date_gmt":"2025-03-04T14:13:36","guid":{"rendered":"https:\/\/tudomoveisbelem.com.br\/v19\/?post_type=product&#038;p=32720"},"modified":"2025-09-10T16:55:51","modified_gmt":"2025-09-10T16:55:51","slug":"kit-cozinha-mdf-6-portas-1-gaveta-10x-de-r-11000","status":"publish","type":"product","link":"https:\/\/tudomoveisbelem.com.br\/v19\/produto\/kit-cozinha-mdf-6-portas-1-gaveta-10x-de-r-11000\/","title":{"rendered":"Kit Cozinha MDF 6 Portas 1 Gaveta"},"content":{"rendered":"<p>\ud83d\udea8\u2728 KIT COZINHA MDF \u2013 6 PORTAS + 1 GAVETA \u2728\ud83d\udea8<\/p>\n<p>Compacta no tamanho, mas gigante em praticidade e estilo! \ud83d\ude0d<br \/>\nEssa cozinha \u00e9 perfeita para organizar seus utens\u00edlios sem abrir m\u00e3o da modernidade.<\/p>\n<p>\u2705 Design funcional e compacto<br \/>\n\u2705 6 portas (1 basculante) + 1 gaveta com corredi\u00e7a met\u00e1lica<br \/>\n\u2705 Prateleiras internas para melhor organiza\u00e7\u00e3o<br \/>\n\u2705 Estrutura refor\u00e7ada em MDF com pintura UV<br \/>\n\u2705 5 p\u00e9s de apoio para estabilidade<br \/>\n\u2705 Cores modernas e sofisticadas<\/p>\n<p>\ud83d\udccf Dimens\u00f5es:<\/p>\n<p>Altura: 1,84 M \/ Largura: 1,20 M \/ Profundidade: 0,38 M<\/p>\n<p>\ud83d\udcb3 Apenas 10x de<span style=\"color: #ff0000;\"> R$119,90<\/span> sem juros<br \/>\n\ud83d\udc49 ou <span style=\"color: #ff0000;\">R$1.199,00<\/span> \u00e0 vista<\/p>\n<p>\ud83d\ude9a Entrega e montagem gr\u00e1tis em Bel\u00e9m, Ananindeua e Marituba.<br \/>\n\ud83d\udcac Compre pelo WhatsApp e pague s\u00f3 na entrega!<\/p>\n<p>\u2728 Mais espa\u00e7o, mais organiza\u00e7\u00e3o e mais estilo para sua cozinha! \u2728<\/p>\n","protected":false},"excerpt":{"rendered":"<p>Por apenas 10x sem juros de <span style=\"color: #ff0000;\">R$110,00<\/span> no cart\u00e3o ou \u00e0 vista por <span style=\"color: #ff0000;\">R$1.100,00.<\/span><\/p>\n","protected":false},"featured_media":32726,"comment_status":"closed","ping_status":"closed","template":"","meta":[],"product_brand":[],"product_cat":[22],"product_tag":[],"class_list":{"0":"post-32720","1":"product","2":"type-product","3":"status-publish","4":"has-post-thumbnail","6":"product_cat-moveis","8":"first","9":"instock","10":"shipping-taxable","11":"product-type-simple"},"_links":{"self":[{"href":"https:\/\/tudomoveisbelem.com.br\/v19\/wp-json\/wp\/v2\/product\/32720","targetHints":{"allow":["GET"]}}],"collection":[{"href":"https:\/\/tudomoveisbelem.com.br\/v19\/wp-json\/wp\/v2\/product"}],"about":[{"href":"https:\/\/tudomoveisbelem.com.br\/v19\/wp-json\/wp\/v2\/types\/product"}],"replies":[{"embeddable":true,"href":"https:\/\/tudomoveisbelem.com.br\/v19\/wp-json\/wp\/v2\/comments?post=32720"}],"version-history":[{"count":3,"href":"https:\/\/tudomoveisbelem.com.br\/v19\/wp-json\/wp\/v2\/product\/32720\/revisions"}],"predecessor-version":[{"id":35117,"href":"https:\/\/tudomoveisbelem.com.br\/v19\/wp-json\/wp\/v2\/product\/32720\/revisions\/35117"}],"wp:featuredmedia":[{"embeddable":true,"href":"https:\/\/tudomoveisbelem.com.br\/v19\/wp-json\/wp\/v2\/media\/32726"}],"wp:attachment":[{"href":"https:\/\/tudomoveisbelem.com.br\/v19\/wp-json\/wp\/v2\/media?parent=32720"}],"wp:term":[{"taxonomy":"product_brand","embeddable":true,"href":"https:\/\/tudomoveisbelem.com.br\/v19\/wp-json\/wp\/v2\/product_brand?post=32720"},{"taxonomy":"product_cat","embeddable":true,"href":"https:\/\/tudomoveisbelem.com.br\/v19\/wp-json\/wp\/v2\/product_cat?post=32720"},{"taxonomy":"product_tag","embeddable":true,"href":"https:\/\/tudomoveisbelem.com.br\/v19\/wp-json\/wp\/v2\/product_tag?post=32720"}],"curies":[{"name":"wp","href":"https:\/\/api.w.org\/{rel}","templated":true}]}}