{"id":32684,"date":"2025-02-25T20:13:12","date_gmt":"2025-02-25T20:13:12","guid":{"rendered":"https:\/\/tudomoveisbelem.com.br\/v19\/?post_type=product&#038;p=32684"},"modified":"2026-03-30T15:58:42","modified_gmt":"2026-03-30T15:58:42","slug":"sofa-2-e-3-lugares-com-bracos-almofadados-10x-de-r-31990","status":"publish","type":"product","link":"https:\/\/tudomoveisbelem.com.br\/v19\/produto\/sofa-2-e-3-lugares-com-bracos-almofadados-10x-de-r-31990\/","title":{"rendered":"Sof\u00e1 2 e 3 Lugares com Bra\u00e7os Almofadados 10x sem juros de R$319,90."},"content":{"rendered":"<p>Este conjunto de sof\u00e1 de 2 e 3 lugares, \u00e9 a combina\u00e7\u00e3o perfeita de conforto e sofistica\u00e7\u00e3o para sua sala de estar. Com design moderno e funcional, ele \u00e9 ideal para aproveitar momentos de descanso e lazer em fam\u00edlia ou com amigos. A estrutura em madeira de eucalipto reflorestado garante durabilidade, enquanto o estofado com espuma de alta qualidade e revestimento 100% suede proporciona um toque macio e confort\u00e1vel. Perfeito para quem busca praticidade e eleg\u00e2ncia, este \u00e9 a escolha ideal para tornar seu ambiente ainda mais aconchegante e estiloso.<\/p>\n<p>Dimens\u00f5es 2 Lugares:<br \/>\nAltura: 0,88 CM<br \/>\nLargura: 1.65 M<br \/>\nProfundidade: 0,82 CM<\/p>\n<p>Dimens\u00f5es 3 Lugares:<br \/>\nAltura: 0,88 CM<br \/>\nLargura: 1.95 M<br \/>\nProfundidade: 0,82 CM<\/p>\n<p>&nbsp;<\/p>\n<p>&nbsp;<\/p>\n<p>De R$ 3.900 Por apenas 10x sem juros de<span style=\"color: #ff0000;\"> R$319,90<\/span> no cart\u00e3o ou \u00e0 vista por <span style=\"color: #ff0000;\">R$3.199,00.<\/span><\/p>\n","protected":false},"excerpt":{"rendered":"<p>Este conjunto de sof\u00e1 de 2 e 3 lugares, \u00e9 a combina\u00e7\u00e3o perfeita de conforto e sofistica\u00e7\u00e3o para sua sala de estar. Com design moderno e funcional, ele \u00e9 ideal para aproveitar momentos de descanso e lazer em fam\u00edlia ou com amigos. A estrutura em madeira de eucalipto reflorestado garante durabilidade, enquanto o estofado com &hellip; <a href=\"https:\/\/tudomoveisbelem.com.br\/v19\/produto\/sofa-2-e-3-lugares-com-bracos-almofadados-10x-de-r-31990\/\" class=\"more-link\">Continue lendo<span class=\"screen-reader-text\"> &#8220;Sof\u00e1 2 e 3 Lugares com Bra\u00e7os Almofadados 10x sem juros de R$319,90.&#8221;<\/span><\/a><\/p>\n","protected":false},"featured_media":32686,"comment_status":"closed","ping_status":"closed","template":"","meta":[],"product_brand":[],"product_cat":[30],"product_tag":[],"class_list":{"0":"post-32684","1":"product","2":"type-product","3":"status-publish","4":"has-post-thumbnail","6":"product_cat-sofas","8":"first","9":"instock","10":"shipping-taxable","11":"product-type-simple"},"_links":{"self":[{"href":"https:\/\/tudomoveisbelem.com.br\/v19\/wp-json\/wp\/v2\/product\/32684","targetHints":{"allow":["GET"]}}],"collection":[{"href":"https:\/\/tudomoveisbelem.com.br\/v19\/wp-json\/wp\/v2\/product"}],"about":[{"href":"https:\/\/tudomoveisbelem.com.br\/v19\/wp-json\/wp\/v2\/types\/product"}],"replies":[{"embeddable":true,"href":"https:\/\/tudomoveisbelem.com.br\/v19\/wp-json\/wp\/v2\/comments?post=32684"}],"version-history":[{"count":4,"href":"https:\/\/tudomoveisbelem.com.br\/v19\/wp-json\/wp\/v2\/product\/32684\/revisions"}],"predecessor-version":[{"id":37130,"href":"https:\/\/tudomoveisbelem.com.br\/v19\/wp-json\/wp\/v2\/product\/32684\/revisions\/37130"}],"wp:featuredmedia":[{"embeddable":true,"href":"https:\/\/tudomoveisbelem.com.br\/v19\/wp-json\/wp\/v2\/media\/32686"}],"wp:attachment":[{"href":"https:\/\/tudomoveisbelem.com.br\/v19\/wp-json\/wp\/v2\/media?parent=32684"}],"wp:term":[{"taxonomy":"product_brand","embeddable":true,"href":"https:\/\/tudomoveisbelem.com.br\/v19\/wp-json\/wp\/v2\/product_brand?post=32684"},{"taxonomy":"product_cat","embeddable":true,"href":"https:\/\/tudomoveisbelem.com.br\/v19\/wp-json\/wp\/v2\/product_cat?post=32684"},{"taxonomy":"product_tag","embeddable":true,"href":"https:\/\/tudomoveisbelem.com.br\/v19\/wp-json\/wp\/v2\/product_tag?post=32684"}],"curies":[{"name":"wp","href":"https:\/\/api.w.org\/{rel}","templated":true}]}}