{"id":32679,"date":"2025-02-25T16:36:42","date_gmt":"2025-02-25T16:36:42","guid":{"rendered":"https:\/\/tudomoveisbelem.com.br\/v19\/?post_type=product&#038;p=32679"},"modified":"2026-03-30T16:07:48","modified_gmt":"2026-03-30T16:07:48","slug":"sofa-de-canto-com-chaise-10x-de-r-25990","status":"publish","type":"product","link":"https:\/\/tudomoveisbelem.com.br\/v19\/produto\/sofa-de-canto-com-chaise-10x-de-r-25990\/","title":{"rendered":"Sof\u00e1 de Canto com Chaise 12x de R$266,58."},"content":{"rendered":"<p>\ud83d\udecb\ufe0f\ud83d\udc8e CONFORTO DE VERDADE, ELEG\u00c2NCIA QUE ENCANTA!<br \/>\nSof\u00e1 de Canto com Chaise oferece espa\u00e7o de sobra para curtir os melhores momentos com a fam\u00edlia e ainda dar aquele toque de sofistica\u00e7\u00e3o no ambiente.<\/p>\n<p>\u2728 Destaques que fazem a diferen\u00e7a:<br \/>\n\u2714\ufe0f Capacidade para at\u00e9 4 pessoas + chaise<br \/>\n\u2714\ufe0f Espuma D-45: firme, dur\u00e1vel e super confort\u00e1vel<br \/>\n\u2714\ufe0f Percinta el\u00e1stica no assento: maior sustenta\u00e7\u00e3o<br \/>\n\u2714\ufe0f Estrutura em madeira reflorestada \ud83c\udf31<br \/>\n\u2714\ufe0f Tecido de alta qualidade e visual moderno<\/p>\n<p>\ud83d\udccf Medidas:<br \/>\nAltura: 0,86m | Largura: 2,00m | Profundidade: 1,90m<\/p>\n<p>\ud83d\udcb0 De <del>R$3.900,00<\/del><br \/>\n\u27a1\ufe0f Agora por apenas <strong><span style=\"color: #ff0000;\">12x de R$266,58<\/span><\/strong> sem juros ou R$3.199,00 \u00e0 vista<\/p>\n<p>\ud83d\ude9b Entrega e montagem 100% GR\u00c1TIS<br \/>\n\ud83d\udcb3 Pagamento facilitado no cart\u00e3o ou na entrega<\/p>\n<p>\ud83d\udcf2 Chama no WhatsApp ou corre pra uma de nossas lojas f\u00edsicas.<br \/>\nTudo M\u00f3veis \u2013 sua casa merece o melhor!<\/p>\n","protected":false},"excerpt":{"rendered":"<p>\ud83d\udecb\ufe0f\ud83d\udc8e CONFORTO DE VERDADE, ELEG\u00c2NCIA QUE ENCANTA! Sof\u00e1 de Canto com Chaise oferece espa\u00e7o de sobra para curtir os melhores momentos com a fam\u00edlia e ainda dar aquele toque de sofistica\u00e7\u00e3o no ambiente. \u2728 Destaques que fazem a diferen\u00e7a: \u2714\ufe0f Capacidade para at\u00e9 4 pessoas + chaise \u2714\ufe0f Espuma D-45: firme, dur\u00e1vel e super confort\u00e1vel &hellip; <a href=\"https:\/\/tudomoveisbelem.com.br\/v19\/produto\/sofa-de-canto-com-chaise-10x-de-r-25990\/\" class=\"more-link\">Continue lendo<span class=\"screen-reader-text\"> &#8220;Sof\u00e1 de Canto com Chaise 12x de R$266,58.&#8221;<\/span><\/a><\/p>\n","protected":false},"featured_media":32681,"comment_status":"closed","ping_status":"closed","template":"","meta":[],"product_brand":[],"product_cat":[30],"product_tag":[],"class_list":{"0":"post-32679","1":"product","2":"type-product","3":"status-publish","4":"has-post-thumbnail","6":"product_cat-sofas","8":"first","9":"instock","10":"shipping-taxable","11":"product-type-simple"},"_links":{"self":[{"href":"https:\/\/tudomoveisbelem.com.br\/v19\/wp-json\/wp\/v2\/product\/32679","targetHints":{"allow":["GET"]}}],"collection":[{"href":"https:\/\/tudomoveisbelem.com.br\/v19\/wp-json\/wp\/v2\/product"}],"about":[{"href":"https:\/\/tudomoveisbelem.com.br\/v19\/wp-json\/wp\/v2\/types\/product"}],"replies":[{"embeddable":true,"href":"https:\/\/tudomoveisbelem.com.br\/v19\/wp-json\/wp\/v2\/comments?post=32679"}],"version-history":[{"count":7,"href":"https:\/\/tudomoveisbelem.com.br\/v19\/wp-json\/wp\/v2\/product\/32679\/revisions"}],"predecessor-version":[{"id":37140,"href":"https:\/\/tudomoveisbelem.com.br\/v19\/wp-json\/wp\/v2\/product\/32679\/revisions\/37140"}],"wp:featuredmedia":[{"embeddable":true,"href":"https:\/\/tudomoveisbelem.com.br\/v19\/wp-json\/wp\/v2\/media\/32681"}],"wp:attachment":[{"href":"https:\/\/tudomoveisbelem.com.br\/v19\/wp-json\/wp\/v2\/media?parent=32679"}],"wp:term":[{"taxonomy":"product_brand","embeddable":true,"href":"https:\/\/tudomoveisbelem.com.br\/v19\/wp-json\/wp\/v2\/product_brand?post=32679"},{"taxonomy":"product_cat","embeddable":true,"href":"https:\/\/tudomoveisbelem.com.br\/v19\/wp-json\/wp\/v2\/product_cat?post=32679"},{"taxonomy":"product_tag","embeddable":true,"href":"https:\/\/tudomoveisbelem.com.br\/v19\/wp-json\/wp\/v2\/product_tag?post=32679"}],"curies":[{"name":"wp","href":"https:\/\/api.w.org\/{rel}","templated":true}]}}