{"id":32579,"date":"2025-02-17T18:56:25","date_gmt":"2025-02-17T18:56:25","guid":{"rendered":"https:\/\/tudomoveisbelem.com.br\/v19\/?post_type=product&#038;p=32579"},"modified":"2025-02-18T19:06:03","modified_gmt":"2025-02-18T19:06:03","slug":"comoda-100-mdf-2-portas-e-4-gavetas-10x-de-r-8990","status":"publish","type":"product","link":"https:\/\/tudomoveisbelem.com.br\/v19\/produto\/comoda-100-mdf-2-portas-e-4-gavetas-10x-de-r-8990\/","title":{"rendered":"C\u00f4moda 100% MDF 2 Portas e 4 Gavetas 10x de R$ 89,90"},"content":{"rendered":"<p>A C\u00f4moda 100% MDF 2 Portas e 4 Gavetas \u00e9 elegante, completa o ambiente e oferece muita praticidade. S\u00e3o 4 gavetas e 2 portas que trazem um amplo espa\u00e7o para voc\u00ea acomodar suas roupas, sapatos e outros objetos. Este m\u00f3vel \u00e9 produzido em 100% MDF que proporciona resist\u00eancia e durabilidade ao seu produto. Com esta c\u00f4moda voc\u00ea ter\u00e1 um quarto moderno, pratico e elegante. Adquira logo a sua, n\u00e3o perde mais tempo!<\/p>\n<p>Diferenciais:<br \/>\n&#8211; 100% MDF;<br \/>\n&#8211; Puxadores ABS;<br \/>\n&#8211; P\u00e9s em PVC.<\/p>\n<p>Dimens\u00f5es:<br \/>\nAltura: 1.37 M<br \/>\nLargura: 0,63 CM<br \/>\nProfundidade: 0,45 CM<\/p>\n","protected":false},"excerpt":{"rendered":"<p>Por apenas 10x de <span style=\"color: #ff0000;\">R$ 89,90<\/span> sem juros no cart\u00e3o ou \u00e0 vista por <span style=\"color: #ff0000;\">R$ 899,00.<\/span><\/p>\n","protected":false},"featured_media":32582,"comment_status":"closed","ping_status":"closed","template":"","meta":[],"product_brand":[],"product_cat":[74,42,23,82],"product_tag":[],"class_list":{"0":"post-32579","1":"product","2":"type-product","3":"status-publish","4":"has-post-thumbnail","6":"product_cat-comoda","7":"product_cat-moveis-de-quarto","8":"product_cat-colchoes","9":"product_cat-tudo-de-quarto","11":"first","12":"instock","13":"shipping-taxable","14":"product-type-simple"},"_links":{"self":[{"href":"https:\/\/tudomoveisbelem.com.br\/v19\/wp-json\/wp\/v2\/product\/32579","targetHints":{"allow":["GET"]}}],"collection":[{"href":"https:\/\/tudomoveisbelem.com.br\/v19\/wp-json\/wp\/v2\/product"}],"about":[{"href":"https:\/\/tudomoveisbelem.com.br\/v19\/wp-json\/wp\/v2\/types\/product"}],"replies":[{"embeddable":true,"href":"https:\/\/tudomoveisbelem.com.br\/v19\/wp-json\/wp\/v2\/comments?post=32579"}],"version-history":[{"count":1,"href":"https:\/\/tudomoveisbelem.com.br\/v19\/wp-json\/wp\/v2\/product\/32579\/revisions"}],"predecessor-version":[{"id":32583,"href":"https:\/\/tudomoveisbelem.com.br\/v19\/wp-json\/wp\/v2\/product\/32579\/revisions\/32583"}],"wp:featuredmedia":[{"embeddable":true,"href":"https:\/\/tudomoveisbelem.com.br\/v19\/wp-json\/wp\/v2\/media\/32582"}],"wp:attachment":[{"href":"https:\/\/tudomoveisbelem.com.br\/v19\/wp-json\/wp\/v2\/media?parent=32579"}],"wp:term":[{"taxonomy":"product_brand","embeddable":true,"href":"https:\/\/tudomoveisbelem.com.br\/v19\/wp-json\/wp\/v2\/product_brand?post=32579"},{"taxonomy":"product_cat","embeddable":true,"href":"https:\/\/tudomoveisbelem.com.br\/v19\/wp-json\/wp\/v2\/product_cat?post=32579"},{"taxonomy":"product_tag","embeddable":true,"href":"https:\/\/tudomoveisbelem.com.br\/v19\/wp-json\/wp\/v2\/product_tag?post=32579"}],"curies":[{"name":"wp","href":"https:\/\/api.w.org\/{rel}","templated":true}]}}