{"id":32562,"date":"2025-02-17T18:05:14","date_gmt":"2025-02-17T18:05:14","guid":{"rendered":"https:\/\/tudomoveisbelem.com.br\/v19\/?post_type=product&#038;p=32562"},"modified":"2026-03-30T17:14:25","modified_gmt":"2026-03-30T17:14:25","slug":"roupeiro-solteiro-100-mdf-com-espelho-e-4-portas-10x-de-r-15990","status":"publish","type":"product","link":"https:\/\/tudomoveisbelem.com.br\/v19\/produto\/roupeiro-solteiro-100-mdf-com-espelho-e-4-portas-10x-de-r-15990\/","title":{"rendered":"Roupeiro Solteiro 100% MDF com Espelho e 4 Portas 12x de R$ 149,92."},"content":{"rendered":"<p>O Roupeiro Solteiro 100% MDF com Espelho e 4 Portas \u00e9 o m\u00f3vel ideal para seu quarto. Possui design moderno e elegante com divis\u00f5es para atender suas necessidades. Fabricado em 100% MDF \u00e9 dur\u00e1vel e resistente. Com suas 2 gavetas e 4 portas acomodar muito bem suas pe\u00e7as e objetos para deixar seu quarto bem organizado, levando requinte e charme ao c\u00f4modo. Aproveite e pe\u00e7a o seu!<\/p>\n<p>Diferenciais:<br \/>\n&#8211; 100% MDF;<br \/>\n&#8211; Puxadores ABS;<br \/>\n&#8211; Cabideiro em Alum\u00ednio;<br \/>\n&#8211; P\u00e9s em PVC.<\/p>\n<p>Dimens\u00f5es:<br \/>\nAltura: 1.86 M<br \/>\nLargura: 1.08 M<br \/>\nProfundidade: 0,47 CM<\/p>\n<p>&nbsp;<\/p>\n<p>&nbsp;<\/p>\n<p>Por apenas 12x de R$ 149,92 sem juros no cart\u00e3o ou \u00e0 vista por R$ 1.799,00.<\/p>\n","protected":false},"excerpt":{"rendered":"<p>O Roupeiro Solteiro 100% MDF com Espelho e 4 Portas \u00e9 o m\u00f3vel ideal para seu quarto. Possui design moderno e elegante com divis\u00f5es para atender suas necessidades. Fabricado em 100% MDF \u00e9 dur\u00e1vel e resistente. Com suas 2 gavetas e 4 portas acomodar muito bem suas pe\u00e7as e objetos para deixar seu quarto bem &hellip; <a href=\"https:\/\/tudomoveisbelem.com.br\/v19\/produto\/roupeiro-solteiro-100-mdf-com-espelho-e-4-portas-10x-de-r-15990\/\" class=\"more-link\">Continue lendo<span class=\"screen-reader-text\"> &#8220;Roupeiro Solteiro 100% MDF com Espelho e 4 Portas 12x de R$ 149,92.&#8221;<\/span><\/a><\/p>\n","protected":false},"featured_media":32565,"comment_status":"closed","ping_status":"closed","template":"","meta":[],"product_brand":[],"product_cat":[42,23,41,82],"product_tag":[],"class_list":{"0":"post-32562","1":"product","2":"type-product","3":"status-publish","4":"has-post-thumbnail","6":"product_cat-moveis-de-quarto","7":"product_cat-colchoes","8":"product_cat-roupeiros","9":"product_cat-tudo-de-quarto","11":"first","12":"instock","13":"shipping-taxable","14":"product-type-simple"},"_links":{"self":[{"href":"https:\/\/tudomoveisbelem.com.br\/v19\/wp-json\/wp\/v2\/product\/32562","targetHints":{"allow":["GET"]}}],"collection":[{"href":"https:\/\/tudomoveisbelem.com.br\/v19\/wp-json\/wp\/v2\/product"}],"about":[{"href":"https:\/\/tudomoveisbelem.com.br\/v19\/wp-json\/wp\/v2\/types\/product"}],"replies":[{"embeddable":true,"href":"https:\/\/tudomoveisbelem.com.br\/v19\/wp-json\/wp\/v2\/comments?post=32562"}],"version-history":[{"count":4,"href":"https:\/\/tudomoveisbelem.com.br\/v19\/wp-json\/wp\/v2\/product\/32562\/revisions"}],"predecessor-version":[{"id":37176,"href":"https:\/\/tudomoveisbelem.com.br\/v19\/wp-json\/wp\/v2\/product\/32562\/revisions\/37176"}],"wp:featuredmedia":[{"embeddable":true,"href":"https:\/\/tudomoveisbelem.com.br\/v19\/wp-json\/wp\/v2\/media\/32565"}],"wp:attachment":[{"href":"https:\/\/tudomoveisbelem.com.br\/v19\/wp-json\/wp\/v2\/media?parent=32562"}],"wp:term":[{"taxonomy":"product_brand","embeddable":true,"href":"https:\/\/tudomoveisbelem.com.br\/v19\/wp-json\/wp\/v2\/product_brand?post=32562"},{"taxonomy":"product_cat","embeddable":true,"href":"https:\/\/tudomoveisbelem.com.br\/v19\/wp-json\/wp\/v2\/product_cat?post=32562"},{"taxonomy":"product_tag","embeddable":true,"href":"https:\/\/tudomoveisbelem.com.br\/v19\/wp-json\/wp\/v2\/product_tag?post=32562"}],"curies":[{"name":"wp","href":"https:\/\/api.w.org\/{rel}","templated":true}]}}