{"id":32362,"date":"2025-02-03T14:58:29","date_gmt":"2025-02-03T14:58:29","guid":{"rendered":"https:\/\/tudomoveisbelem.com.br\/v19\/?post_type=product&#038;p=32362"},"modified":"2025-02-03T14:58:29","modified_gmt":"2025-02-03T14:58:29","slug":"arquivo-com-rodinhas-e-chave-2-gavetas-10x-de-r-6990","status":"publish","type":"product","link":"https:\/\/tudomoveisbelem.com.br\/v19\/produto\/arquivo-com-rodinhas-e-chave-2-gavetas-10x-de-r-6990\/","title":{"rendered":"Arquivo com Rodinhas e Chave 2 Gavetas 10x de R$ 69,90"},"content":{"rendered":"<p>O lindo Arquivo com Rodinha e Chave 2 Gavetas tem um design alinhado \u00e0 qualidade na organiza\u00e7\u00e3o de qualquer tipo de ambiente, destinado ao armazenamento de documentos e pastas, vem com visual moderno possibilitando uma harmonia em seu ambiente de trabalho e em sua casa. Ele \u00e9 a melhor escolha pra voc\u00ea. N\u00e3o perde mais tempo e pe\u00e7a logo o seu!<\/p>\n<p>Dimens\u00f5es:<br \/>\nAltura: 0,67 CM<br \/>\nLargura: 0,47 CM<br \/>\nProfundidade: 0,44 CM<\/p>\n","protected":false},"excerpt":{"rendered":"<p>Por apenas 10x de\u00a0<span style=\"color: #ff0000;\">R$69,90<\/span> sem juros no cart\u00e3o ou \u00e0 vista por<span style=\"color: #ff0000;\"> R$699,00.<\/span><\/p>\n<p>&nbsp;<\/p>\n","protected":false},"featured_media":32364,"comment_status":"closed","ping_status":"closed","template":"","meta":[],"product_brand":[],"product_cat":[32],"product_tag":[],"class_list":{"0":"post-32362","1":"product","2":"type-product","3":"status-publish","4":"has-post-thumbnail","6":"product_cat-escritorio","8":"first","9":"instock","10":"shipping-taxable","11":"product-type-simple"},"_links":{"self":[{"href":"https:\/\/tudomoveisbelem.com.br\/v19\/wp-json\/wp\/v2\/product\/32362","targetHints":{"allow":["GET"]}}],"collection":[{"href":"https:\/\/tudomoveisbelem.com.br\/v19\/wp-json\/wp\/v2\/product"}],"about":[{"href":"https:\/\/tudomoveisbelem.com.br\/v19\/wp-json\/wp\/v2\/types\/product"}],"replies":[{"embeddable":true,"href":"https:\/\/tudomoveisbelem.com.br\/v19\/wp-json\/wp\/v2\/comments?post=32362"}],"version-history":[{"count":1,"href":"https:\/\/tudomoveisbelem.com.br\/v19\/wp-json\/wp\/v2\/product\/32362\/revisions"}],"predecessor-version":[{"id":32365,"href":"https:\/\/tudomoveisbelem.com.br\/v19\/wp-json\/wp\/v2\/product\/32362\/revisions\/32365"}],"wp:featuredmedia":[{"embeddable":true,"href":"https:\/\/tudomoveisbelem.com.br\/v19\/wp-json\/wp\/v2\/media\/32364"}],"wp:attachment":[{"href":"https:\/\/tudomoveisbelem.com.br\/v19\/wp-json\/wp\/v2\/media?parent=32362"}],"wp:term":[{"taxonomy":"product_brand","embeddable":true,"href":"https:\/\/tudomoveisbelem.com.br\/v19\/wp-json\/wp\/v2\/product_brand?post=32362"},{"taxonomy":"product_cat","embeddable":true,"href":"https:\/\/tudomoveisbelem.com.br\/v19\/wp-json\/wp\/v2\/product_cat?post=32362"},{"taxonomy":"product_tag","embeddable":true,"href":"https:\/\/tudomoveisbelem.com.br\/v19\/wp-json\/wp\/v2\/product_tag?post=32362"}],"curies":[{"name":"wp","href":"https:\/\/api.w.org\/{rel}","templated":true}]}}