{"id":32358,"date":"2025-02-03T14:52:00","date_gmt":"2025-02-03T14:52:00","guid":{"rendered":"https:\/\/tudomoveisbelem.com.br\/v19\/?post_type=product&#038;p=32358"},"modified":"2025-02-03T14:52:00","modified_gmt":"2025-02-03T14:52:00","slug":"gaveteiro-com-rodinhas-e-chave-4-gavetas-10x-de-r-7990","status":"publish","type":"product","link":"https:\/\/tudomoveisbelem.com.br\/v19\/produto\/gaveteiro-com-rodinhas-e-chave-4-gavetas-10x-de-r-7990\/","title":{"rendered":"Gaveteiro com Rodinhas e Chave 4 Gavetas 10x de R$ 79,90"},"content":{"rendered":"<p>O Gaveteiro com Rodinhas e Chave 4 Gavetas \u00e9 uma excelente op\u00e7\u00e3o para aqueles que procuram qualidade e conforto para o seu ambiente, seja ele seu escrit\u00f3rio, empresa ou casa. Seus tra\u00e7os modernos trazem f\u00e1cil adaptabilidade \u00e0 diferentes cen\u00e1rios. Ideal para voc\u00ea que busca sempre o melhor. O que voc\u00ea est\u00e1 esperando para adquirir o seu? Fale conosco e leve esse lindo produto pra sua casa!<\/p>\n<p>Dimens\u00f5es:<br \/>\nAltura: 0,67 CM<br \/>\nLargura: 0,39 CM<br \/>\nProfundidade: 0,44 CM<\/p>\n","protected":false},"excerpt":{"rendered":"<p>Por apenas 10x de\u00a0<span style=\"color: #ff0000;\">R$79,90<\/span> sem juros no cart\u00e3o ou \u00e0 vista por <span style=\"color: #ff0000;\">R$799,00.<\/span><\/p>\n","protected":false},"featured_media":32359,"comment_status":"closed","ping_status":"closed","template":"","meta":[],"product_brand":[],"product_cat":[32],"product_tag":[],"class_list":{"0":"post-32358","1":"product","2":"type-product","3":"status-publish","4":"has-post-thumbnail","6":"product_cat-escritorio","8":"first","9":"instock","10":"shipping-taxable","11":"product-type-simple"},"_links":{"self":[{"href":"https:\/\/tudomoveisbelem.com.br\/v19\/wp-json\/wp\/v2\/product\/32358","targetHints":{"allow":["GET"]}}],"collection":[{"href":"https:\/\/tudomoveisbelem.com.br\/v19\/wp-json\/wp\/v2\/product"}],"about":[{"href":"https:\/\/tudomoveisbelem.com.br\/v19\/wp-json\/wp\/v2\/types\/product"}],"replies":[{"embeddable":true,"href":"https:\/\/tudomoveisbelem.com.br\/v19\/wp-json\/wp\/v2\/comments?post=32358"}],"version-history":[{"count":1,"href":"https:\/\/tudomoveisbelem.com.br\/v19\/wp-json\/wp\/v2\/product\/32358\/revisions"}],"predecessor-version":[{"id":32361,"href":"https:\/\/tudomoveisbelem.com.br\/v19\/wp-json\/wp\/v2\/product\/32358\/revisions\/32361"}],"wp:featuredmedia":[{"embeddable":true,"href":"https:\/\/tudomoveisbelem.com.br\/v19\/wp-json\/wp\/v2\/media\/32359"}],"wp:attachment":[{"href":"https:\/\/tudomoveisbelem.com.br\/v19\/wp-json\/wp\/v2\/media?parent=32358"}],"wp:term":[{"taxonomy":"product_brand","embeddable":true,"href":"https:\/\/tudomoveisbelem.com.br\/v19\/wp-json\/wp\/v2\/product_brand?post=32358"},{"taxonomy":"product_cat","embeddable":true,"href":"https:\/\/tudomoveisbelem.com.br\/v19\/wp-json\/wp\/v2\/product_cat?post=32358"},{"taxonomy":"product_tag","embeddable":true,"href":"https:\/\/tudomoveisbelem.com.br\/v19\/wp-json\/wp\/v2\/product_tag?post=32358"}],"curies":[{"name":"wp","href":"https:\/\/api.w.org\/{rel}","templated":true}]}}