{"id":32343,"date":"2025-01-31T20:51:51","date_gmt":"2025-01-31T20:51:51","guid":{"rendered":"https:\/\/tudomoveisbelem.com.br\/v19\/?post_type=product&#038;p=32343"},"modified":"2026-03-12T13:34:00","modified_gmt":"2026-03-12T13:34:00","slug":"roupeiro-solteiro-4-portas-10x-de-r-18990","status":"publish","type":"product","link":"https:\/\/tudomoveisbelem.com.br\/v19\/produto\/roupeiro-solteiro-4-portas-10x-de-r-18990\/","title":{"rendered":"Roupeiro Solteiro 4 Portas. Por apenas 12x de R$ 183,25 sem juros no cart\u00e3o"},"content":{"rendered":"<p>O Guarda Roupa Canad\u00e1 vai proporcionar um ambiente aconchegante mantendo um visual sofisticado e funcional. Composto por pe\u00e7as de extrema qualidade e com excelente espa\u00e7o interno bem distribu\u00eddos, oferecendo m\u00e1xima organiza\u00e7\u00e3o de forma pr\u00e1tica. Fabricado em 100% MDF, possui 2 gavetas com corredi\u00e7as telesc\u00f3picas, puxadores em madeira e cabideiros em alum\u00ednio e um amplo espa\u00e7o interno. Aproveite!<\/p>\n<p>Dimens\u00f5es:<br \/>\nAltura: 2.18 M<br \/>\nLargura: 1.38 M<br \/>\nProfundidade: 0,46 CM<\/p>\n<p>&nbsp;<\/p>\n<p>&nbsp;<\/p>\n<p>Por apenas 12x de R$ 183,25 sem juros no cart\u00e3o ou \u00e0 vista por R$ 2.199,00.<\/p>\n","protected":false},"excerpt":{"rendered":"<p>O Guarda Roupa Canad\u00e1 vai proporcionar um ambiente aconchegante mantendo um visual sofisticado e funcional. Composto por pe\u00e7as de extrema qualidade e com excelente espa\u00e7o interno bem distribu\u00eddos, oferecendo m\u00e1xima organiza\u00e7\u00e3o de forma pr\u00e1tica. Fabricado em 100% MDF, possui 2 gavetas com corredi\u00e7as telesc\u00f3picas, puxadores em madeira e cabideiros em alum\u00ednio e um amplo espa\u00e7o &hellip; <a href=\"https:\/\/tudomoveisbelem.com.br\/v19\/produto\/roupeiro-solteiro-4-portas-10x-de-r-18990\/\" class=\"more-link\">Continue lendo<span class=\"screen-reader-text\"> &#8220;Roupeiro Solteiro 4 Portas. Por apenas 12x de R$ 183,25 sem juros no cart\u00e3o&#8221;<\/span><\/a><\/p>\n","protected":false},"featured_media":32347,"comment_status":"closed","ping_status":"closed","template":"","meta":[],"product_brand":[],"product_cat":[42,41],"product_tag":[],"class_list":{"0":"post-32343","1":"product","2":"type-product","3":"status-publish","4":"has-post-thumbnail","6":"product_cat-moveis-de-quarto","7":"product_cat-roupeiros","9":"first","10":"instock","11":"shipping-taxable","12":"product-type-simple"},"_links":{"self":[{"href":"https:\/\/tudomoveisbelem.com.br\/v19\/wp-json\/wp\/v2\/product\/32343","targetHints":{"allow":["GET"]}}],"collection":[{"href":"https:\/\/tudomoveisbelem.com.br\/v19\/wp-json\/wp\/v2\/product"}],"about":[{"href":"https:\/\/tudomoveisbelem.com.br\/v19\/wp-json\/wp\/v2\/types\/product"}],"replies":[{"embeddable":true,"href":"https:\/\/tudomoveisbelem.com.br\/v19\/wp-json\/wp\/v2\/comments?post=32343"}],"version-history":[{"count":5,"href":"https:\/\/tudomoveisbelem.com.br\/v19\/wp-json\/wp\/v2\/product\/32343\/revisions"}],"predecessor-version":[{"id":37047,"href":"https:\/\/tudomoveisbelem.com.br\/v19\/wp-json\/wp\/v2\/product\/32343\/revisions\/37047"}],"wp:featuredmedia":[{"embeddable":true,"href":"https:\/\/tudomoveisbelem.com.br\/v19\/wp-json\/wp\/v2\/media\/32347"}],"wp:attachment":[{"href":"https:\/\/tudomoveisbelem.com.br\/v19\/wp-json\/wp\/v2\/media?parent=32343"}],"wp:term":[{"taxonomy":"product_brand","embeddable":true,"href":"https:\/\/tudomoveisbelem.com.br\/v19\/wp-json\/wp\/v2\/product_brand?post=32343"},{"taxonomy":"product_cat","embeddable":true,"href":"https:\/\/tudomoveisbelem.com.br\/v19\/wp-json\/wp\/v2\/product_cat?post=32343"},{"taxonomy":"product_tag","embeddable":true,"href":"https:\/\/tudomoveisbelem.com.br\/v19\/wp-json\/wp\/v2\/product_tag?post=32343"}],"curies":[{"name":"wp","href":"https:\/\/api.w.org\/{rel}","templated":true}]}}