{"id":32188,"date":"2025-01-13T17:42:34","date_gmt":"2025-01-13T17:42:34","guid":{"rendered":"https:\/\/tudomoveisbelem.com.br\/v19\/?post_type=product&#038;p=32188"},"modified":"2026-03-13T15:08:22","modified_gmt":"2026-03-13T15:08:22","slug":"roupeiro-casal-3-portas-9-gavetas-10x-de-r-21990","status":"publish","type":"product","link":"https:\/\/tudomoveisbelem.com.br\/v19\/produto\/roupeiro-casal-3-portas-9-gavetas-10x-de-r-21990\/","title":{"rendered":"Roupeiro Casal GRANDE COM 9 GAVETAS 1,80 M 3 Portas 12x de R$ 216,58."},"content":{"rendered":"<p>\u2728 NOVIDADE NA TUDO M\u00d3VEIS! \u2728<br \/>\nMais espa\u00e7o, organiza\u00e7\u00e3o e beleza para o seu quarto de casal!<\/p>\n<p>\ud83e\ude9e ROUPEIRO CASAL \u2014 3 PORTAS DE CORRER | 9 GAVETAS | COM ESPELHO!<\/p>\n<p>\u2705 Design moderno e atemporal \u2014 combina com diversos estilos de decora\u00e7\u00e3o!<br \/>\n\u2705 3 portas de correr \u2014 otimiza\u00e7\u00e3o de espa\u00e7o no ambiente!<br \/>\n\u2705 9 gavetas espa\u00e7osas \u2014 organiza\u00e7\u00e3o total para roupas e acess\u00f3rios!<br \/>\n\u2705 Espelho integrado \u2014 praticidade para o dia a dia!<br \/>\n\u2705 Cabideiros em alum\u00ednio \u2014 resist\u00eancia para roupas longas!<br \/>\n\u2705 Corredi\u00e7as telesc\u00f3picas \u2014 abertura suave!<br \/>\n\u2705 Roldanas com rolamento e trilho inferior em alum\u00ednio \u2014 mais leveza ao abrir e fechar!<br \/>\n\u2705 Puxadores com acabamento amadeirado \u2014 toque sofisticado!<\/p>\n<p>\ud83d\udccf Dimens\u00f5es:<br \/>\nAltura: 2,05m | Largura: 1,80m | Profundidade: 46cm<\/p>\n<p>Por apenas 12x de R$ 216,58.<\/p>\n<p>\ud83d\ude9a Entrega e montagem gr\u00e1tis em Bel\u00e9m, Ananindeua e Marituba!<br \/>\n\ud83d\udcb3 Compre na loja f\u00edsica ou pe\u00e7a pelo WhatsApp e pague s\u00f3 na entrega!<\/p>\n<p>\ud83c\udfe0 M\u00f3veis novos direto da loja para sua casa, com garantia do fabricante!<\/p>\n<p>\ud83d\udc49 Garanta j\u00e1 o seu e renove seu quarto com muito mais praticidade!<\/p>\n","protected":false},"excerpt":{"rendered":"<p>\u2728 NOVIDADE NA TUDO M\u00d3VEIS! \u2728 Mais espa\u00e7o, organiza\u00e7\u00e3o e beleza para o seu quarto de casal! \ud83e\ude9e ROUPEIRO CASAL \u2014 3 PORTAS DE CORRER | 9 GAVETAS | COM ESPELHO! \u2705 Design moderno e atemporal \u2014 combina com diversos estilos de decora\u00e7\u00e3o! \u2705 3 portas de correr \u2014 otimiza\u00e7\u00e3o de espa\u00e7o no ambiente! \u2705 &hellip; <a href=\"https:\/\/tudomoveisbelem.com.br\/v19\/produto\/roupeiro-casal-3-portas-9-gavetas-10x-de-r-21990\/\" class=\"more-link\">Continue lendo<span class=\"screen-reader-text\"> &#8220;Roupeiro Casal GRANDE COM 9 GAVETAS 1,80 M 3 Portas 12x de R$ 216,58.&#8221;<\/span><\/a><\/p>\n","protected":false},"featured_media":32212,"comment_status":"closed","ping_status":"closed","template":"","meta":[],"product_brand":[],"product_cat":[42,23,41],"product_tag":[],"class_list":{"0":"post-32188","1":"product","2":"type-product","3":"status-publish","4":"has-post-thumbnail","6":"product_cat-moveis-de-quarto","7":"product_cat-colchoes","8":"product_cat-roupeiros","10":"first","11":"instock","12":"shipping-taxable","13":"product-type-simple"},"_links":{"self":[{"href":"https:\/\/tudomoveisbelem.com.br\/v19\/wp-json\/wp\/v2\/product\/32188","targetHints":{"allow":["GET"]}}],"collection":[{"href":"https:\/\/tudomoveisbelem.com.br\/v19\/wp-json\/wp\/v2\/product"}],"about":[{"href":"https:\/\/tudomoveisbelem.com.br\/v19\/wp-json\/wp\/v2\/types\/product"}],"replies":[{"embeddable":true,"href":"https:\/\/tudomoveisbelem.com.br\/v19\/wp-json\/wp\/v2\/comments?post=32188"}],"version-history":[{"count":6,"href":"https:\/\/tudomoveisbelem.com.br\/v19\/wp-json\/wp\/v2\/product\/32188\/revisions"}],"predecessor-version":[{"id":37057,"href":"https:\/\/tudomoveisbelem.com.br\/v19\/wp-json\/wp\/v2\/product\/32188\/revisions\/37057"}],"wp:featuredmedia":[{"embeddable":true,"href":"https:\/\/tudomoveisbelem.com.br\/v19\/wp-json\/wp\/v2\/media\/32212"}],"wp:attachment":[{"href":"https:\/\/tudomoveisbelem.com.br\/v19\/wp-json\/wp\/v2\/media?parent=32188"}],"wp:term":[{"taxonomy":"product_brand","embeddable":true,"href":"https:\/\/tudomoveisbelem.com.br\/v19\/wp-json\/wp\/v2\/product_brand?post=32188"},{"taxonomy":"product_cat","embeddable":true,"href":"https:\/\/tudomoveisbelem.com.br\/v19\/wp-json\/wp\/v2\/product_cat?post=32188"},{"taxonomy":"product_tag","embeddable":true,"href":"https:\/\/tudomoveisbelem.com.br\/v19\/wp-json\/wp\/v2\/product_tag?post=32188"}],"curies":[{"name":"wp","href":"https:\/\/api.w.org\/{rel}","templated":true}]}}