{"id":32183,"date":"2025-01-13T17:35:16","date_gmt":"2025-01-13T17:35:16","guid":{"rendered":"https:\/\/tudomoveisbelem.com.br\/v19\/?post_type=product&#038;p=32183"},"modified":"2026-03-30T17:14:48","modified_gmt":"2026-03-30T17:14:48","slug":"roupeiro-solteiro-2-portas-6-gavetas-10x-de-r-15990","status":"publish","type":"product","link":"https:\/\/tudomoveisbelem.com.br\/v19\/produto\/roupeiro-solteiro-2-portas-6-gavetas-10x-de-r-15990\/","title":{"rendered":"Roupeiro Solteiro 2 Portas 6 Gavetas 12x de R$166,58."},"content":{"rendered":"<p>&nbsp;<\/p>\n<p>\ud83e\ude9e ROUPEIRO SOLTEIRO \u2014 2 PORTAS DE CORRER | 6 GAVETAS | COM ESPELHO!<\/p>\n<p>\u2705 Design sofisticado com acabamento amadeirado nos puxadores!<br \/>\n\u2705 2 portas de correr \u2014 otimiza\u00e7\u00e3o do espa\u00e7o com muito charme!<br \/>\n\u2705 6 gavetas com corredi\u00e7as telesc\u00f3picas \u2014 f\u00e1cil abertura e mais durabilidade!<br \/>\n\u2705 Espelho para aquele toque pr\u00e1tico no dia a dia!<br \/>\n\u2705 Cabideiros em alum\u00ednio \u2014 resist\u00eancia e funcionalidade!<br \/>\n\u2705 Roldanas com rolamento e trilho inferior em alum\u00ednio \u2014 abertura leve e silenciosa!<br \/>\n\u2705 Excelente divis\u00e3o interna \u2014 m\u00e1xima organiza\u00e7\u00e3o dos seus pertences!<\/p>\n<p>\ud83d\udccf Dimens\u00f5es:<br \/>\nAltura: 2,05m | Largura: 1,21m | Profundidade: 47cm<\/p>\n<p>\ud83d\udcb0 Por apenas 12x de <strong><span style=\"color: #ff0000;\">R$166,58<\/span><\/strong> sem juros no cart\u00e3o ou \u00e0 vista <span style=\"color: #ff0000;\"><strong>R$1.999,00<\/strong><\/span>!<\/p>\n<p>\ud83d\ude9a Entrega e montagem gr\u00e1tis em Bel\u00e9m, Ananindeua e Marituba!<br \/>\n\ud83d\udcb3 Compre na loja f\u00edsica ou pelo WhatsApp e pague s\u00f3 na entrega!<\/p>\n<p>\ud83c\udfe0 M\u00f3veis novos, direto da loja para seu lar, com garantia do fabricante!<\/p>\n<p>\ud83d\udc49 N\u00e3o perca tempo, garanta j\u00e1 o seu e transforme seu quarto com organiza\u00e7\u00e3o e estilo!<\/p>\n","protected":false},"excerpt":{"rendered":"<p>&nbsp; \ud83e\ude9e ROUPEIRO SOLTEIRO \u2014 2 PORTAS DE CORRER | 6 GAVETAS | COM ESPELHO! \u2705 Design sofisticado com acabamento amadeirado nos puxadores! \u2705 2 portas de correr \u2014 otimiza\u00e7\u00e3o do espa\u00e7o com muito charme! \u2705 6 gavetas com corredi\u00e7as telesc\u00f3picas \u2014 f\u00e1cil abertura e mais durabilidade! \u2705 Espelho para aquele toque pr\u00e1tico no dia &hellip; <a href=\"https:\/\/tudomoveisbelem.com.br\/v19\/produto\/roupeiro-solteiro-2-portas-6-gavetas-10x-de-r-15990\/\" class=\"more-link\">Continue lendo<span class=\"screen-reader-text\"> &#8220;Roupeiro Solteiro 2 Portas 6 Gavetas 12x de R$166,58.&#8221;<\/span><\/a><\/p>\n","protected":false},"featured_media":32186,"comment_status":"closed","ping_status":"closed","template":"","meta":[],"product_brand":[],"product_cat":[42,23,41],"product_tag":[],"class_list":{"0":"post-32183","1":"product","2":"type-product","3":"status-publish","4":"has-post-thumbnail","6":"product_cat-moveis-de-quarto","7":"product_cat-colchoes","8":"product_cat-roupeiros","10":"first","11":"instock","12":"shipping-taxable","13":"product-type-simple"},"_links":{"self":[{"href":"https:\/\/tudomoveisbelem.com.br\/v19\/wp-json\/wp\/v2\/product\/32183","targetHints":{"allow":["GET"]}}],"collection":[{"href":"https:\/\/tudomoveisbelem.com.br\/v19\/wp-json\/wp\/v2\/product"}],"about":[{"href":"https:\/\/tudomoveisbelem.com.br\/v19\/wp-json\/wp\/v2\/types\/product"}],"replies":[{"embeddable":true,"href":"https:\/\/tudomoveisbelem.com.br\/v19\/wp-json\/wp\/v2\/comments?post=32183"}],"version-history":[{"count":8,"href":"https:\/\/tudomoveisbelem.com.br\/v19\/wp-json\/wp\/v2\/product\/32183\/revisions"}],"predecessor-version":[{"id":37177,"href":"https:\/\/tudomoveisbelem.com.br\/v19\/wp-json\/wp\/v2\/product\/32183\/revisions\/37177"}],"wp:featuredmedia":[{"embeddable":true,"href":"https:\/\/tudomoveisbelem.com.br\/v19\/wp-json\/wp\/v2\/media\/32186"}],"wp:attachment":[{"href":"https:\/\/tudomoveisbelem.com.br\/v19\/wp-json\/wp\/v2\/media?parent=32183"}],"wp:term":[{"taxonomy":"product_brand","embeddable":true,"href":"https:\/\/tudomoveisbelem.com.br\/v19\/wp-json\/wp\/v2\/product_brand?post=32183"},{"taxonomy":"product_cat","embeddable":true,"href":"https:\/\/tudomoveisbelem.com.br\/v19\/wp-json\/wp\/v2\/product_cat?post=32183"},{"taxonomy":"product_tag","embeddable":true,"href":"https:\/\/tudomoveisbelem.com.br\/v19\/wp-json\/wp\/v2\/product_tag?post=32183"}],"curies":[{"name":"wp","href":"https:\/\/api.w.org\/{rel}","templated":true}]}}