{"id":32177,"date":"2025-01-13T17:29:27","date_gmt":"2025-01-13T17:29:27","guid":{"rendered":"https:\/\/tudomoveisbelem.com.br\/v19\/?post_type=product&#038;p=32177"},"modified":"2026-03-13T12:26:28","modified_gmt":"2026-03-13T12:26:28","slug":"roupeiro-solteiro-4-portas-3-gavetas-10x-de-r-14990","status":"publish","type":"product","link":"https:\/\/tudomoveisbelem.com.br\/v19\/produto\/roupeiro-solteiro-4-portas-3-gavetas-10x-de-r-14990\/","title":{"rendered":"Roupeiro Solteiro 4 Portas 3 Gavetas. Por apenas 12x de R$ 141,58 sem juros no cart\u00e3o"},"content":{"rendered":"<p>Pensando em solucionar problemas com espa\u00e7os pequenos, dificuldade para encontrar o roupeiro ideal para aquele quarto compacto. Temos a solu\u00e7\u00e3o perfeita para voc\u00ea! Este Roupeiro 4 Portas 3 Gavetas tem divis\u00f5es internas perfeitas para manter esse espa\u00e7o organizado e guardar tudo o que voc\u00ea precisa. O designer fica ainda mais sofisticado com o lindo espelho em sua que combina com todos os tipos de decora\u00e7\u00e3o. Perfeito, n\u00e9? Vem logo adquirir o seu!<\/p>\n<p>Diferenciais:<br \/>\n&#8211; Puxadores com acabamento amadeirado;<br \/>\n&#8211; Excelente divis\u00e3o interna;<br \/>\n&#8211; Kit Espelho Parafusado;<br \/>\n&#8211; Gavetas com corredi\u00e7as telesc\u00f3picas;<br \/>\n&#8211; Cabideiros em Alum\u00ednio.<\/p>\n<p>Dimens\u00f5es:<br \/>\nAltura: 2.05 M<br \/>\nLargura: 1.20 M<br \/>\nProfundidade: 0,46 CM<\/p>\n<p>&nbsp;<\/p>\n<p>&nbsp;<\/p>\n<p>&nbsp;<\/p>\n<p>Por apenas 12x de R$ 141,58 sem juros no cart\u00e3o ou \u00e0 vista por R$ 1.699,00.<\/p>\n","protected":false},"excerpt":{"rendered":"<p>Pensando em solucionar problemas com espa\u00e7os pequenos, dificuldade para encontrar o roupeiro ideal para aquele quarto compacto. Temos a solu\u00e7\u00e3o perfeita para voc\u00ea! Este Roupeiro 4 Portas 3 Gavetas tem divis\u00f5es internas perfeitas para manter esse espa\u00e7o organizado e guardar tudo o que voc\u00ea precisa. O designer fica ainda mais sofisticado com o lindo espelho &hellip; <a href=\"https:\/\/tudomoveisbelem.com.br\/v19\/produto\/roupeiro-solteiro-4-portas-3-gavetas-10x-de-r-14990\/\" class=\"more-link\">Continue lendo<span class=\"screen-reader-text\"> &#8220;Roupeiro Solteiro 4 Portas 3 Gavetas. Por apenas 12x de R$ 141,58 sem juros no cart\u00e3o&#8221;<\/span><\/a><\/p>\n","protected":false},"featured_media":32179,"comment_status":"closed","ping_status":"closed","template":"","meta":[],"product_brand":[],"product_cat":[42,23,41],"product_tag":[],"class_list":{"0":"post-32177","1":"product","2":"type-product","3":"status-publish","4":"has-post-thumbnail","6":"product_cat-moveis-de-quarto","7":"product_cat-colchoes","8":"product_cat-roupeiros","10":"first","11":"instock","12":"shipping-taxable","13":"product-type-simple"},"_links":{"self":[{"href":"https:\/\/tudomoveisbelem.com.br\/v19\/wp-json\/wp\/v2\/product\/32177","targetHints":{"allow":["GET"]}}],"collection":[{"href":"https:\/\/tudomoveisbelem.com.br\/v19\/wp-json\/wp\/v2\/product"}],"about":[{"href":"https:\/\/tudomoveisbelem.com.br\/v19\/wp-json\/wp\/v2\/types\/product"}],"replies":[{"embeddable":true,"href":"https:\/\/tudomoveisbelem.com.br\/v19\/wp-json\/wp\/v2\/comments?post=32177"}],"version-history":[{"count":4,"href":"https:\/\/tudomoveisbelem.com.br\/v19\/wp-json\/wp\/v2\/product\/32177\/revisions"}],"predecessor-version":[{"id":37050,"href":"https:\/\/tudomoveisbelem.com.br\/v19\/wp-json\/wp\/v2\/product\/32177\/revisions\/37050"}],"wp:featuredmedia":[{"embeddable":true,"href":"https:\/\/tudomoveisbelem.com.br\/v19\/wp-json\/wp\/v2\/media\/32179"}],"wp:attachment":[{"href":"https:\/\/tudomoveisbelem.com.br\/v19\/wp-json\/wp\/v2\/media?parent=32177"}],"wp:term":[{"taxonomy":"product_brand","embeddable":true,"href":"https:\/\/tudomoveisbelem.com.br\/v19\/wp-json\/wp\/v2\/product_brand?post=32177"},{"taxonomy":"product_cat","embeddable":true,"href":"https:\/\/tudomoveisbelem.com.br\/v19\/wp-json\/wp\/v2\/product_cat?post=32177"},{"taxonomy":"product_tag","embeddable":true,"href":"https:\/\/tudomoveisbelem.com.br\/v19\/wp-json\/wp\/v2\/product_tag?post=32177"}],"curies":[{"name":"wp","href":"https:\/\/api.w.org\/{rel}","templated":true}]}}