{"id":32037,"date":"2024-12-31T14:15:04","date_gmt":"2024-12-31T14:15:04","guid":{"rendered":"https:\/\/tudomoveisbelem.com.br\/v19\/?post_type=product&#038;p=32037"},"modified":"2024-12-31T14:15:55","modified_gmt":"2024-12-31T14:15:55","slug":"rack-para-tvs-ate-70-com-2-portas-ripadas-10x-de-r-11990","status":"publish","type":"product","link":"https:\/\/tudomoveisbelem.com.br\/v19\/produto\/rack-para-tvs-ate-70-com-2-portas-ripadas-10x-de-r-11990\/","title":{"rendered":"Rack para TV&#8217;s at\u00e9 70&#8243; com 2 Portas Ripadas 10x de R$ 119,90"},"content":{"rendered":"<p>Perfeito para compor e organizar o seu ambiente este Rack, al\u00e9m do tampo espa\u00e7oso para acomodar sua televis\u00e3o, conta com nicho para receber equipamentos eletr\u00f4nicos ou itens decorativos e com compartimentos internos, em que voc\u00ea pode guardar objetos que quer manter sempre por perto. Tudo isso coroado pelo visual cl\u00e1ssico em colora\u00e7\u00e3o s\u00f3bria, tornando f\u00e1cil a tarefa de harmoniz\u00e1-lo com o restante do mobili\u00e1rio. N\u00e3o perde mais tempo e compre logo o seu!<\/p>\n<p>Dimens\u00f5es:<br \/>\nAltura: 0,69 CM<br \/>\nLargura: 2.00 M<br \/>\nProfundidade: 0,38 CM<\/p>\n","protected":false},"excerpt":{"rendered":"<p>Por apenas 10x de\u00a0<span style=\"color: #ff0000;\">R$119,90<\/span> sem juros no cart\u00e3o ou \u00e0 vista por <span style=\"color: #ff0000;\">R$1.199,00.<\/span><\/p>\n","protected":false},"featured_media":32046,"comment_status":"closed","ping_status":"closed","template":"","meta":[],"product_brand":[],"product_cat":[29,43],"product_tag":[],"class_list":{"0":"post-32037","1":"product","2":"type-product","3":"status-publish","4":"has-post-thumbnail","6":"product_cat-sala","7":"product_cat-racks","9":"first","10":"instock","11":"shipping-taxable","12":"product-type-simple"},"_links":{"self":[{"href":"https:\/\/tudomoveisbelem.com.br\/v19\/wp-json\/wp\/v2\/product\/32037","targetHints":{"allow":["GET"]}}],"collection":[{"href":"https:\/\/tudomoveisbelem.com.br\/v19\/wp-json\/wp\/v2\/product"}],"about":[{"href":"https:\/\/tudomoveisbelem.com.br\/v19\/wp-json\/wp\/v2\/types\/product"}],"replies":[{"embeddable":true,"href":"https:\/\/tudomoveisbelem.com.br\/v19\/wp-json\/wp\/v2\/comments?post=32037"}],"version-history":[{"count":2,"href":"https:\/\/tudomoveisbelem.com.br\/v19\/wp-json\/wp\/v2\/product\/32037\/revisions"}],"predecessor-version":[{"id":32056,"href":"https:\/\/tudomoveisbelem.com.br\/v19\/wp-json\/wp\/v2\/product\/32037\/revisions\/32056"}],"wp:featuredmedia":[{"embeddable":true,"href":"https:\/\/tudomoveisbelem.com.br\/v19\/wp-json\/wp\/v2\/media\/32046"}],"wp:attachment":[{"href":"https:\/\/tudomoveisbelem.com.br\/v19\/wp-json\/wp\/v2\/media?parent=32037"}],"wp:term":[{"taxonomy":"product_brand","embeddable":true,"href":"https:\/\/tudomoveisbelem.com.br\/v19\/wp-json\/wp\/v2\/product_brand?post=32037"},{"taxonomy":"product_cat","embeddable":true,"href":"https:\/\/tudomoveisbelem.com.br\/v19\/wp-json\/wp\/v2\/product_cat?post=32037"},{"taxonomy":"product_tag","embeddable":true,"href":"https:\/\/tudomoveisbelem.com.br\/v19\/wp-json\/wp\/v2\/product_tag?post=32037"}],"curies":[{"name":"wp","href":"https:\/\/api.w.org\/{rel}","templated":true}]}}