{"id":31938,"date":"2024-12-30T21:00:05","date_gmt":"2024-12-30T21:00:05","guid":{"rendered":"https:\/\/tudomoveisbelem.com.br\/v19\/?post_type=product&#038;p=31938"},"modified":"2026-03-30T17:12:02","modified_gmt":"2026-03-30T17:12:02","slug":"roupeiro-casal-com-espelho-8-portas-10x-de-r-14990","status":"publish","type":"product","link":"https:\/\/tudomoveisbelem.com.br\/v19\/produto\/roupeiro-casal-com-espelho-8-portas-10x-de-r-14990\/","title":{"rendered":"Roupeiro Casal com Espelho 8 Portas 12x de R$158,25."},"content":{"rendered":"<p>Na hora de escolher o Guarda Roupa para o quarto do casal conte com a gente! Apresentamos mais um lindo modelo para voc\u00ea! Com amplo espa\u00e7o interno e design super sofisticado para deixar seu ambiente moderno e pr\u00e1tico.<\/p>\n<p>Diferenciais:<br \/>\n&#8211; Acabamento em Pintura UV<br \/>\n&#8211; 8 Portas<br \/>\n&#8211; 2 Gavetas<br \/>\n&#8211; Puxadores ergon\u00f4micos<br \/>\n&#8211; Corredi\u00e7as met\u00e1licas<br \/>\n&#8211; Cabideiro met\u00e1lico<br \/>\n&#8211; P\u00e9s em PVC<br \/>\n&#8211; Amplo espa\u00e7o interno<\/p>\n<p>Dimens\u00f5es:<br \/>\nAltura: 2.01 M<br \/>\nLargura: 1.62 M<br \/>\nProfundidade: 0,47 CM<\/p>\n<p>&nbsp;<\/p>\n<p>&nbsp;<\/p>\n<p>&nbsp;<\/p>\n<p>Por apenas 12x de <span style=\"color: #ff0000;\">R$158,25<\/span> sem juros no cart\u00e3o ou \u00e0 vista por <span style=\"color: #ff0000;\">R$1.899,00.<\/span><\/p>\n","protected":false},"excerpt":{"rendered":"<p>Na hora de escolher o Guarda Roupa para o quarto do casal conte com a gente! Apresentamos mais um lindo modelo para voc\u00ea! Com amplo espa\u00e7o interno e design super sofisticado para deixar seu ambiente moderno e pr\u00e1tico. Diferenciais: &#8211; Acabamento em Pintura UV &#8211; 8 Portas &#8211; 2 Gavetas &#8211; Puxadores ergon\u00f4micos &#8211; Corredi\u00e7as &hellip; <a href=\"https:\/\/tudomoveisbelem.com.br\/v19\/produto\/roupeiro-casal-com-espelho-8-portas-10x-de-r-14990\/\" class=\"more-link\">Continue lendo<span class=\"screen-reader-text\"> &#8220;Roupeiro Casal com Espelho 8 Portas 12x de R$158,25.&#8221;<\/span><\/a><\/p>\n","protected":false},"featured_media":31945,"comment_status":"closed","ping_status":"closed","template":"","meta":[],"product_brand":[],"product_cat":[42,23,41],"product_tag":[],"class_list":{"0":"post-31938","1":"product","2":"type-product","3":"status-publish","4":"has-post-thumbnail","6":"product_cat-moveis-de-quarto","7":"product_cat-colchoes","8":"product_cat-roupeiros","10":"first","11":"instock","12":"shipping-taxable","13":"product-type-simple"},"_links":{"self":[{"href":"https:\/\/tudomoveisbelem.com.br\/v19\/wp-json\/wp\/v2\/product\/31938","targetHints":{"allow":["GET"]}}],"collection":[{"href":"https:\/\/tudomoveisbelem.com.br\/v19\/wp-json\/wp\/v2\/product"}],"about":[{"href":"https:\/\/tudomoveisbelem.com.br\/v19\/wp-json\/wp\/v2\/types\/product"}],"replies":[{"embeddable":true,"href":"https:\/\/tudomoveisbelem.com.br\/v19\/wp-json\/wp\/v2\/comments?post=31938"}],"version-history":[{"count":6,"href":"https:\/\/tudomoveisbelem.com.br\/v19\/wp-json\/wp\/v2\/product\/31938\/revisions"}],"predecessor-version":[{"id":37171,"href":"https:\/\/tudomoveisbelem.com.br\/v19\/wp-json\/wp\/v2\/product\/31938\/revisions\/37171"}],"wp:featuredmedia":[{"embeddable":true,"href":"https:\/\/tudomoveisbelem.com.br\/v19\/wp-json\/wp\/v2\/media\/31945"}],"wp:attachment":[{"href":"https:\/\/tudomoveisbelem.com.br\/v19\/wp-json\/wp\/v2\/media?parent=31938"}],"wp:term":[{"taxonomy":"product_brand","embeddable":true,"href":"https:\/\/tudomoveisbelem.com.br\/v19\/wp-json\/wp\/v2\/product_brand?post=31938"},{"taxonomy":"product_cat","embeddable":true,"href":"https:\/\/tudomoveisbelem.com.br\/v19\/wp-json\/wp\/v2\/product_cat?post=31938"},{"taxonomy":"product_tag","embeddable":true,"href":"https:\/\/tudomoveisbelem.com.br\/v19\/wp-json\/wp\/v2\/product_tag?post=31938"}],"curies":[{"name":"wp","href":"https:\/\/api.w.org\/{rel}","templated":true}]}}