{"id":31881,"date":"2024-12-30T20:10:25","date_gmt":"2024-12-30T20:10:25","guid":{"rendered":"https:\/\/tudomoveisbelem.com.br\/v19\/?post_type=product&#038;p=31881"},"modified":"2026-03-30T17:05:20","modified_gmt":"2026-03-30T17:05:20","slug":"roupeiro-capelinha-solteiro-2-portas-3-gavetas-10x-de-r-8990","status":"publish","type":"product","link":"https:\/\/tudomoveisbelem.com.br\/v19\/produto\/roupeiro-capelinha-solteiro-2-portas-3-gavetas-10x-de-r-8990\/","title":{"rendered":"Roupeiro Capelinha Solteiro 2 Portas 3 Gavetas 10x de R$119,90."},"content":{"rendered":"<p>Este Guarda-Roupa \u00e9 perfeito para o seu quarto pois tem um \u00f3timo espa\u00e7o para deixar suas roupas organizadas! Com o design moderno e ao mesmo tempo pr\u00e1tico, ele complementa sua decora\u00e7\u00e3o, al\u00e9m de organizar suas roupas e acess\u00f3rios, possuindo espelho, 3 gavetas e cabideiros. Ele est\u00e1 dispon\u00edvel em 2 op\u00e7\u00f5es de cores, para voc\u00ea escolher aquela que mais combina com o seu ambiente. Sem esquecer que a op\u00e7\u00e3o de cor Branco-Rosa permite duas op\u00e7\u00f5es de montagem!<\/p>\n<p>Diferenciais:<br \/>\n* Puxadores em ABS<br \/>\n* Cabideiro interno<br \/>\n* Guarda-Roupa com espelho<\/p>\n<p>Dimens\u00f5es:<br \/>\nLargura: 1.08 M<br \/>\nAltura: 1.87 M<br \/>\nProfundidade: 0,45 CM<\/p>\n<p>&nbsp;<\/p>\n<p>Por apenas 10x de <span style=\"color: #ff0000;\">R$119,90<\/span> sem juros no cart\u00e3o ou \u00e0 vista por <span style=\"color: #ff0000;\">R$1.199,00.<\/span><\/p>\n","protected":false},"excerpt":{"rendered":"<p>Este Guarda-Roupa \u00e9 perfeito para o seu quarto pois tem um \u00f3timo espa\u00e7o para deixar suas roupas organizadas! Com o design moderno e ao mesmo tempo pr\u00e1tico, ele complementa sua decora\u00e7\u00e3o, al\u00e9m de organizar suas roupas e acess\u00f3rios, possuindo espelho, 3 gavetas e cabideiros. Ele est\u00e1 dispon\u00edvel em 2 op\u00e7\u00f5es de cores, para voc\u00ea escolher &hellip; <a href=\"https:\/\/tudomoveisbelem.com.br\/v19\/produto\/roupeiro-capelinha-solteiro-2-portas-3-gavetas-10x-de-r-8990\/\" class=\"more-link\">Continue lendo<span class=\"screen-reader-text\"> &#8220;Roupeiro Capelinha Solteiro 2 Portas 3 Gavetas 10x de R$119,90.&#8221;<\/span><\/a><\/p>\n","protected":false},"featured_media":31887,"comment_status":"closed","ping_status":"closed","template":"","meta":[],"product_brand":[],"product_cat":[42,23,31,41],"product_tag":[],"class_list":{"0":"post-31881","1":"product","2":"type-product","3":"status-publish","4":"has-post-thumbnail","6":"product_cat-moveis-de-quarto","7":"product_cat-colchoes","8":"product_cat-infantil","9":"product_cat-roupeiros","11":"first","12":"instock","13":"shipping-taxable","14":"product-type-simple"},"_links":{"self":[{"href":"https:\/\/tudomoveisbelem.com.br\/v19\/wp-json\/wp\/v2\/product\/31881","targetHints":{"allow":["GET"]}}],"collection":[{"href":"https:\/\/tudomoveisbelem.com.br\/v19\/wp-json\/wp\/v2\/product"}],"about":[{"href":"https:\/\/tudomoveisbelem.com.br\/v19\/wp-json\/wp\/v2\/types\/product"}],"replies":[{"embeddable":true,"href":"https:\/\/tudomoveisbelem.com.br\/v19\/wp-json\/wp\/v2\/comments?post=31881"}],"version-history":[{"count":5,"href":"https:\/\/tudomoveisbelem.com.br\/v19\/wp-json\/wp\/v2\/product\/31881\/revisions"}],"predecessor-version":[{"id":37164,"href":"https:\/\/tudomoveisbelem.com.br\/v19\/wp-json\/wp\/v2\/product\/31881\/revisions\/37164"}],"wp:featuredmedia":[{"embeddable":true,"href":"https:\/\/tudomoveisbelem.com.br\/v19\/wp-json\/wp\/v2\/media\/31887"}],"wp:attachment":[{"href":"https:\/\/tudomoveisbelem.com.br\/v19\/wp-json\/wp\/v2\/media?parent=31881"}],"wp:term":[{"taxonomy":"product_brand","embeddable":true,"href":"https:\/\/tudomoveisbelem.com.br\/v19\/wp-json\/wp\/v2\/product_brand?post=31881"},{"taxonomy":"product_cat","embeddable":true,"href":"https:\/\/tudomoveisbelem.com.br\/v19\/wp-json\/wp\/v2\/product_cat?post=31881"},{"taxonomy":"product_tag","embeddable":true,"href":"https:\/\/tudomoveisbelem.com.br\/v19\/wp-json\/wp\/v2\/product_tag?post=31881"}],"curies":[{"name":"wp","href":"https:\/\/api.w.org\/{rel}","templated":true}]}}