{"id":31873,"date":"2024-12-30T20:04:26","date_gmt":"2024-12-30T20:04:26","guid":{"rendered":"https:\/\/tudomoveisbelem.com.br\/v19\/?post_type=product&#038;p=31873"},"modified":"2025-04-01T14:30:04","modified_gmt":"2025-04-01T14:30:04","slug":"painel-suspenso-para-tv-ate-70-10x-de-r-4990","status":"publish","type":"product","link":"https:\/\/tudomoveisbelem.com.br\/v19\/produto\/painel-suspenso-para-tv-ate-70-10x-de-r-4990\/","title":{"rendered":"Painel Suspenso para TV at\u00e9 70&#8243; 10x de R$ 59,90"},"content":{"rendered":"<p>Este Painel \u00e9 a escolha perfeita para quem busca um m\u00f3vel moderno e funcional para sua sala de estar. Para TV at\u00e9 70&#8243; Polegadas seu formato slim permite que o painel se adapte facilmente a diferentes estilos de decora\u00e7\u00e3o, tornando-o uma op\u00e7\u00e3o vers\u00e1til e pr\u00e1tica para quem busca praticidade e estilo em um s\u00f3 produto.<\/p>\n<p>Diferenciais:<br \/>\n* Painel compacto<br \/>\n* F\u00e1cil montagem<br \/>\n* Prateleira de 25 mm<br \/>\n* Para TV&#8217;s at\u00e9 70&#8243; Polegadas<\/p>\n<p>Dimens\u00f5es:<br \/>\nLargura: 1.80 M<br \/>\nAltura: 1.28 M<br \/>\nProfundidade: 0,20 CM<\/p>\n","protected":false},"excerpt":{"rendered":"<p>Por apenas 10x de <span style=\"color: #ff0000;\">R$59,90<\/span> sem juros no cart\u00e3o ou \u00e0 vista por <span style=\"color: #ff0000;\">R$599,00.<\/span><\/p>\n","protected":false},"featured_media":31875,"comment_status":"closed","ping_status":"closed","template":"","meta":[],"product_brand":[],"product_cat":[29,44],"product_tag":[],"class_list":{"0":"post-31873","1":"product","2":"type-product","3":"status-publish","4":"has-post-thumbnail","6":"product_cat-sala","7":"product_cat-paineis","9":"first","10":"instock","11":"shipping-taxable","12":"product-type-simple"},"_links":{"self":[{"href":"https:\/\/tudomoveisbelem.com.br\/v19\/wp-json\/wp\/v2\/product\/31873","targetHints":{"allow":["GET"]}}],"collection":[{"href":"https:\/\/tudomoveisbelem.com.br\/v19\/wp-json\/wp\/v2\/product"}],"about":[{"href":"https:\/\/tudomoveisbelem.com.br\/v19\/wp-json\/wp\/v2\/types\/product"}],"replies":[{"embeddable":true,"href":"https:\/\/tudomoveisbelem.com.br\/v19\/wp-json\/wp\/v2\/comments?post=31873"}],"version-history":[{"count":3,"href":"https:\/\/tudomoveisbelem.com.br\/v19\/wp-json\/wp\/v2\/product\/31873\/revisions"}],"predecessor-version":[{"id":33148,"href":"https:\/\/tudomoveisbelem.com.br\/v19\/wp-json\/wp\/v2\/product\/31873\/revisions\/33148"}],"wp:featuredmedia":[{"embeddable":true,"href":"https:\/\/tudomoveisbelem.com.br\/v19\/wp-json\/wp\/v2\/media\/31875"}],"wp:attachment":[{"href":"https:\/\/tudomoveisbelem.com.br\/v19\/wp-json\/wp\/v2\/media?parent=31873"}],"wp:term":[{"taxonomy":"product_brand","embeddable":true,"href":"https:\/\/tudomoveisbelem.com.br\/v19\/wp-json\/wp\/v2\/product_brand?post=31873"},{"taxonomy":"product_cat","embeddable":true,"href":"https:\/\/tudomoveisbelem.com.br\/v19\/wp-json\/wp\/v2\/product_cat?post=31873"},{"taxonomy":"product_tag","embeddable":true,"href":"https:\/\/tudomoveisbelem.com.br\/v19\/wp-json\/wp\/v2\/product_tag?post=31873"}],"curies":[{"name":"wp","href":"https:\/\/api.w.org\/{rel}","templated":true}]}}