{"id":31865,"date":"2024-12-30T19:57:33","date_gmt":"2024-12-30T19:57:33","guid":{"rendered":"https:\/\/tudomoveisbelem.com.br\/v19\/?post_type=product&#038;p=31865"},"modified":"2025-10-16T18:40:28","modified_gmt":"2025-10-16T18:40:28","slug":"armario-multiuso-4-portas-e-nicho-10x-de-r-6990","status":"publish","type":"product","link":"https:\/\/tudomoveisbelem.com.br\/v19\/produto\/armario-multiuso-4-portas-e-nicho-10x-de-r-6990\/","title":{"rendered":"Arm\u00e1rio Multiuso 4 Portas e Nicho"},"content":{"rendered":"<p>\ud83e\uddfa\u2728 ORGANIZA\u00c7\u00c3O E BELEZA EM UM \u00daNICO M\u00d3VEL! \u2728\ud83e\uddfa<br \/>\nO Arm\u00e1rio Multiuso 4 Portas e Nicho \u00e9 o aliado perfeito pra deixar seu ambiente sempre arrumado e cheio de estilo! \ud83d\ude0d<\/p>\n<p>\ud83d\udc8e Diferenciais que encantam:<br \/>\n\u2714\ufe0f Puxadores em ABS \u2013 modernos e resistentes \ud83d\udcaa<br \/>\n\u2714\ufe0f 4 prateleiras internas \u2013 espa\u00e7o para tudo o que voc\u00ea precisa \ud83e\udde4<br \/>\n\u2714\ufe0f Nicho aberto espa\u00e7oso \u2013 ideal para decora\u00e7\u00f5es e objetos maiores \ud83c\udfe1<\/p>\n<p>\ud83d\udccf Dimens\u00f5es:<br \/>\nAltura: 1,79 m | Largura: 0,93 m | Profundidade: 0,35 m<\/p>\n<p>\ud83d\udcb0 Por apenas 10x de <span style=\"color: #ff0000;\"><strong>R$89,90<\/strong><\/span> sem juros<br \/>\nou <span style=\"color: #ff0000;\"><strong>R$899,00<\/strong><\/span> \u00e0 vista! \ud83d\ude31<\/p>\n<p>\ud83d\ude9b Entrega e montagem gr\u00e1tis no mesmo dia em Bel\u00e9m, Ananindeua e Marituba!<br \/>\n\ud83d\uded2 Compre na loja f\u00edsica ou pelo WhatsApp e pague na entrega!<\/p>\n<p>\u2728 Tudo M\u00f3veis \u2014 praticidade e eleg\u00e2ncia que transformam seu lar! \u2728<\/p>\n","protected":false},"excerpt":{"rendered":"<p>Por apenas 10x de <span style=\"color: #ff0000;\">R$79,90<\/span> sem juros no cart\u00e3o ou \u00e0 vista por <span style=\"color: #ff0000;\">R$799,00.<\/span><\/p>\n","protected":false},"featured_media":31871,"comment_status":"closed","ping_status":"closed","template":"","meta":[],"product_brand":[],"product_cat":[32,23],"product_tag":[],"class_list":{"0":"post-31865","1":"product","2":"type-product","3":"status-publish","4":"has-post-thumbnail","6":"product_cat-escritorio","7":"product_cat-colchoes","9":"first","10":"instock","11":"shipping-taxable","12":"product-type-simple"},"_links":{"self":[{"href":"https:\/\/tudomoveisbelem.com.br\/v19\/wp-json\/wp\/v2\/product\/31865","targetHints":{"allow":["GET"]}}],"collection":[{"href":"https:\/\/tudomoveisbelem.com.br\/v19\/wp-json\/wp\/v2\/product"}],"about":[{"href":"https:\/\/tudomoveisbelem.com.br\/v19\/wp-json\/wp\/v2\/types\/product"}],"replies":[{"embeddable":true,"href":"https:\/\/tudomoveisbelem.com.br\/v19\/wp-json\/wp\/v2\/comments?post=31865"}],"version-history":[{"count":3,"href":"https:\/\/tudomoveisbelem.com.br\/v19\/wp-json\/wp\/v2\/product\/31865\/revisions"}],"predecessor-version":[{"id":35640,"href":"https:\/\/tudomoveisbelem.com.br\/v19\/wp-json\/wp\/v2\/product\/31865\/revisions\/35640"}],"wp:featuredmedia":[{"embeddable":true,"href":"https:\/\/tudomoveisbelem.com.br\/v19\/wp-json\/wp\/v2\/media\/31871"}],"wp:attachment":[{"href":"https:\/\/tudomoveisbelem.com.br\/v19\/wp-json\/wp\/v2\/media?parent=31865"}],"wp:term":[{"taxonomy":"product_brand","embeddable":true,"href":"https:\/\/tudomoveisbelem.com.br\/v19\/wp-json\/wp\/v2\/product_brand?post=31865"},{"taxonomy":"product_cat","embeddable":true,"href":"https:\/\/tudomoveisbelem.com.br\/v19\/wp-json\/wp\/v2\/product_cat?post=31865"},{"taxonomy":"product_tag","embeddable":true,"href":"https:\/\/tudomoveisbelem.com.br\/v19\/wp-json\/wp\/v2\/product_tag?post=31865"}],"curies":[{"name":"wp","href":"https:\/\/api.w.org\/{rel}","templated":true}]}}