{"id":31846,"date":"2024-12-30T19:29:31","date_gmt":"2024-12-30T19:29:31","guid":{"rendered":"https:\/\/tudomoveisbelem.com.br\/v19\/?post_type=product&#038;p=31846"},"modified":"2024-12-30T19:29:31","modified_gmt":"2024-12-30T19:29:31","slug":"cadeira-presidente-estofada-com-base-giratoria-10x-de-r-11000","status":"publish","type":"product","link":"https:\/\/tudomoveisbelem.com.br\/v19\/produto\/cadeira-presidente-estofada-com-base-giratoria-10x-de-r-11000\/","title":{"rendered":"Cadeira Presidente Estofada com Base Girat\u00f3ria 10x de R$ 110,00"},"content":{"rendered":"<p>Esta cadeira \u00e9 projetada para maximizar o conforto e a funcionalidade, com um design totalmente acolchoado e revestido em PU. O acolchoamento extenso oferece uma experi\u00eancia de assento confort\u00e1vel, ideal para longas horas de trabalho. Equipada com um sistema relax que permite ajustar a orienta\u00e7\u00e3o e travar a posi\u00e7\u00e3o desejada, esta cadeira oferece flexibilidade e suporte personalizado para diferentes posturas. Os bra\u00e7os tamb\u00e9m acolchoados proporcionam conforto adicional para os antebra\u00e7os e um toque de sofistica\u00e7\u00e3o ao design. A base cromada adiciona um toque de eleg\u00e2ncia e modernidade, enquanto os rod\u00edzios garantem f\u00e1cil movimenta\u00e7\u00e3o e manobrabilidade no ambiente de escrit\u00f3rio. Esta combina conforto superior com um estilo contempor\u00e2neo, sendo uma excelente escolha para quem busca um equil\u00edbrio entre ergonomia e est\u00e9tica.<\/p>\n<p>Dimens\u00f5es:<br \/>\nLargura: 0,52 CM<br \/>\nAltura: 1.07 M<br \/>\nProfundidade: 0,78 CM<\/p>\n","protected":false},"excerpt":{"rendered":"<p>Esta cadeira \u00e9 projetada para maximizar o conforto e a funcionalidade, com um design totalmente acolchoado e revestido em PU. O acolchoamento extenso oferece uma experi\u00eancia de assento confort\u00e1vel, ideal para longas horas de trabalho. Equipada com um sistema relax que permite ajustar a orienta\u00e7\u00e3o e travar a posi\u00e7\u00e3o desejada, esta cadeira oferece flexibilidade e &hellip; <a href=\"https:\/\/tudomoveisbelem.com.br\/v19\/produto\/cadeira-presidente-estofada-com-base-giratoria-10x-de-r-11000\/\" class=\"more-link\">Continue lendo<span class=\"screen-reader-text\"> &#8220;Cadeira Presidente Estofada com Base Girat\u00f3ria 10x de R$ 110,00&#8221;<\/span><\/a><\/p>\n","protected":false},"featured_media":31848,"comment_status":"closed","ping_status":"closed","template":"","meta":[],"product_brand":[],"product_cat":[32],"product_tag":[],"class_list":{"0":"post-31846","1":"product","2":"type-product","3":"status-publish","4":"has-post-thumbnail","6":"product_cat-escritorio","8":"first","9":"instock","10":"shipping-taxable","11":"product-type-simple"},"_links":{"self":[{"href":"https:\/\/tudomoveisbelem.com.br\/v19\/wp-json\/wp\/v2\/product\/31846","targetHints":{"allow":["GET"]}}],"collection":[{"href":"https:\/\/tudomoveisbelem.com.br\/v19\/wp-json\/wp\/v2\/product"}],"about":[{"href":"https:\/\/tudomoveisbelem.com.br\/v19\/wp-json\/wp\/v2\/types\/product"}],"replies":[{"embeddable":true,"href":"https:\/\/tudomoveisbelem.com.br\/v19\/wp-json\/wp\/v2\/comments?post=31846"}],"version-history":[{"count":1,"href":"https:\/\/tudomoveisbelem.com.br\/v19\/wp-json\/wp\/v2\/product\/31846\/revisions"}],"predecessor-version":[{"id":31851,"href":"https:\/\/tudomoveisbelem.com.br\/v19\/wp-json\/wp\/v2\/product\/31846\/revisions\/31851"}],"wp:featuredmedia":[{"embeddable":true,"href":"https:\/\/tudomoveisbelem.com.br\/v19\/wp-json\/wp\/v2\/media\/31848"}],"wp:attachment":[{"href":"https:\/\/tudomoveisbelem.com.br\/v19\/wp-json\/wp\/v2\/media?parent=31846"}],"wp:term":[{"taxonomy":"product_brand","embeddable":true,"href":"https:\/\/tudomoveisbelem.com.br\/v19\/wp-json\/wp\/v2\/product_brand?post=31846"},{"taxonomy":"product_cat","embeddable":true,"href":"https:\/\/tudomoveisbelem.com.br\/v19\/wp-json\/wp\/v2\/product_cat?post=31846"},{"taxonomy":"product_tag","embeddable":true,"href":"https:\/\/tudomoveisbelem.com.br\/v19\/wp-json\/wp\/v2\/product_tag?post=31846"}],"curies":[{"name":"wp","href":"https:\/\/api.w.org\/{rel}","templated":true}]}}