{"id":31840,"date":"2024-12-30T19:26:29","date_gmt":"2024-12-30T19:26:29","guid":{"rendered":"https:\/\/tudomoveisbelem.com.br\/v19\/?post_type=product&#038;p=31840"},"modified":"2024-12-30T19:26:29","modified_gmt":"2024-12-30T19:26:29","slug":"cadeira-de-escritorio-fixa-com-base-cromada-10x-de-r-2990","status":"publish","type":"product","link":"https:\/\/tudomoveisbelem.com.br\/v19\/produto\/cadeira-de-escritorio-fixa-com-base-cromada-10x-de-r-2990\/","title":{"rendered":"Cadeira de Escrit\u00f3rio Fixa com Base Cromada 10x de R$ 29,90"},"content":{"rendered":"<p>A cadeira de Escrit\u00f3rio Fixa com Base Cromada oferece versatilidade na decora\u00e7\u00e3o de qualquer ambiente, desde a sala de jantar, cozinha ou ambientes corporativos. O couro ecol\u00f3gico \u00e9 resistente, de f\u00e1cil limpeza, em estrutura metalizada e pode ser empilhada. N\u00e3o perde mais tempo e garanta a sua!<\/p>\n<p>Dimens\u00f5es:<br \/>\nLargura: 0,47 CM<br \/>\nAltura: 0,81 CM<br \/>\nProfundidade: 0,51 CM<\/p>\n","protected":false},"excerpt":{"rendered":"<p>Por apenas 10x de<span style=\"color: #ff0000;\">\u00a0R$29,90<\/span> sem juros no cart\u00e3o ou \u00e0 vista por <span style=\"color: #ff0000;\">R$299,00.<\/span><\/p>\n","protected":false},"featured_media":31841,"comment_status":"closed","ping_status":"closed","template":"","meta":[],"product_brand":[],"product_cat":[32],"product_tag":[],"class_list":{"0":"post-31840","1":"product","2":"type-product","3":"status-publish","4":"has-post-thumbnail","6":"product_cat-escritorio","8":"first","9":"instock","10":"shipping-taxable","11":"product-type-simple"},"_links":{"self":[{"href":"https:\/\/tudomoveisbelem.com.br\/v19\/wp-json\/wp\/v2\/product\/31840","targetHints":{"allow":["GET"]}}],"collection":[{"href":"https:\/\/tudomoveisbelem.com.br\/v19\/wp-json\/wp\/v2\/product"}],"about":[{"href":"https:\/\/tudomoveisbelem.com.br\/v19\/wp-json\/wp\/v2\/types\/product"}],"replies":[{"embeddable":true,"href":"https:\/\/tudomoveisbelem.com.br\/v19\/wp-json\/wp\/v2\/comments?post=31840"}],"version-history":[{"count":1,"href":"https:\/\/tudomoveisbelem.com.br\/v19\/wp-json\/wp\/v2\/product\/31840\/revisions"}],"predecessor-version":[{"id":31845,"href":"https:\/\/tudomoveisbelem.com.br\/v19\/wp-json\/wp\/v2\/product\/31840\/revisions\/31845"}],"wp:featuredmedia":[{"embeddable":true,"href":"https:\/\/tudomoveisbelem.com.br\/v19\/wp-json\/wp\/v2\/media\/31841"}],"wp:attachment":[{"href":"https:\/\/tudomoveisbelem.com.br\/v19\/wp-json\/wp\/v2\/media?parent=31840"}],"wp:term":[{"taxonomy":"product_brand","embeddable":true,"href":"https:\/\/tudomoveisbelem.com.br\/v19\/wp-json\/wp\/v2\/product_brand?post=31840"},{"taxonomy":"product_cat","embeddable":true,"href":"https:\/\/tudomoveisbelem.com.br\/v19\/wp-json\/wp\/v2\/product_cat?post=31840"},{"taxonomy":"product_tag","embeddable":true,"href":"https:\/\/tudomoveisbelem.com.br\/v19\/wp-json\/wp\/v2\/product_tag?post=31840"}],"curies":[{"name":"wp","href":"https:\/\/api.w.org\/{rel}","templated":true}]}}