{"id":31834,"date":"2024-12-30T19:20:53","date_gmt":"2024-12-30T19:20:53","guid":{"rendered":"https:\/\/tudomoveisbelem.com.br\/v19\/?post_type=product&#038;p=31834"},"modified":"2025-08-26T16:45:16","modified_gmt":"2025-08-26T16:45:16","slug":"poltrona-estofada-em-veludo-com-base-em-metal-10x-de-9990","status":"publish","type":"product","link":"https:\/\/tudomoveisbelem.com.br\/v19\/produto\/poltrona-estofada-em-veludo-com-base-em-metal-10x-de-9990\/","title":{"rendered":"Poltrona Estofada em Veludo com Base em Metal"},"content":{"rendered":"<p>\u2728 ELEG\u00c2NCIA EM CADA DETALHE!<br \/>\nA Poltrona Estofada em Veludo com base em metal \u00e9 aquele toque de sofistica\u00e7\u00e3o que faltava no seu ambiente. Com design moderno e acabamento impec\u00e1vel, ela \u00e9 perfeita para compor desde salas de estar at\u00e9 caf\u00e9s, escrit\u00f3rios ou recep\u00e7\u00f5es! \u2615\ud83c\udfe1\ud83d\udda4<\/p>\n<p>\ud83d\udc8e Diferenciais que encantam:<br \/>\n\u2714\ufe0f Estofada com espuma confort\u00e1vel<br \/>\n\u2714\ufe0f Revestida em veludo de toque macio<br \/>\n\u2714\ufe0f Base met\u00e1lica resistente e estilosa<br \/>\n\u2714\ufe0f Ideal para ambientes modernos ou cl\u00e1ssicos<br \/>\n\u2714\ufe0f Compacta, vers\u00e1til e cheia de personalidade!<\/p>\n<p>\ud83d\udcd0 Dimens\u00f5es:<br \/>\nLargura: 0,57m<br \/>\nAltura: 0,79m<br \/>\nProfundidade: 0,60m<\/p>\n<p>\ud83d\ude9b ENTREGA E MONTAGEM GR\u00c1TIS em Bel\u00e9m, Ananindeua e Marituba<br \/>\n\ud83d\uded2 Compre direto pelo WhatsApp ou em uma de nossas lojas<br \/>\n\u2705 Produto novo com garantia de f\u00e1brica<\/p>\n<p>&nbsp;<\/p>\n<p>&nbsp;<\/p>\n<p>De R$1.100,00 por apenas 10x de <span style=\"color: #ff0000;\">R$89,90<\/span> sem juros no cart\u00e3o ou \u00e0 vista por <span style=\"color: #ff0000;\">R$899,00.<\/span><\/p>\n","protected":false},"excerpt":{"rendered":"<p>\u2728 ELEG\u00c2NCIA EM CADA DETALHE! A Poltrona Estofada em Veludo com base em metal \u00e9 aquele toque de sofistica\u00e7\u00e3o que faltava no seu ambiente. Com design moderno e acabamento impec\u00e1vel, ela \u00e9 perfeita para compor desde salas de estar at\u00e9 caf\u00e9s, escrit\u00f3rios ou recep\u00e7\u00f5es! \u2615\ud83c\udfe1\ud83d\udda4 \ud83d\udc8e Diferenciais que encantam: \u2714\ufe0f Estofada com espuma confort\u00e1vel \u2714\ufe0f &hellip; <a href=\"https:\/\/tudomoveisbelem.com.br\/v19\/produto\/poltrona-estofada-em-veludo-com-base-em-metal-10x-de-9990\/\" class=\"more-link\">Continue lendo<span class=\"screen-reader-text\"> &#8220;Poltrona Estofada em Veludo com Base em Metal&#8221;<\/span><\/a><\/p>\n","protected":false},"featured_media":31836,"comment_status":"closed","ping_status":"closed","template":"","meta":[],"product_brand":[],"product_cat":[154],"product_tag":[],"class_list":{"0":"post-31834","1":"product","2":"type-product","3":"status-publish","4":"has-post-thumbnail","6":"product_cat-aparadores-buffets","8":"first","9":"instock","10":"shipping-taxable","11":"product-type-simple"},"_links":{"self":[{"href":"https:\/\/tudomoveisbelem.com.br\/v19\/wp-json\/wp\/v2\/product\/31834","targetHints":{"allow":["GET"]}}],"collection":[{"href":"https:\/\/tudomoveisbelem.com.br\/v19\/wp-json\/wp\/v2\/product"}],"about":[{"href":"https:\/\/tudomoveisbelem.com.br\/v19\/wp-json\/wp\/v2\/types\/product"}],"replies":[{"embeddable":true,"href":"https:\/\/tudomoveisbelem.com.br\/v19\/wp-json\/wp\/v2\/comments?post=31834"}],"version-history":[{"count":4,"href":"https:\/\/tudomoveisbelem.com.br\/v19\/wp-json\/wp\/v2\/product\/31834\/revisions"}],"predecessor-version":[{"id":34842,"href":"https:\/\/tudomoveisbelem.com.br\/v19\/wp-json\/wp\/v2\/product\/31834\/revisions\/34842"}],"wp:featuredmedia":[{"embeddable":true,"href":"https:\/\/tudomoveisbelem.com.br\/v19\/wp-json\/wp\/v2\/media\/31836"}],"wp:attachment":[{"href":"https:\/\/tudomoveisbelem.com.br\/v19\/wp-json\/wp\/v2\/media?parent=31834"}],"wp:term":[{"taxonomy":"product_brand","embeddable":true,"href":"https:\/\/tudomoveisbelem.com.br\/v19\/wp-json\/wp\/v2\/product_brand?post=31834"},{"taxonomy":"product_cat","embeddable":true,"href":"https:\/\/tudomoveisbelem.com.br\/v19\/wp-json\/wp\/v2\/product_cat?post=31834"},{"taxonomy":"product_tag","embeddable":true,"href":"https:\/\/tudomoveisbelem.com.br\/v19\/wp-json\/wp\/v2\/product_tag?post=31834"}],"curies":[{"name":"wp","href":"https:\/\/api.w.org\/{rel}","templated":true}]}}