{"id":31536,"date":"2024-11-28T19:53:07","date_gmt":"2024-11-28T19:53:07","guid":{"rendered":"https:\/\/tudomoveisbelem.com.br\/v19\/?post_type=product&#038;p=31536"},"modified":"2024-11-28T19:53:08","modified_gmt":"2024-11-28T19:53:08","slug":"cadeira-estilo-eiffel-com-pes-em-madeira-10x-de-r-2990","status":"publish","type":"product","link":"https:\/\/tudomoveisbelem.com.br\/v19\/produto\/cadeira-estilo-eiffel-com-pes-em-madeira-10x-de-r-2990\/","title":{"rendered":"Cadeira Estilo Eiffel com P\u00e9s em Madeira 10x de R$ 29,90"},"content":{"rendered":"<p>Com design moderno, essa cadeira \u00e9 ideal para quem se preocupa com est\u00e9tica sem abrir m\u00e3o do conforto. A Cadeira Eiffel com P\u00e9s em Madeira \u00e9 uma mob\u00edlia sofisticada para compor diversos tipos de ambientes profissionais ou particulares. O modelo \u00e9 feito de material resistente. Produto de montagem simples e r\u00e1pida. Ela garante postura correta, equilibrada e ergon\u00f4mica, contribuindo para a sua sa\u00fade postural. N\u00e3o perde mais tempo e adquira a sua!<\/p>\n<p>Caracter\u00edsticas:<br \/>\n&#8211; Produzida em polipropileno<br \/>\n&#8211; Resistente<br \/>\n&#8211; F\u00e1cil limpeza<\/p>\n<p>Dimens\u00f5es:<br \/>\nLargura: 0,45 CM<br \/>\nAltura: 0,80 CM<br \/>\nProfundidade: 0,40 CM<\/p>\n","protected":false},"excerpt":{"rendered":"<p>Por apenas 10x de\u00a0 <span style=\"color: #ff0000;\">R$29,90<\/span> sem juros no cart\u00e3o ou \u00e0 vista por <span style=\"color: #ff0000;\">R$299,00.<\/span><\/p>\n","protected":false},"featured_media":31542,"comment_status":"closed","ping_status":"closed","template":"","meta":[],"product_brand":[],"product_cat":[32],"product_tag":[],"class_list":{"0":"post-31536","1":"product","2":"type-product","3":"status-publish","4":"has-post-thumbnail","6":"product_cat-escritorio","8":"first","9":"instock","10":"shipping-taxable","11":"product-type-simple"},"_links":{"self":[{"href":"https:\/\/tudomoveisbelem.com.br\/v19\/wp-json\/wp\/v2\/product\/31536","targetHints":{"allow":["GET"]}}],"collection":[{"href":"https:\/\/tudomoveisbelem.com.br\/v19\/wp-json\/wp\/v2\/product"}],"about":[{"href":"https:\/\/tudomoveisbelem.com.br\/v19\/wp-json\/wp\/v2\/types\/product"}],"replies":[{"embeddable":true,"href":"https:\/\/tudomoveisbelem.com.br\/v19\/wp-json\/wp\/v2\/comments?post=31536"}],"version-history":[{"count":1,"href":"https:\/\/tudomoveisbelem.com.br\/v19\/wp-json\/wp\/v2\/product\/31536\/revisions"}],"predecessor-version":[{"id":31549,"href":"https:\/\/tudomoveisbelem.com.br\/v19\/wp-json\/wp\/v2\/product\/31536\/revisions\/31549"}],"wp:featuredmedia":[{"embeddable":true,"href":"https:\/\/tudomoveisbelem.com.br\/v19\/wp-json\/wp\/v2\/media\/31542"}],"wp:attachment":[{"href":"https:\/\/tudomoveisbelem.com.br\/v19\/wp-json\/wp\/v2\/media?parent=31536"}],"wp:term":[{"taxonomy":"product_brand","embeddable":true,"href":"https:\/\/tudomoveisbelem.com.br\/v19\/wp-json\/wp\/v2\/product_brand?post=31536"},{"taxonomy":"product_cat","embeddable":true,"href":"https:\/\/tudomoveisbelem.com.br\/v19\/wp-json\/wp\/v2\/product_cat?post=31536"},{"taxonomy":"product_tag","embeddable":true,"href":"https:\/\/tudomoveisbelem.com.br\/v19\/wp-json\/wp\/v2\/product_tag?post=31536"}],"curies":[{"name":"wp","href":"https:\/\/api.w.org\/{rel}","templated":true}]}}