{"id":31335,"date":"2024-11-08T20:11:28","date_gmt":"2024-11-08T20:11:28","guid":{"rendered":"https:\/\/tudomoveisbelem.com.br\/v19\/?post_type=product&#038;p=31335"},"modified":"2025-03-28T13:33:00","modified_gmt":"2025-03-28T13:33:00","slug":"estante-livreiro-4-nichos-e-1-gaveta-10x-de-r-5490","status":"publish","type":"product","link":"https:\/\/tudomoveisbelem.com.br\/v19\/produto\/estante-livreiro-4-nichos-e-1-gaveta-10x-de-r-5490\/","title":{"rendered":"Estante Livreiro 4 Nichos e 1 Gaveta 10x de R$ 69,90"},"content":{"rendered":"<p>Com ambientes cada vez menores \u00e9 preciso estar atento na hora de escolher os m\u00f3veis para compor a decora\u00e7\u00e3o do espa\u00e7o; afinal, precisam ser funcionais. Apresentando design moderno a Estante Livreiro tem estilo industrial e\u00a0\u00e9 produzida com materiais de \u00f3tima qualidade, garantindo durabilidade e resist\u00eancia ao m\u00f3vel; proporcionando praticidade para utiliza\u00e7\u00e3o em salas de estar e escrit\u00f3rios para organiza\u00e7\u00e3o de livros e at\u00e9 objetos de decora\u00e7\u00e3o. Possui design minimalista<br \/>\ne gaveta\u00a0com corredi\u00e7a telesc\u00f3pica.<br \/>\nPode ser montado em conjunto ou complementar outros m\u00f3veis\u00a0Office. Demais n\u00e9?<\/p>\n<p>Dimens\u00f5es:<br \/>\nAltura: 1.84 M<br \/>\nLargura: 0,75 M<br \/>\nProfundidade: 0,34 CM<\/p>\n","protected":false},"excerpt":{"rendered":"<p>Por apenas 10x de <span style=\"color: #ff0000;\">R$69,90<\/span> sem juros no cart\u00e3o ou \u00e0 vista por <span style=\"color: #ff0000;\">R$699,00.<\/span><\/p>\n","protected":false},"featured_media":31336,"comment_status":"closed","ping_status":"closed","template":"","meta":[],"product_brand":[],"product_cat":[32],"product_tag":[],"class_list":{"0":"post-31335","1":"product","2":"type-product","3":"status-publish","4":"has-post-thumbnail","6":"product_cat-escritorio","8":"first","9":"instock","10":"shipping-taxable","11":"product-type-simple"},"_links":{"self":[{"href":"https:\/\/tudomoveisbelem.com.br\/v19\/wp-json\/wp\/v2\/product\/31335","targetHints":{"allow":["GET"]}}],"collection":[{"href":"https:\/\/tudomoveisbelem.com.br\/v19\/wp-json\/wp\/v2\/product"}],"about":[{"href":"https:\/\/tudomoveisbelem.com.br\/v19\/wp-json\/wp\/v2\/types\/product"}],"replies":[{"embeddable":true,"href":"https:\/\/tudomoveisbelem.com.br\/v19\/wp-json\/wp\/v2\/comments?post=31335"}],"version-history":[{"count":3,"href":"https:\/\/tudomoveisbelem.com.br\/v19\/wp-json\/wp\/v2\/product\/31335\/revisions"}],"predecessor-version":[{"id":33063,"href":"https:\/\/tudomoveisbelem.com.br\/v19\/wp-json\/wp\/v2\/product\/31335\/revisions\/33063"}],"wp:featuredmedia":[{"embeddable":true,"href":"https:\/\/tudomoveisbelem.com.br\/v19\/wp-json\/wp\/v2\/media\/31336"}],"wp:attachment":[{"href":"https:\/\/tudomoveisbelem.com.br\/v19\/wp-json\/wp\/v2\/media?parent=31335"}],"wp:term":[{"taxonomy":"product_brand","embeddable":true,"href":"https:\/\/tudomoveisbelem.com.br\/v19\/wp-json\/wp\/v2\/product_brand?post=31335"},{"taxonomy":"product_cat","embeddable":true,"href":"https:\/\/tudomoveisbelem.com.br\/v19\/wp-json\/wp\/v2\/product_cat?post=31335"},{"taxonomy":"product_tag","embeddable":true,"href":"https:\/\/tudomoveisbelem.com.br\/v19\/wp-json\/wp\/v2\/product_tag?post=31335"}],"curies":[{"name":"wp","href":"https:\/\/api.w.org\/{rel}","templated":true}]}}