{"id":31166,"date":"2024-10-18T19:03:53","date_gmt":"2024-10-18T19:03:53","guid":{"rendered":"https:\/\/tudomoveisbelem.com.br\/v19\/?post_type=product&#038;p=31166"},"modified":"2025-08-04T16:52:58","modified_gmt":"2025-08-04T16:52:58","slug":"balcao-de-canto-para-cozinha-1-porta-baroneza-100-mdf-10x-de-r-9490","status":"publish","type":"product","link":"https:\/\/tudomoveisbelem.com.br\/v19\/produto\/balcao-de-canto-para-cozinha-1-porta-baroneza-100-mdf-10x-de-r-9490\/","title":{"rendered":"Balc\u00e3o de Canto para Cozinha 1 Porta Baronesa 100% MDF 10x de R$ 99,90"},"content":{"rendered":"<p>\ud83d\udce6\u2728 MAIS UMA NOVIDADE NA TUDO M\u00d3VEIS!<br \/>\nChegou o BALC\u00c3O DE CANTO BARONESA \u2014 1 PORTA | 100% MDF, perfeito pra deixar sua cozinha ainda mais completa e funcional! \ud83e\uddd1\u200d\ud83c\udf73<\/p>\n<p>\u2728 Destaques do modelo:<br \/>\n\u2714\ufe0f Design contempor\u00e2neo e robusto \u2014 visual moderno inspirado nas cozinhas planejadas.<br \/>\n\u2714\ufe0f 100% MDF e ferragens de \u00faltima gera\u00e7\u00e3o \u2014 durabilidade e resist\u00eancia pra aguentar o uso di\u00e1rio.<br \/>\n\u2714\ufe0f Aproveitamento de canto inteligente \u2014 ideal pra otimizar espa\u00e7os com eleg\u00e2ncia.<br \/>\n\u2714\ufe0f Acabamento impec\u00e1vel \u2014 pensado nos m\u00ednimos detalhes pra embelezar seu ambiente.<\/p>\n<p>\ud83d\udee0\ufe0f E como sempre: entrega e montagem GR\u00c1TIS no mesmo dia em Bel\u00e9m, Ananindeua e Marituba!<\/p>\n<p>\ud83d\udce6 Produto novo, direto da loja pro seu lar, com garantia de f\u00e1brica.<br \/>\n\ud83d\udcf2 Compre pelo WhatsApp ou visite uma de nossas lojas f\u00edsicas e leve agora!<\/p>\n","protected":false},"excerpt":{"rendered":"<p>Por apenas 10x de <span style=\"color: #ff0000;\">R$99,90<\/span> sem juros no cart\u00e3o ou \u00e0 vista por <span style=\"color: #ff0000;\">R$999,00<\/span><\/p>\n","protected":false},"featured_media":31168,"comment_status":"closed","ping_status":"closed","template":"","meta":[],"product_brand":[],"product_cat":[22],"product_tag":[],"class_list":{"0":"post-31166","1":"product","2":"type-product","3":"status-publish","4":"has-post-thumbnail","6":"product_cat-moveis","8":"first","9":"instock","10":"shipping-taxable","11":"product-type-simple"},"_links":{"self":[{"href":"https:\/\/tudomoveisbelem.com.br\/v19\/wp-json\/wp\/v2\/product\/31166","targetHints":{"allow":["GET"]}}],"collection":[{"href":"https:\/\/tudomoveisbelem.com.br\/v19\/wp-json\/wp\/v2\/product"}],"about":[{"href":"https:\/\/tudomoveisbelem.com.br\/v19\/wp-json\/wp\/v2\/types\/product"}],"replies":[{"embeddable":true,"href":"https:\/\/tudomoveisbelem.com.br\/v19\/wp-json\/wp\/v2\/comments?post=31166"}],"version-history":[{"count":4,"href":"https:\/\/tudomoveisbelem.com.br\/v19\/wp-json\/wp\/v2\/product\/31166\/revisions"}],"predecessor-version":[{"id":34432,"href":"https:\/\/tudomoveisbelem.com.br\/v19\/wp-json\/wp\/v2\/product\/31166\/revisions\/34432"}],"wp:featuredmedia":[{"embeddable":true,"href":"https:\/\/tudomoveisbelem.com.br\/v19\/wp-json\/wp\/v2\/media\/31168"}],"wp:attachment":[{"href":"https:\/\/tudomoveisbelem.com.br\/v19\/wp-json\/wp\/v2\/media?parent=31166"}],"wp:term":[{"taxonomy":"product_brand","embeddable":true,"href":"https:\/\/tudomoveisbelem.com.br\/v19\/wp-json\/wp\/v2\/product_brand?post=31166"},{"taxonomy":"product_cat","embeddable":true,"href":"https:\/\/tudomoveisbelem.com.br\/v19\/wp-json\/wp\/v2\/product_cat?post=31166"},{"taxonomy":"product_tag","embeddable":true,"href":"https:\/\/tudomoveisbelem.com.br\/v19\/wp-json\/wp\/v2\/product_tag?post=31166"}],"curies":[{"name":"wp","href":"https:\/\/api.w.org\/{rel}","templated":true}]}}