{"id":31156,"date":"2024-10-18T17:07:03","date_gmt":"2024-10-18T17:07:03","guid":{"rendered":"https:\/\/tudomoveisbelem.com.br\/v19\/?post_type=product&#038;p=31156"},"modified":"2025-08-25T21:07:54","modified_gmt":"2025-08-25T21:07:54","slug":"armario-aereo-de-geladeira-baronesa-100-mdf-10x-de-r-3990","status":"publish","type":"product","link":"https:\/\/tudomoveisbelem.com.br\/v19\/produto\/armario-aereo-de-geladeira-baronesa-100-mdf-10x-de-r-3990\/","title":{"rendered":"Arm\u00e1rio A\u00e9reo de Geladeira Baronesa 100% MDF."},"content":{"rendered":"<p>O a\u00e9reo geladeira Baronesa \u00e9 a escolha ideal para trazer organiza\u00e7\u00e3o com estilo para a sua cozinha. A pe\u00e7a \u00e9 cuidadosamente feita em MDF de alta qualidade, garantindo eleg\u00e2ncia e durabilidade.<\/p>\n<p>As dobradi\u00e7as s\u00e3o projetadas para suavizar o fechamento, proporcionando um toque suave e silencioso ao seu dia a dia.<\/p>\n<p>Organize e decore, o Baronesa \u00e9 perfeito para sua cozinha! \ud83d\ude42<\/p>\n<p>Dimens\u00f5es<br \/>\nLargura: 0,80 CM<br \/>\nAltura: 0,34 CM<br \/>\nProfundidade: 0,32 CM<\/p>\n<p>&nbsp;<\/p>\n<p>Por apenas 10x de\u00a0 <span style=\"color: #ff0000;\">R$39,90<\/span> sem juros no cart\u00e3o ou \u00e0 vista por <span style=\"color: #ff0000;\">R$399,00.<\/span><\/p>\n","protected":false},"excerpt":{"rendered":"<p>O a\u00e9reo geladeira Baronesa \u00e9 a escolha ideal para trazer organiza\u00e7\u00e3o com estilo para a sua cozinha. A pe\u00e7a \u00e9 cuidadosamente feita em MDF de alta qualidade, garantindo eleg\u00e2ncia e durabilidade. As dobradi\u00e7as s\u00e3o projetadas para suavizar o fechamento, proporcionando um toque suave e silencioso ao seu dia a dia. Organize e decore, o Baronesa &hellip; <a href=\"https:\/\/tudomoveisbelem.com.br\/v19\/produto\/armario-aereo-de-geladeira-baronesa-100-mdf-10x-de-r-3990\/\" class=\"more-link\">Continue lendo<span class=\"screen-reader-text\"> &#8220;Arm\u00e1rio A\u00e9reo de Geladeira Baronesa 100% MDF.&#8221;<\/span><\/a><\/p>\n","protected":false},"featured_media":31157,"comment_status":"closed","ping_status":"closed","template":"","meta":[],"product_brand":[],"product_cat":[22],"product_tag":[],"class_list":{"0":"post-31156","1":"product","2":"type-product","3":"status-publish","4":"has-post-thumbnail","6":"product_cat-moveis","8":"first","9":"instock","10":"shipping-taxable","11":"product-type-simple"},"_links":{"self":[{"href":"https:\/\/tudomoveisbelem.com.br\/v19\/wp-json\/wp\/v2\/product\/31156","targetHints":{"allow":["GET"]}}],"collection":[{"href":"https:\/\/tudomoveisbelem.com.br\/v19\/wp-json\/wp\/v2\/product"}],"about":[{"href":"https:\/\/tudomoveisbelem.com.br\/v19\/wp-json\/wp\/v2\/types\/product"}],"replies":[{"embeddable":true,"href":"https:\/\/tudomoveisbelem.com.br\/v19\/wp-json\/wp\/v2\/comments?post=31156"}],"version-history":[{"count":3,"href":"https:\/\/tudomoveisbelem.com.br\/v19\/wp-json\/wp\/v2\/product\/31156\/revisions"}],"predecessor-version":[{"id":34803,"href":"https:\/\/tudomoveisbelem.com.br\/v19\/wp-json\/wp\/v2\/product\/31156\/revisions\/34803"}],"wp:featuredmedia":[{"embeddable":true,"href":"https:\/\/tudomoveisbelem.com.br\/v19\/wp-json\/wp\/v2\/media\/31157"}],"wp:attachment":[{"href":"https:\/\/tudomoveisbelem.com.br\/v19\/wp-json\/wp\/v2\/media?parent=31156"}],"wp:term":[{"taxonomy":"product_brand","embeddable":true,"href":"https:\/\/tudomoveisbelem.com.br\/v19\/wp-json\/wp\/v2\/product_brand?post=31156"},{"taxonomy":"product_cat","embeddable":true,"href":"https:\/\/tudomoveisbelem.com.br\/v19\/wp-json\/wp\/v2\/product_cat?post=31156"},{"taxonomy":"product_tag","embeddable":true,"href":"https:\/\/tudomoveisbelem.com.br\/v19\/wp-json\/wp\/v2\/product_tag?post=31156"}],"curies":[{"name":"wp","href":"https:\/\/api.w.org\/{rel}","templated":true}]}}