{"id":31064,"date":"2024-10-05T14:03:43","date_gmt":"2024-10-05T14:03:43","guid":{"rendered":"https:\/\/tudomoveisbelem.com.br\/v19\/?post_type=product&#038;p=31064"},"modified":"2025-12-30T18:22:43","modified_gmt":"2025-12-30T18:22:43","slug":"composicao-burguesa-f-6-pecas-100-mdf-10x-de-r-59040","status":"publish","type":"product","link":"https:\/\/tudomoveisbelem.com.br\/v19\/produto\/composicao-burguesa-f-6-pecas-100-mdf-10x-de-r-59040\/","title":{"rendered":"Composi\u00e7\u00e3o Burguesa F &#8211; 6 Pe\u00e7as 100% MDF"},"content":{"rendered":"<p data-start=\"165\" data-end=\"393\">\ud83c\udf7d\ufe0f\u2728 <strong data-start=\"170\" data-end=\"217\">COZINHA MODULADA BURGUESA NESHER \u2014 100% MDF<\/strong><br data-start=\"217\" data-end=\"220\" \/>Design contempor\u00e2neo, robustez e praticidade inspirados em cozinhas planejadas! Uma cozinha completa para quem exige beleza, funcionalidade e durabilidade no dia a dia. \ud83d\ude0d\ud83c\udfe1<\/p>\n<p data-start=\"395\" data-end=\"940\">\ud83d\udc8e <strong data-start=\"398\" data-end=\"446\">Diferenciais que elevam o padr\u00e3o do seu lar:<\/strong><br data-start=\"446\" data-end=\"449\" \/>\u2714\ufe0f 100% MDF com certifica\u00e7\u00e3o FSC\u00ae \u2014 qualidade superior e consci\u00eancia ambiental<br data-start=\"527\" data-end=\"530\" \/>\u2714\ufe0f Design modular \u2014 permite composi\u00e7\u00f5es personalizadas conforme seu espa\u00e7o<br data-start=\"604\" data-end=\"607\" \/>\u2714\ufe0f Puxadores em alum\u00ednio padr\u00e3o a\u00e7o inox \u2014 sofistica\u00e7\u00e3o e resist\u00eancia<br data-start=\"676\" data-end=\"679\" \/>\u2714\ufe0f Dobradi\u00e7as SlowMotion \u2014 fechamento suave e anti-impacto<br data-start=\"737\" data-end=\"740\" data-is-only-node=\"\" \/>\u2714\ufe0f Gavetas com corredi\u00e7as telesc\u00f3picas \u2014 abertura total e uso di\u00e1rio sem desgaste<br data-start=\"821\" data-end=\"824\" \/>\u2714\ufe0f Portas com pist\u00e3o a g\u00e1s \u2014 praticidade e durabilidade<br data-start=\"879\" data-end=\"882\" \/>\u2714\ufe0f Amplo espa\u00e7o interno \u2014 tudo organizado e sempre \u00e0 m\u00e3o<\/p>\n<p data-start=\"942\" data-end=\"1120\">\ud83d\udccf <strong data-start=\"945\" data-end=\"959\">Dimens\u00f5es:<\/strong><br data-start=\"959\" data-end=\"962\" \/>\ud83d\udd38 Largura: 3,50 m (a\u00e9reos) | 2,70 m (balc\u00f5es)<br data-start=\"1008\" data-end=\"1011\" \/>\ud83d\udd38 Altura: 2,21 m (a\u00e9reos) | 0,91 cm (balc\u00f5es)<br data-start=\"1057\" data-end=\"1060\" \/>\ud83d\udd38 Profundidade: 0,52 \/ 0,42 cm (a\u00e9reos) | 0,52 cm (balc\u00f5es)<\/p>\n<p data-start=\"1122\" data-end=\"1163\">\ud83d\udcb0 <strong data-start=\"1125\" data-end=\"1140\">POR APENAS:<\/strong><br data-start=\"1140\" data-end=\"1143\" \/>\ud83d\udc49 <strong data-start=\"1146\" data-end=\"1163\">12x SEM JUROS<\/strong><\/p>\n<p data-start=\"1165\" data-end=\"1299\">\ud83d\ude9a\ud83d\udee0\ufe0f <strong data-start=\"1171\" data-end=\"1220\">ENTREGA E MONTAGEM NO MESMO DIA \u2014 100% GR\u00c1TIS<\/strong><br data-start=\"1220\" data-end=\"1223\" \/>\ud83d\udccd Tudo M\u00f3veis \u2014 m\u00f3veis novos, com garantia e direto da loja para o seu lar.<\/p>\n<p data-start=\"1301\" data-end=\"1374\" data-is-last-node=\"\" data-is-only-node=\"\">\u2728 <strong data-start=\"1303\" data-end=\"1374\" data-is-last-node=\"\">Sua cozinha merece esse n\u00edvel de eleg\u00e2ncia. O seu dia a dia tamb\u00e9m.<\/strong><\/p>\n","protected":false},"excerpt":{"rendered":"<p>Por apenas 10x de <span style=\"color: #ff0000;\">R$659,40<\/span> sem juros no cart\u00e3o ou \u00e0 vista por <span style=\"color: #ff0000;\">R$6.594,00.<\/span><\/p>\n","protected":false},"featured_media":31067,"comment_status":"closed","ping_status":"closed","template":"","meta":[],"product_brand":[],"product_cat":[22],"product_tag":[],"class_list":{"0":"post-31064","1":"product","2":"type-product","3":"status-publish","4":"has-post-thumbnail","6":"product_cat-moveis","8":"first","9":"instock","10":"shipping-taxable","11":"product-type-simple"},"_links":{"self":[{"href":"https:\/\/tudomoveisbelem.com.br\/v19\/wp-json\/wp\/v2\/product\/31064","targetHints":{"allow":["GET"]}}],"collection":[{"href":"https:\/\/tudomoveisbelem.com.br\/v19\/wp-json\/wp\/v2\/product"}],"about":[{"href":"https:\/\/tudomoveisbelem.com.br\/v19\/wp-json\/wp\/v2\/types\/product"}],"replies":[{"embeddable":true,"href":"https:\/\/tudomoveisbelem.com.br\/v19\/wp-json\/wp\/v2\/comments?post=31064"}],"version-history":[{"count":4,"href":"https:\/\/tudomoveisbelem.com.br\/v19\/wp-json\/wp\/v2\/product\/31064\/revisions"}],"predecessor-version":[{"id":36466,"href":"https:\/\/tudomoveisbelem.com.br\/v19\/wp-json\/wp\/v2\/product\/31064\/revisions\/36466"}],"wp:featuredmedia":[{"embeddable":true,"href":"https:\/\/tudomoveisbelem.com.br\/v19\/wp-json\/wp\/v2\/media\/31067"}],"wp:attachment":[{"href":"https:\/\/tudomoveisbelem.com.br\/v19\/wp-json\/wp\/v2\/media?parent=31064"}],"wp:term":[{"taxonomy":"product_brand","embeddable":true,"href":"https:\/\/tudomoveisbelem.com.br\/v19\/wp-json\/wp\/v2\/product_brand?post=31064"},{"taxonomy":"product_cat","embeddable":true,"href":"https:\/\/tudomoveisbelem.com.br\/v19\/wp-json\/wp\/v2\/product_cat?post=31064"},{"taxonomy":"product_tag","embeddable":true,"href":"https:\/\/tudomoveisbelem.com.br\/v19\/wp-json\/wp\/v2\/product_tag?post=31064"}],"curies":[{"name":"wp","href":"https:\/\/api.w.org\/{rel}","templated":true}]}}