{"id":31034,"date":"2024-09-24T13:27:19","date_gmt":"2024-09-24T13:27:19","guid":{"rendered":"https:\/\/tudomoveisbelem.com.br\/v19\/?post_type=product&#038;p=31034"},"modified":"2025-08-25T21:16:08","modified_gmt":"2025-08-25T21:16:08","slug":"armario-de-geladeira-aereo-1-porta-burguesa-100-mdf-10x-de-r-3990","status":"publish","type":"product","link":"https:\/\/tudomoveisbelem.com.br\/v19\/produto\/armario-de-geladeira-aereo-1-porta-burguesa-100-mdf-10x-de-r-3990\/","title":{"rendered":"Arm\u00e1rio de Geladeira A\u00e9reo 1 Porta Burguesa 100% MDF"},"content":{"rendered":"<p>O Arm\u00e1rio a\u00e9reo de geladeira Nesher Burguesa tem design contempor\u00e2neo inspirado em Arm\u00e1rios planejadas, ferragens inovadoras e tecnol\u00f3gicas e \u00e9 muito pr\u00e1tico.<br \/>\nDispon\u00edvel em m\u00f3dulos, permite composi\u00e7\u00f5es variadas, conforme o gosto do consumidor.<br \/>\nProjetada para proporcionar praticidade e funcionalidade no uso di\u00e1rio, produzida com mat\u00e9rias prima de primeira linha proporcionando qualidade superior e durabilidade.<\/p>\n<p>Diferenciais \u00fanicos:<br \/>\n&#8211; Puxadores de alum\u00ednio no padr\u00e3o a\u00e7o inox;<br \/>\n&#8211; Dobradi\u00e7a SlowMotion com fechamento anti-impacto<br \/>\n&#8211; 100% MDF.<\/p>\n<p>Dimens\u00f5es:<br \/>\nLargura:\u00a00,80 CM<br \/>\nAltura:\u00a00,34 CM<br \/>\nProfundidade:\u00a00,32 CM<\/p>\n<p>&nbsp;<\/p>\n<p>&nbsp;<\/p>\n<p>Por apenas 10x de <span style=\"color: #ff0000;\">R$49,90<\/span> sem juros no cart\u00e3o ou \u00e0 vista por <span style=\"color: #ff0000;\">R$499,00.<\/span><\/p>\n","protected":false},"excerpt":{"rendered":"<p>O Arm\u00e1rio a\u00e9reo de geladeira Nesher Burguesa tem design contempor\u00e2neo inspirado em Arm\u00e1rios planejadas, ferragens inovadoras e tecnol\u00f3gicas e \u00e9 muito pr\u00e1tico. Dispon\u00edvel em m\u00f3dulos, permite composi\u00e7\u00f5es variadas, conforme o gosto do consumidor. Projetada para proporcionar praticidade e funcionalidade no uso di\u00e1rio, produzida com mat\u00e9rias prima de primeira linha proporcionando qualidade superior e durabilidade. Diferenciais &hellip; <a href=\"https:\/\/tudomoveisbelem.com.br\/v19\/produto\/armario-de-geladeira-aereo-1-porta-burguesa-100-mdf-10x-de-r-3990\/\" class=\"more-link\">Continue lendo<span class=\"screen-reader-text\"> &#8220;Arm\u00e1rio de Geladeira A\u00e9reo 1 Porta Burguesa 100% MDF&#8221;<\/span><\/a><\/p>\n","protected":false},"featured_media":31036,"comment_status":"closed","ping_status":"closed","template":"","meta":[],"product_brand":[],"product_cat":[22],"product_tag":[],"class_list":{"0":"post-31034","1":"product","2":"type-product","3":"status-publish","4":"has-post-thumbnail","6":"product_cat-moveis","8":"first","9":"instock","10":"shipping-taxable","11":"product-type-simple"},"_links":{"self":[{"href":"https:\/\/tudomoveisbelem.com.br\/v19\/wp-json\/wp\/v2\/product\/31034","targetHints":{"allow":["GET"]}}],"collection":[{"href":"https:\/\/tudomoveisbelem.com.br\/v19\/wp-json\/wp\/v2\/product"}],"about":[{"href":"https:\/\/tudomoveisbelem.com.br\/v19\/wp-json\/wp\/v2\/types\/product"}],"replies":[{"embeddable":true,"href":"https:\/\/tudomoveisbelem.com.br\/v19\/wp-json\/wp\/v2\/comments?post=31034"}],"version-history":[{"count":3,"href":"https:\/\/tudomoveisbelem.com.br\/v19\/wp-json\/wp\/v2\/product\/31034\/revisions"}],"predecessor-version":[{"id":34806,"href":"https:\/\/tudomoveisbelem.com.br\/v19\/wp-json\/wp\/v2\/product\/31034\/revisions\/34806"}],"wp:featuredmedia":[{"embeddable":true,"href":"https:\/\/tudomoveisbelem.com.br\/v19\/wp-json\/wp\/v2\/media\/31036"}],"wp:attachment":[{"href":"https:\/\/tudomoveisbelem.com.br\/v19\/wp-json\/wp\/v2\/media?parent=31034"}],"wp:term":[{"taxonomy":"product_brand","embeddable":true,"href":"https:\/\/tudomoveisbelem.com.br\/v19\/wp-json\/wp\/v2\/product_brand?post=31034"},{"taxonomy":"product_cat","embeddable":true,"href":"https:\/\/tudomoveisbelem.com.br\/v19\/wp-json\/wp\/v2\/product_cat?post=31034"},{"taxonomy":"product_tag","embeddable":true,"href":"https:\/\/tudomoveisbelem.com.br\/v19\/wp-json\/wp\/v2\/product_tag?post=31034"}],"curies":[{"name":"wp","href":"https:\/\/api.w.org\/{rel}","templated":true}]}}