{"id":30916,"date":"2024-09-21T14:19:07","date_gmt":"2024-09-21T14:19:07","guid":{"rendered":"https:\/\/tudomoveisbelem.com.br\/v19\/?post_type=product&#038;p=30916"},"modified":"2025-12-30T18:16:58","modified_gmt":"2025-12-30T18:16:58","slug":"composicao-burguesa-a-2-pecas-100-mdf-10x-de-r-22780","status":"publish","type":"product","link":"https:\/\/tudomoveisbelem.com.br\/v19\/produto\/composicao-burguesa-a-2-pecas-100-mdf-10x-de-r-22780\/","title":{"rendered":"Composi\u00e7\u00e3o Burguesa A &#8211; 2 Pe\u00e7as 100% MDF"},"content":{"rendered":"<p data-start=\"208\" data-end=\"358\">\u2728 <strong data-start=\"210\" data-end=\"260\">COZINHA MODULADA BURGUESA \u2013 2 PE\u00c7AS | 100% MDF<\/strong> \u2728<br data-start=\"262\" data-end=\"265\" \/>Funcionalidade, eleg\u00e2ncia e praticidade para transformar sua cozinha no cora\u00e7\u00e3o da casa! \ud83c\udf73\ud83d\udc9b<\/p>\n<p data-start=\"360\" data-end=\"791\">\ud83d\udc8e <strong data-start=\"363\" data-end=\"407\">Diferenciais que fazem toda a diferen\u00e7a:<\/strong><br data-start=\"407\" data-end=\"410\" \/>\u2714\ufe0f Produzida em <strong data-start=\"426\" data-end=\"451\">MDF de alta qualidade<\/strong> \u2014 mais resist\u00eancia e durabilidade<br data-start=\"485\" data-end=\"488\" \/>\u2714\ufe0f <strong data-start=\"491\" data-end=\"523\">Design moderno e sofisticado<\/strong> \u2014 valoriza qualquer ambiente<br data-start=\"552\" data-end=\"555\" data-is-only-node=\"\" \/>\u2714\ufe0f <strong data-start=\"558\" data-end=\"589\">Balc\u00e3o com 3 gavetas amplas<\/strong> \u2014 organiza\u00e7\u00e3o pr\u00e1tica no dia a dia \ud83e\uddfa<br data-start=\"627\" data-end=\"630\" \/>\u2714\ufe0f <strong data-start=\"633\" data-end=\"659\">Arm\u00e1rio a\u00e9reo espa\u00e7oso<\/strong> \u2014 mais espa\u00e7o para utens\u00edlios e mantimentos<br data-start=\"703\" data-end=\"706\" \/>\u2714\ufe0f Estrutura pensada para <strong data-start=\"732\" data-end=\"779\">funcionalidade e aproveitamento inteligente<\/strong> do espa\u00e7o<\/p>\n<p data-start=\"793\" data-end=\"930\">\ud83d\udccf <strong data-start=\"796\" data-end=\"827\">Dimens\u00f5es (A\u00e9reo \/ Balc\u00e3o):<\/strong><br data-start=\"827\" data-end=\"830\" \/>\u2022 Largura: <strong data-start=\"841\" data-end=\"860\">1,20 m \/ 1,20 m<\/strong><br data-start=\"860\" data-end=\"863\" \/>\u2022 Altura: <strong data-start=\"873\" data-end=\"892\">0,86 m \/ 0,86 m<\/strong><br data-start=\"892\" data-end=\"895\" \/>\u2022 Profundidade: <strong data-start=\"911\" data-end=\"930\">0,32 m \/ 0,52 m<\/strong><\/p>\n<p data-start=\"932\" data-end=\"973\">\ud83d\udcb0 <strong data-start=\"935\" data-end=\"950\">POR APENAS:<\/strong><br data-start=\"950\" data-end=\"953\" \/>\ud83d\udc49 <strong data-start=\"956\" data-end=\"973\">12x SEM JUROS<\/strong><\/p>\n<p data-start=\"975\" data-end=\"1095\" data-is-last-node=\"\" data-is-only-node=\"\">\ud83d\ude9a\ud83d\udee0\ufe0f <strong data-start=\"981\" data-end=\"1030\">ENTREGA E MONTAGEM NO MESMO DIA \u2014 100% GR\u00c1TIS<\/strong><br data-start=\"1030\" data-end=\"1033\" \/>\ud83d\udccd Tudo M\u00f3veis \u2014 \u00e9 montar, usar e se apaixonar no mesmo dia! \u2728<\/p>\n","protected":false},"excerpt":{"rendered":"<p>\u2728 COZINHA MODULADA BURGUESA \u2013 2 PE\u00c7AS | 100% MDF \u2728Funcionalidade, eleg\u00e2ncia e praticidade para transformar sua cozinha no cora\u00e7\u00e3o da casa! \ud83c\udf73\ud83d\udc9b \ud83d\udc8e Diferenciais que fazem toda a diferen\u00e7a:\u2714\ufe0f Produzida em MDF de alta qualidade \u2014 mais resist\u00eancia e durabilidade\u2714\ufe0f Design moderno e sofisticado \u2014 valoriza qualquer ambiente\u2714\ufe0f Balc\u00e3o com 3 gavetas amplas \u2014 &hellip; <a href=\"https:\/\/tudomoveisbelem.com.br\/v19\/produto\/composicao-burguesa-a-2-pecas-100-mdf-10x-de-r-22780\/\" class=\"more-link\">Continue lendo<span class=\"screen-reader-text\"> &#8220;Composi\u00e7\u00e3o Burguesa A &#8211; 2 Pe\u00e7as 100% MDF&#8221;<\/span><\/a><\/p>\n","protected":false},"featured_media":30918,"comment_status":"closed","ping_status":"closed","template":"","meta":[],"product_brand":[],"product_cat":[22],"product_tag":[],"class_list":{"0":"post-30916","1":"product","2":"type-product","3":"status-publish","4":"has-post-thumbnail","6":"product_cat-moveis","8":"first","9":"instock","10":"shipping-taxable","11":"product-type-simple"},"_links":{"self":[{"href":"https:\/\/tudomoveisbelem.com.br\/v19\/wp-json\/wp\/v2\/product\/30916","targetHints":{"allow":["GET"]}}],"collection":[{"href":"https:\/\/tudomoveisbelem.com.br\/v19\/wp-json\/wp\/v2\/product"}],"about":[{"href":"https:\/\/tudomoveisbelem.com.br\/v19\/wp-json\/wp\/v2\/types\/product"}],"replies":[{"embeddable":true,"href":"https:\/\/tudomoveisbelem.com.br\/v19\/wp-json\/wp\/v2\/comments?post=30916"}],"version-history":[{"count":6,"href":"https:\/\/tudomoveisbelem.com.br\/v19\/wp-json\/wp\/v2\/product\/30916\/revisions"}],"predecessor-version":[{"id":36463,"href":"https:\/\/tudomoveisbelem.com.br\/v19\/wp-json\/wp\/v2\/product\/30916\/revisions\/36463"}],"wp:featuredmedia":[{"embeddable":true,"href":"https:\/\/tudomoveisbelem.com.br\/v19\/wp-json\/wp\/v2\/media\/30918"}],"wp:attachment":[{"href":"https:\/\/tudomoveisbelem.com.br\/v19\/wp-json\/wp\/v2\/media?parent=30916"}],"wp:term":[{"taxonomy":"product_brand","embeddable":true,"href":"https:\/\/tudomoveisbelem.com.br\/v19\/wp-json\/wp\/v2\/product_brand?post=30916"},{"taxonomy":"product_cat","embeddable":true,"href":"https:\/\/tudomoveisbelem.com.br\/v19\/wp-json\/wp\/v2\/product_cat?post=30916"},{"taxonomy":"product_tag","embeddable":true,"href":"https:\/\/tudomoveisbelem.com.br\/v19\/wp-json\/wp\/v2\/product_tag?post=30916"}],"curies":[{"name":"wp","href":"https:\/\/api.w.org\/{rel}","templated":true}]}}