{"id":30397,"date":"2024-07-26T17:44:42","date_gmt":"2024-07-26T17:44:42","guid":{"rendered":"https:\/\/tudomoveisbelem.com.br\/v19\/?post_type=product&#038;p=30397"},"modified":"2025-08-31T13:46:43","modified_gmt":"2025-08-31T13:46:43","slug":"mesa-de-jantar-1-20-m-com-vidro-temperado-10x-de-r-12990","status":"publish","type":"product","link":"https:\/\/tudomoveisbelem.com.br\/v19\/produto\/mesa-de-jantar-1-20-m-com-vidro-temperado-10x-de-r-12990\/","title":{"rendered":"Mesa de Jantar 1.20 M com Vidro Temperado"},"content":{"rendered":"<p>Modernidade e robustez marcam o design da Mesa Apogeu, que confere ao ambiente uma decora\u00e7\u00e3o arrojada e com presen\u00e7a marcante. As cores do produto foram pensadas para garantir ainda mais eleg\u00e2ncia aos ambientes.<\/p>\n<p>Diferencias<br \/>\n&#8211; Produto em MDF;<br \/>\n&#8211; Sapatas deslizadoras;<br \/>\n&#8211; Tampo maci\u00e7o em MDF, com vidro temperado;<br \/>\n&#8211; Tampo com bordas chanfradas;<br \/>\n&#8211; Tampo com cantos arredondadas;<br \/>\n&#8211; Ideal para 04 cadeiras.<\/p>\n<p>Dimens\u00f5es<br \/>\nLargura: 1.20 M<br \/>\nAltura: 0,77 CM<br \/>\nProfundidade: 0,80 CM<\/p>\n<p>&nbsp;<\/p>\n<p>Por apenas 10x sem juros de <span style=\"color: #ff0000;\">R$ 129,90<\/span> no cart\u00e3o ou \u00e0 vista por<span style=\"color: #ff0000;\"> R$ 1.299,00<\/span><\/p>\n","protected":false},"excerpt":{"rendered":"<p>Modernidade e robustez marcam o design da Mesa Apogeu, que confere ao ambiente uma decora\u00e7\u00e3o arrojada e com presen\u00e7a marcante. As cores do produto foram pensadas para garantir ainda mais eleg\u00e2ncia aos ambientes. Diferencias &#8211; Produto em MDF; &#8211; Sapatas deslizadoras; &#8211; Tampo maci\u00e7o em MDF, com vidro temperado; &#8211; Tampo com bordas chanfradas; &#8211; &hellip; <a href=\"https:\/\/tudomoveisbelem.com.br\/v19\/produto\/mesa-de-jantar-1-20-m-com-vidro-temperado-10x-de-r-12990\/\" class=\"more-link\">Continue lendo<span class=\"screen-reader-text\"> &#8220;Mesa de Jantar 1.20 M com Vidro Temperado&#8221;<\/span><\/a><\/p>\n","protected":false},"featured_media":30398,"comment_status":"closed","ping_status":"closed","template":"","meta":[],"product_brand":[],"product_cat":[40],"product_tag":[],"class_list":{"0":"post-30397","1":"product","2":"type-product","3":"status-publish","4":"has-post-thumbnail","6":"product_cat-mesas","8":"first","9":"instock","10":"shipping-taxable","11":"product-type-simple"},"_links":{"self":[{"href":"https:\/\/tudomoveisbelem.com.br\/v19\/wp-json\/wp\/v2\/product\/30397","targetHints":{"allow":["GET"]}}],"collection":[{"href":"https:\/\/tudomoveisbelem.com.br\/v19\/wp-json\/wp\/v2\/product"}],"about":[{"href":"https:\/\/tudomoveisbelem.com.br\/v19\/wp-json\/wp\/v2\/types\/product"}],"replies":[{"embeddable":true,"href":"https:\/\/tudomoveisbelem.com.br\/v19\/wp-json\/wp\/v2\/comments?post=30397"}],"version-history":[{"count":2,"href":"https:\/\/tudomoveisbelem.com.br\/v19\/wp-json\/wp\/v2\/product\/30397\/revisions"}],"predecessor-version":[{"id":34966,"href":"https:\/\/tudomoveisbelem.com.br\/v19\/wp-json\/wp\/v2\/product\/30397\/revisions\/34966"}],"wp:featuredmedia":[{"embeddable":true,"href":"https:\/\/tudomoveisbelem.com.br\/v19\/wp-json\/wp\/v2\/media\/30398"}],"wp:attachment":[{"href":"https:\/\/tudomoveisbelem.com.br\/v19\/wp-json\/wp\/v2\/media?parent=30397"}],"wp:term":[{"taxonomy":"product_brand","embeddable":true,"href":"https:\/\/tudomoveisbelem.com.br\/v19\/wp-json\/wp\/v2\/product_brand?post=30397"},{"taxonomy":"product_cat","embeddable":true,"href":"https:\/\/tudomoveisbelem.com.br\/v19\/wp-json\/wp\/v2\/product_cat?post=30397"},{"taxonomy":"product_tag","embeddable":true,"href":"https:\/\/tudomoveisbelem.com.br\/v19\/wp-json\/wp\/v2\/product_tag?post=30397"}],"curies":[{"name":"wp","href":"https:\/\/api.w.org\/{rel}","templated":true}]}}