{"id":30249,"date":"2024-07-08T20:47:48","date_gmt":"2024-07-08T20:47:48","guid":{"rendered":"https:\/\/tudomoveisbelem.com.br\/v19\/?post_type=product&#038;p=30249"},"modified":"2025-08-25T21:21:08","modified_gmt":"2025-08-25T21:21:08","slug":"armario-geladeira-1-porta-basculante-100-mdf-marquesa-10x-de-r-3990","status":"publish","type":"product","link":"https:\/\/tudomoveisbelem.com.br\/v19\/produto\/armario-geladeira-1-porta-basculante-100-mdf-marquesa-10x-de-r-3990\/","title":{"rendered":"Arm\u00e1rio Geladeira 1 Porta Basculante 100% MDF Marquesa"},"content":{"rendered":"<p>O Arm\u00e1rio A\u00e9reo Marquesa da Nesher \u00e9 a escolha ideal para quem busca funcionalidade e estilo na organiza\u00e7\u00e3o da sua cozinha. Com uma porta basculante, esse arm\u00e1rio oferece praticidade no acesso aos seus utens\u00edlios e mantimentos. Sua estrutura \u00e9 feita 100% em MDF garantindo resist\u00eancia e durabilidade. O seu modelo moderno e suas cores traz um toque de frescor e sofistica\u00e7\u00e3o ao ambiente. Com o arm\u00e1rio a\u00e9reo Marquesa, voc\u00ea ter\u00e1 um espa\u00e7o organizado e charmoso para armazenar seus itens de forma pr\u00e1tica e elegante. Transforme sua cozinha com esse arm\u00e1rio funcional e cheio de estilo da Nesher!<\/p>\n<p>Dimens\u00f5es<br \/>\nLargura: 0,80 CM<br \/>\nAltura: 0,19 CM<br \/>\nProfundidade: 0,32 CM<\/p>\n<p>&nbsp;<\/p>\n<p>&nbsp;<\/p>\n<p>Por apenas 10x de <span style=\"color: #ff0000;\">R$49,90<\/span> sem juros no cart\u00e3o ou \u00e0 vista por <span style=\"color: #ff0000;\">R$499,00.<\/span><\/p>\n","protected":false},"excerpt":{"rendered":"<p>O Arm\u00e1rio A\u00e9reo Marquesa da Nesher \u00e9 a escolha ideal para quem busca funcionalidade e estilo na organiza\u00e7\u00e3o da sua cozinha. Com uma porta basculante, esse arm\u00e1rio oferece praticidade no acesso aos seus utens\u00edlios e mantimentos. Sua estrutura \u00e9 feita 100% em MDF garantindo resist\u00eancia e durabilidade. O seu modelo moderno e suas cores traz &hellip; <a href=\"https:\/\/tudomoveisbelem.com.br\/v19\/produto\/armario-geladeira-1-porta-basculante-100-mdf-marquesa-10x-de-r-3990\/\" class=\"more-link\">Continue lendo<span class=\"screen-reader-text\"> &#8220;Arm\u00e1rio Geladeira 1 Porta Basculante 100% MDF Marquesa&#8221;<\/span><\/a><\/p>\n","protected":false},"featured_media":33097,"comment_status":"closed","ping_status":"closed","template":"","meta":[],"product_brand":[],"product_cat":[22],"product_tag":[],"class_list":{"0":"post-30249","1":"product","2":"type-product","3":"status-publish","4":"has-post-thumbnail","6":"product_cat-moveis","8":"first","9":"instock","10":"shipping-taxable","11":"product-type-simple"},"_links":{"self":[{"href":"https:\/\/tudomoveisbelem.com.br\/v19\/wp-json\/wp\/v2\/product\/30249","targetHints":{"allow":["GET"]}}],"collection":[{"href":"https:\/\/tudomoveisbelem.com.br\/v19\/wp-json\/wp\/v2\/product"}],"about":[{"href":"https:\/\/tudomoveisbelem.com.br\/v19\/wp-json\/wp\/v2\/types\/product"}],"replies":[{"embeddable":true,"href":"https:\/\/tudomoveisbelem.com.br\/v19\/wp-json\/wp\/v2\/comments?post=30249"}],"version-history":[{"count":4,"href":"https:\/\/tudomoveisbelem.com.br\/v19\/wp-json\/wp\/v2\/product\/30249\/revisions"}],"predecessor-version":[{"id":34807,"href":"https:\/\/tudomoveisbelem.com.br\/v19\/wp-json\/wp\/v2\/product\/30249\/revisions\/34807"}],"wp:featuredmedia":[{"embeddable":true,"href":"https:\/\/tudomoveisbelem.com.br\/v19\/wp-json\/wp\/v2\/media\/33097"}],"wp:attachment":[{"href":"https:\/\/tudomoveisbelem.com.br\/v19\/wp-json\/wp\/v2\/media?parent=30249"}],"wp:term":[{"taxonomy":"product_brand","embeddable":true,"href":"https:\/\/tudomoveisbelem.com.br\/v19\/wp-json\/wp\/v2\/product_brand?post=30249"},{"taxonomy":"product_cat","embeddable":true,"href":"https:\/\/tudomoveisbelem.com.br\/v19\/wp-json\/wp\/v2\/product_cat?post=30249"},{"taxonomy":"product_tag","embeddable":true,"href":"https:\/\/tudomoveisbelem.com.br\/v19\/wp-json\/wp\/v2\/product_tag?post=30249"}],"curies":[{"name":"wp","href":"https:\/\/api.w.org\/{rel}","templated":true}]}}