{"id":30209,"date":"2024-07-08T19:46:18","date_gmt":"2024-07-08T19:46:18","guid":{"rendered":"https:\/\/tudomoveisbelem.com.br\/v19\/?post_type=product&#038;p=30209"},"modified":"2025-08-25T21:24:55","modified_gmt":"2025-08-25T21:24:55","slug":"balcao-100-mdf-1-porta-e-1-gaveta-marquesa-10x-de-r-9690","status":"publish","type":"product","link":"https:\/\/tudomoveisbelem.com.br\/v19\/produto\/balcao-100-mdf-1-porta-e-1-gaveta-marquesa-10x-de-r-9690\/","title":{"rendered":"Balc\u00e3o 100% MDF 1 Porta e 1 Gaveta Marquesa"},"content":{"rendered":"<p>\ud83d\udea8 LAN\u00c7AMENTO IMPERD\u00cdVEL! \ud83d\udea8<br \/>\nBALC\u00c3O 100% MDF 1 PORTA E 1 GAVETA \u2013 MARQUESA<\/p>\n<p>O balc\u00e3o de cozinha Marquesa da Nesher \u00e9 sin\u00f4nimo de eleg\u00e2ncia, resist\u00eancia e funcionalidade.<br \/>\n\u2705 1 porta + 1 gaveta com amplo espa\u00e7o para utens\u00edlios, mantimentos e acess\u00f3rios<br \/>\n\u2705 Dobradi\u00e7a com freio anti-impacto slow motion para fechamento suave e seguro<br \/>\n\u2705 Estrutura 100% MDF com acabamento premium<br \/>\n\u2705 Design moderno com cores que trazem charme e leveza ao ambiente<br \/>\n\u2705 Ideal para manter tudo organizado sem abrir m\u00e3o do estilo<\/p>\n<p>\ud83d\udccf Dimens\u00f5es:<br \/>\nAltura: 0,91 m<br \/>\nLargura: 0,80 m<br \/>\nProfundidade: 0,52 m<\/p>\n<p>\ud83d\udce6 Entrega e montagem no mesmo dia!<\/p>\n<p>&nbsp;<\/p>\n<p>&nbsp;<\/p>\n<p>Por apenas 10x de <span style=\"color: #ff0000;\">R$119,90<\/span> sem juros no cart\u00e3o ou \u00e0 vista por <span style=\"color: #ff0000;\">R$1.199,00.<\/span><\/p>\n","protected":false},"excerpt":{"rendered":"<p>\ud83d\udea8 LAN\u00c7AMENTO IMPERD\u00cdVEL! \ud83d\udea8 BALC\u00c3O 100% MDF 1 PORTA E 1 GAVETA \u2013 MARQUESA O balc\u00e3o de cozinha Marquesa da Nesher \u00e9 sin\u00f4nimo de eleg\u00e2ncia, resist\u00eancia e funcionalidade. \u2705 1 porta + 1 gaveta com amplo espa\u00e7o para utens\u00edlios, mantimentos e acess\u00f3rios \u2705 Dobradi\u00e7a com freio anti-impacto slow motion para fechamento suave e seguro \u2705 &hellip; <a href=\"https:\/\/tudomoveisbelem.com.br\/v19\/produto\/balcao-100-mdf-1-porta-e-1-gaveta-marquesa-10x-de-r-9690\/\" class=\"more-link\">Continue lendo<span class=\"screen-reader-text\"> &#8220;Balc\u00e3o 100% MDF 1 Porta e 1 Gaveta Marquesa&#8221;<\/span><\/a><\/p>\n","protected":false},"featured_media":33084,"comment_status":"closed","ping_status":"closed","template":"","meta":[],"product_brand":[],"product_cat":[22],"product_tag":[],"class_list":{"0":"post-30209","1":"product","2":"type-product","3":"status-publish","4":"has-post-thumbnail","6":"product_cat-moveis","8":"first","9":"instock","10":"shipping-taxable","11":"product-type-simple"},"_links":{"self":[{"href":"https:\/\/tudomoveisbelem.com.br\/v19\/wp-json\/wp\/v2\/product\/30209","targetHints":{"allow":["GET"]}}],"collection":[{"href":"https:\/\/tudomoveisbelem.com.br\/v19\/wp-json\/wp\/v2\/product"}],"about":[{"href":"https:\/\/tudomoveisbelem.com.br\/v19\/wp-json\/wp\/v2\/types\/product"}],"replies":[{"embeddable":true,"href":"https:\/\/tudomoveisbelem.com.br\/v19\/wp-json\/wp\/v2\/comments?post=30209"}],"version-history":[{"count":5,"href":"https:\/\/tudomoveisbelem.com.br\/v19\/wp-json\/wp\/v2\/product\/30209\/revisions"}],"predecessor-version":[{"id":34809,"href":"https:\/\/tudomoveisbelem.com.br\/v19\/wp-json\/wp\/v2\/product\/30209\/revisions\/34809"}],"wp:featuredmedia":[{"embeddable":true,"href":"https:\/\/tudomoveisbelem.com.br\/v19\/wp-json\/wp\/v2\/media\/33084"}],"wp:attachment":[{"href":"https:\/\/tudomoveisbelem.com.br\/v19\/wp-json\/wp\/v2\/media?parent=30209"}],"wp:term":[{"taxonomy":"product_brand","embeddable":true,"href":"https:\/\/tudomoveisbelem.com.br\/v19\/wp-json\/wp\/v2\/product_brand?post=30209"},{"taxonomy":"product_cat","embeddable":true,"href":"https:\/\/tudomoveisbelem.com.br\/v19\/wp-json\/wp\/v2\/product_cat?post=30209"},{"taxonomy":"product_tag","embeddable":true,"href":"https:\/\/tudomoveisbelem.com.br\/v19\/wp-json\/wp\/v2\/product_tag?post=30209"}],"curies":[{"name":"wp","href":"https:\/\/api.w.org\/{rel}","templated":true}]}}