{"id":30201,"date":"2024-07-08T19:31:38","date_gmt":"2024-07-08T19:31:38","guid":{"rendered":"https:\/\/tudomoveisbelem.com.br\/v19\/?post_type=product&#038;p=30201"},"modified":"2025-11-04T18:09:57","modified_gmt":"2025-11-04T18:09:57","slug":"paneleiro-100-mdf-2-portas-2-gavetas-marquesa-10x-de-r-16990","status":"publish","type":"product","link":"https:\/\/tudomoveisbelem.com.br\/v19\/produto\/paneleiro-100-mdf-2-portas-2-gavetas-marquesa-10x-de-r-16990\/","title":{"rendered":"Paneleiro 100% MDF 2 Portas 2 Gavetas Marquesa 10x de R$ 189,90"},"content":{"rendered":"<p>\u2728 LAN\u00c7AMENTO EXCLUSIVO TUDO M\u00d3VEIS \u2728<br \/>\nO novo Paneleiro Marquesa 100% MDF \u2013 2 Portas + 2 Gavetas chegou para trazer eleg\u00e2ncia e funcionalidade \u00e0 sua cozinha! \ud83c\udf1f<\/p>\n<p>\ud83d\udda4 Destaques que encantam e facilitam seu dia a dia:<br \/>\n\ud83d\udd39 Amplo espa\u00e7o interno, perfeito para panelas, utens\u00edlios, potes e mantimentos<br \/>\n\ud83d\udd39 Dobradi\u00e7as com tecnologia slowmotion, que garantem fechamento suave e silencioso<br \/>\n\ud83d\udd39 Gavetas com corredi\u00e7as telesc\u00f3picas, mais resist\u00eancia e durabilidade no uso cont\u00ednuo<br \/>\n\ud83d\udd39 P\u00e9s regul\u00e1veis de 10cm, permitindo o ajuste ideal para diferentes pisos e alturas<br \/>\n\ud83d\udd39 Estrutura 100% MDF, com acabamento refinado e toque moderno<br \/>\n\ud83d\udd39 Design que une eleg\u00e2ncia, durabilidade e organiza\u00e7\u00e3o<\/p>\n<p>\ud83d\udcd0 Dimens\u00f5es:<br \/>\nAltura: 2,28m | Largura: 70cm | Profundidade: 52cm<\/p>\n<p>\ud83d\ude9b E mais:<br \/>\n\u2714\ufe0f Entrega + montagem no mesmo dia totalmente GR\u00c1TIS<br \/>\n\u2714\ufe0f V\u00e1lido para Bel\u00e9m, Ananindeua e Marituba<br \/>\n\u2714\ufe0f Compre na loja ou via WhatsApp e pague no ato da entrega!<\/p>\n<p>Por apenas 10x sem juros de <span style=\"color: #ff0000;\">R$ 189,90<\/span> no cart\u00e3o ou \u00e0 vista por <span style=\"color: #ff0000;\">R$ 1.899,00.<\/span><\/p>\n","protected":false},"excerpt":{"rendered":"<p>\u2728 LAN\u00c7AMENTO EXCLUSIVO TUDO M\u00d3VEIS \u2728 O novo Paneleiro Marquesa 100% MDF \u2013 2 Portas + 2 Gavetas chegou para trazer eleg\u00e2ncia e funcionalidade \u00e0 sua cozinha! \ud83c\udf1f \ud83d\udda4 Destaques que encantam e facilitam seu dia a dia: \ud83d\udd39 Amplo espa\u00e7o interno, perfeito para panelas, utens\u00edlios, potes e mantimentos \ud83d\udd39 Dobradi\u00e7as com tecnologia slowmotion, que &hellip; <a href=\"https:\/\/tudomoveisbelem.com.br\/v19\/produto\/paneleiro-100-mdf-2-portas-2-gavetas-marquesa-10x-de-r-16990\/\" class=\"more-link\">Continue lendo<span class=\"screen-reader-text\"> &#8220;Paneleiro 100% MDF 2 Portas 2 Gavetas Marquesa 10x de R$ 189,90&#8221;<\/span><\/a><\/p>\n","protected":false},"featured_media":33080,"comment_status":"closed","ping_status":"closed","template":"","meta":[],"product_brand":[],"product_cat":[22],"product_tag":[],"class_list":{"0":"post-30201","1":"product","2":"type-product","3":"status-publish","4":"has-post-thumbnail","6":"product_cat-moveis","8":"first","9":"instock","10":"shipping-taxable","11":"product-type-simple"},"_links":{"self":[{"href":"https:\/\/tudomoveisbelem.com.br\/v19\/wp-json\/wp\/v2\/product\/30201","targetHints":{"allow":["GET"]}}],"collection":[{"href":"https:\/\/tudomoveisbelem.com.br\/v19\/wp-json\/wp\/v2\/product"}],"about":[{"href":"https:\/\/tudomoveisbelem.com.br\/v19\/wp-json\/wp\/v2\/types\/product"}],"replies":[{"embeddable":true,"href":"https:\/\/tudomoveisbelem.com.br\/v19\/wp-json\/wp\/v2\/comments?post=30201"}],"version-history":[{"count":5,"href":"https:\/\/tudomoveisbelem.com.br\/v19\/wp-json\/wp\/v2\/product\/30201\/revisions"}],"predecessor-version":[{"id":35761,"href":"https:\/\/tudomoveisbelem.com.br\/v19\/wp-json\/wp\/v2\/product\/30201\/revisions\/35761"}],"wp:featuredmedia":[{"embeddable":true,"href":"https:\/\/tudomoveisbelem.com.br\/v19\/wp-json\/wp\/v2\/media\/33080"}],"wp:attachment":[{"href":"https:\/\/tudomoveisbelem.com.br\/v19\/wp-json\/wp\/v2\/media?parent=30201"}],"wp:term":[{"taxonomy":"product_brand","embeddable":true,"href":"https:\/\/tudomoveisbelem.com.br\/v19\/wp-json\/wp\/v2\/product_brand?post=30201"},{"taxonomy":"product_cat","embeddable":true,"href":"https:\/\/tudomoveisbelem.com.br\/v19\/wp-json\/wp\/v2\/product_cat?post=30201"},{"taxonomy":"product_tag","embeddable":true,"href":"https:\/\/tudomoveisbelem.com.br\/v19\/wp-json\/wp\/v2\/product_tag?post=30201"}],"curies":[{"name":"wp","href":"https:\/\/api.w.org\/{rel}","templated":true}]}}