{"id":30193,"date":"2024-07-08T19:15:56","date_gmt":"2024-07-08T19:15:56","guid":{"rendered":"https:\/\/tudomoveisbelem.com.br\/v19\/?post_type=product&#038;p=30193"},"modified":"2025-04-23T19:15:25","modified_gmt":"2025-04-23T19:15:25","slug":"cozinha-modulada-7-pecas-100-mdf-7-portas-7-gavetas-marquesa-10x-de-r-76240","status":"publish","type":"product","link":"https:\/\/tudomoveisbelem.com.br\/v19\/produto\/cozinha-modulada-7-pecas-100-mdf-7-portas-7-gavetas-marquesa-10x-de-r-76240\/","title":{"rendered":"Cozinha Modulada 7 Pe\u00e7as 100% MDF 7 Portas 7 Gavetas Marquesa 10x de R$ 739,30"},"content":{"rendered":"<p>Transforme sua cozinha em um verdadeiro espa\u00e7o culin\u00e1rio com a Cozinha Marquesa da Nesher, a escolha perfeita para quem busca qualidade e eleg\u00e2ncia. Conta com 7 pe\u00e7as, incluindo 3 arm\u00e1rios a\u00e9reos e 3 balc\u00f5es e 1 paneleiro, oferecendo um amplo espa\u00e7o de armazenamento, mantendo seus utens\u00edlios organizados, seguros e ao alcance das m\u00e3os. Sua estrutura totalmente em MDF de alta qualidade, garantem resist\u00eancia e durabilidade ao m\u00f3vel, ideal para um dia a dia cheio e eficiente. Na sua moderna combina\u00e7\u00e3o das cores, juntamente com o detalhe ripado, adicionam um ambiente mais elegante e sofisticado, combinando com v\u00e1rios estilos de cozinhas. Aproveite a qualidade que os m\u00f3veis da Nesher tem a oferecer!<\/p>\n<p>Dimens\u00f5es<br \/>\nLargura: 2.70 M<br \/>\nAltura: 2.28 M<br \/>\nProfundidade: 0,52 CM<\/p>\n","protected":false},"excerpt":{"rendered":"<p>Por apenas 10x de <span style=\"color: #ff0000;\">R$739,30<\/span> sem juros no cart\u00e3o ou \u00e0 vista por <span style=\"color: #ff0000;\">R$7.393,00.<\/span><\/p>\n","protected":false},"featured_media":30198,"comment_status":"closed","ping_status":"closed","template":"","meta":[],"product_brand":[],"product_cat":[22],"product_tag":[],"class_list":{"0":"post-30193","1":"product","2":"type-product","3":"status-publish","4":"has-post-thumbnail","6":"product_cat-moveis","8":"first","9":"instock","10":"shipping-taxable","11":"product-type-simple"},"_links":{"self":[{"href":"https:\/\/tudomoveisbelem.com.br\/v19\/wp-json\/wp\/v2\/product\/30193","targetHints":{"allow":["GET"]}}],"collection":[{"href":"https:\/\/tudomoveisbelem.com.br\/v19\/wp-json\/wp\/v2\/product"}],"about":[{"href":"https:\/\/tudomoveisbelem.com.br\/v19\/wp-json\/wp\/v2\/types\/product"}],"replies":[{"embeddable":true,"href":"https:\/\/tudomoveisbelem.com.br\/v19\/wp-json\/wp\/v2\/comments?post=30193"}],"version-history":[{"count":2,"href":"https:\/\/tudomoveisbelem.com.br\/v19\/wp-json\/wp\/v2\/product\/30193\/revisions"}],"predecessor-version":[{"id":33485,"href":"https:\/\/tudomoveisbelem.com.br\/v19\/wp-json\/wp\/v2\/product\/30193\/revisions\/33485"}],"wp:featuredmedia":[{"embeddable":true,"href":"https:\/\/tudomoveisbelem.com.br\/v19\/wp-json\/wp\/v2\/media\/30198"}],"wp:attachment":[{"href":"https:\/\/tudomoveisbelem.com.br\/v19\/wp-json\/wp\/v2\/media?parent=30193"}],"wp:term":[{"taxonomy":"product_brand","embeddable":true,"href":"https:\/\/tudomoveisbelem.com.br\/v19\/wp-json\/wp\/v2\/product_brand?post=30193"},{"taxonomy":"product_cat","embeddable":true,"href":"https:\/\/tudomoveisbelem.com.br\/v19\/wp-json\/wp\/v2\/product_cat?post=30193"},{"taxonomy":"product_tag","embeddable":true,"href":"https:\/\/tudomoveisbelem.com.br\/v19\/wp-json\/wp\/v2\/product_tag?post=30193"}],"curies":[{"name":"wp","href":"https:\/\/api.w.org\/{rel}","templated":true}]}}