{"id":30020,"date":"2024-06-21T14:42:31","date_gmt":"2024-06-21T14:42:31","guid":{"rendered":"https:\/\/tudomoveisbelem.com.br\/v19\/?post_type=product&#038;p=30020"},"modified":"2026-03-30T17:16:07","modified_gmt":"2026-03-30T17:16:07","slug":"roupeiro-solteiro-4-portas-com-compartimento-secreto-10x-de-r-17990","status":"publish","type":"product","link":"https:\/\/tudomoveisbelem.com.br\/v19\/produto\/roupeiro-solteiro-4-portas-com-compartimento-secreto-10x-de-r-17990\/","title":{"rendered":"Roupeiro Solteiro 4 Portas com Compartimento Secreto 12x de R$ 191,58."},"content":{"rendered":"<p>\ud83d\udea8\u2728 ROUPEIRO SOLTEIRO 4 PORTAS COM COMPARTIMENTO SECRETO \u2728\ud83d\udea8<\/p>\n<p>Se \u00e9 pra investir, que seja em um roupeiro completo, moderno e seguro!<br \/>\nEsse modelo une design ripado sofisticado + espa\u00e7o interno inteligente + cofre embutido \ud83d\udd10\ud83d\udc54<\/p>\n<p>\ud83d\udc8e Diferenciais que elevam o padr\u00e3o:<br \/>\n\u2714\ufe0f 4 portas com detalhe usinado ripado em MDF<br \/>\n\u2714\ufe0f Cofre embutido (compartimento secreto) \ud83d\udd12<br \/>\n\u2714\ufe0f 5 prateleiras amplas<br \/>\n\u2714\ufe0f Amplo maleiro para volumes maiores<br \/>\n\u2714\ufe0f 2 cabideiros em alum\u00ednio de excelente qualidade<br \/>\n\u2714\ufe0f 2 gavetas com corredi\u00e7as telesc\u00f3picas \u2013 suportam mais peso<br \/>\n\u2714\ufe0f Acabamento Reverse semi fosco \u2013 toque suave e f\u00e1cil limpeza<br \/>\n\u2714\ufe0f Puxadores modernos em ABS e MDF revestido<\/p>\n<p>\ud83d\udccf Dimens\u00f5es:<br \/>\n\u25aa\ufe0f Altura: 2,19 m<br \/>\n\u25aa\ufe0f Largura: 1,55 m<br \/>\n\u25aa\ufe0f Profundidade: 0,46 m<\/p>\n<p>\ud83d\ude9a Entrega e montagem GR\u00c1TIS<br \/>\n\ud83d\udcac Compra na loja f\u00edsica ou pelo WhatsApp<br \/>\n\ud83d\udcb3 Pagamento no ato da entrega<\/p>\n<p>&nbsp;<\/p>\n<p>\ud83d\udca5<span style=\"color: #ff0000;\"><strong> 12x de R$ 191,58<\/strong> <\/span>sem juros no cart\u00e3o<br \/>\n\ud83d\udcb0 Ou R$ 2.299,00 \u00e0 vista<\/p>\n<p>\u2728 Mais espa\u00e7o, mais seguran\u00e7a e muito mais eleg\u00e2ncia para o seu quarto.<\/p>\n","protected":false},"excerpt":{"rendered":"<p>\ud83d\udea8\u2728 ROUPEIRO SOLTEIRO 4 PORTAS COM COMPARTIMENTO SECRETO \u2728\ud83d\udea8 Se \u00e9 pra investir, que seja em um roupeiro completo, moderno e seguro! Esse modelo une design ripado sofisticado + espa\u00e7o interno inteligente + cofre embutido \ud83d\udd10\ud83d\udc54 \ud83d\udc8e Diferenciais que elevam o padr\u00e3o: \u2714\ufe0f 4 portas com detalhe usinado ripado em MDF \u2714\ufe0f Cofre embutido (compartimento &hellip; <a href=\"https:\/\/tudomoveisbelem.com.br\/v19\/produto\/roupeiro-solteiro-4-portas-com-compartimento-secreto-10x-de-r-17990\/\" class=\"more-link\">Continue lendo<span class=\"screen-reader-text\"> &#8220;Roupeiro Solteiro 4 Portas com Compartimento Secreto 12x de R$ 191,58.&#8221;<\/span><\/a><\/p>\n","protected":false},"featured_media":30026,"comment_status":"closed","ping_status":"closed","template":"","meta":[],"product_brand":[],"product_cat":[42,23,41],"product_tag":[],"class_list":{"0":"post-30020","1":"product","2":"type-product","3":"status-publish","4":"has-post-thumbnail","6":"product_cat-moveis-de-quarto","7":"product_cat-colchoes","8":"product_cat-roupeiros","10":"first","11":"instock","12":"shipping-taxable","13":"product-type-simple"},"_links":{"self":[{"href":"https:\/\/tudomoveisbelem.com.br\/v19\/wp-json\/wp\/v2\/product\/30020","targetHints":{"allow":["GET"]}}],"collection":[{"href":"https:\/\/tudomoveisbelem.com.br\/v19\/wp-json\/wp\/v2\/product"}],"about":[{"href":"https:\/\/tudomoveisbelem.com.br\/v19\/wp-json\/wp\/v2\/types\/product"}],"replies":[{"embeddable":true,"href":"https:\/\/tudomoveisbelem.com.br\/v19\/wp-json\/wp\/v2\/comments?post=30020"}],"version-history":[{"count":5,"href":"https:\/\/tudomoveisbelem.com.br\/v19\/wp-json\/wp\/v2\/product\/30020\/revisions"}],"predecessor-version":[{"id":37180,"href":"https:\/\/tudomoveisbelem.com.br\/v19\/wp-json\/wp\/v2\/product\/30020\/revisions\/37180"}],"wp:featuredmedia":[{"embeddable":true,"href":"https:\/\/tudomoveisbelem.com.br\/v19\/wp-json\/wp\/v2\/media\/30026"}],"wp:attachment":[{"href":"https:\/\/tudomoveisbelem.com.br\/v19\/wp-json\/wp\/v2\/media?parent=30020"}],"wp:term":[{"taxonomy":"product_brand","embeddable":true,"href":"https:\/\/tudomoveisbelem.com.br\/v19\/wp-json\/wp\/v2\/product_brand?post=30020"},{"taxonomy":"product_cat","embeddable":true,"href":"https:\/\/tudomoveisbelem.com.br\/v19\/wp-json\/wp\/v2\/product_cat?post=30020"},{"taxonomy":"product_tag","embeddable":true,"href":"https:\/\/tudomoveisbelem.com.br\/v19\/wp-json\/wp\/v2\/product_tag?post=30020"}],"curies":[{"name":"wp","href":"https:\/\/api.w.org\/{rel}","templated":true}]}}