{"id":29819,"date":"2024-06-13T16:18:52","date_gmt":"2024-06-13T16:18:52","guid":{"rendered":"https:\/\/tudomoveisbelem.com.br\/v19\/?post_type=product&#038;p=29819"},"modified":"2025-03-20T13:41:23","modified_gmt":"2025-03-20T13:41:23","slug":"painel-home-para-tv-ate-65-ripado-1-porta-10x-de-r15990","status":"publish","type":"product","link":"https:\/\/tudomoveisbelem.com.br\/v19\/produto\/painel-home-para-tv-ate-65-ripado-1-porta-10x-de-r15990\/","title":{"rendered":"Painel Home para TV at\u00e9 65&#8243; Ripado 1 Porta 10x de R$169,90"},"content":{"rendered":"<p>O Painel Home que vai inovar sua casa, adicionando um toque contempor\u00e2neo e funcional \u00e0 sua sala de estar! Com ripados de 6mm que proporcionam n\u00e3o apenas um visual moderno, mas tamb\u00e9m uma estrutura robusta, e a integra\u00e7\u00e3o perfeita das fitas de LED nos ripados eleva a atmosfera do ambiente, adicionando uma ilumina\u00e7\u00e3o suave e destacando cada detalhe com eleg\u00e2ncia. Ele conta tamb\u00e9m com pist\u00e3o a g\u00e1s, assegurando uma abertura suave e segura da porta.<\/p>\n<p>Desfrute do entretenimento em grande estilo com esse painel que foi projetado com um generoso espa\u00e7o para TV de at\u00e9 65 polegadas!<\/p>\n<p>DIFERENCIAIS:<br \/>\n&#8211;\u00a0Fitas de LED;<br \/>\n&#8211; Ripados de 6mm;<br \/>\n&#8211; Puxador cava;<br \/>\n&#8211;\u00a0Porta com pist\u00e3o a g\u00e1s.<\/p>\n<p>Dimens\u00f5es<br \/>\nLargura: 1.80 M<br \/>\nAltura: 1.61 M<br \/>\nProfundidade: 0,33 CM<\/p>\n","protected":false},"excerpt":{"rendered":"<p>Por apenas 10x de <span style=\"color: #ff0000;\">R$169,90<\/span> sem juros no cart\u00e3o ou \u00e0 vista por <span style=\"color: #ff0000;\">R$1.699,00.<\/span><\/p>\n","protected":false},"featured_media":29823,"comment_status":"closed","ping_status":"closed","template":"","meta":[],"product_brand":[],"product_cat":[29,44,48],"product_tag":[],"class_list":{"0":"post-29819","1":"product","2":"type-product","3":"status-publish","4":"has-post-thumbnail","6":"product_cat-sala","7":"product_cat-paineis","8":"product_cat-rack-painel","10":"first","11":"instock","12":"shipping-taxable","13":"product-type-simple"},"_links":{"self":[{"href":"https:\/\/tudomoveisbelem.com.br\/v19\/wp-json\/wp\/v2\/product\/29819","targetHints":{"allow":["GET"]}}],"collection":[{"href":"https:\/\/tudomoveisbelem.com.br\/v19\/wp-json\/wp\/v2\/product"}],"about":[{"href":"https:\/\/tudomoveisbelem.com.br\/v19\/wp-json\/wp\/v2\/types\/product"}],"replies":[{"embeddable":true,"href":"https:\/\/tudomoveisbelem.com.br\/v19\/wp-json\/wp\/v2\/comments?post=29819"}],"version-history":[{"count":3,"href":"https:\/\/tudomoveisbelem.com.br\/v19\/wp-json\/wp\/v2\/product\/29819\/revisions"}],"predecessor-version":[{"id":32892,"href":"https:\/\/tudomoveisbelem.com.br\/v19\/wp-json\/wp\/v2\/product\/29819\/revisions\/32892"}],"wp:featuredmedia":[{"embeddable":true,"href":"https:\/\/tudomoveisbelem.com.br\/v19\/wp-json\/wp\/v2\/media\/29823"}],"wp:attachment":[{"href":"https:\/\/tudomoveisbelem.com.br\/v19\/wp-json\/wp\/v2\/media?parent=29819"}],"wp:term":[{"taxonomy":"product_brand","embeddable":true,"href":"https:\/\/tudomoveisbelem.com.br\/v19\/wp-json\/wp\/v2\/product_brand?post=29819"},{"taxonomy":"product_cat","embeddable":true,"href":"https:\/\/tudomoveisbelem.com.br\/v19\/wp-json\/wp\/v2\/product_cat?post=29819"},{"taxonomy":"product_tag","embeddable":true,"href":"https:\/\/tudomoveisbelem.com.br\/v19\/wp-json\/wp\/v2\/product_tag?post=29819"}],"curies":[{"name":"wp","href":"https:\/\/api.w.org\/{rel}","templated":true}]}}