{"id":29812,"date":"2024-06-13T16:15:21","date_gmt":"2024-06-13T16:15:21","guid":{"rendered":"https:\/\/tudomoveisbelem.com.br\/v19\/?post_type=product&#038;p=29812"},"modified":"2026-03-12T13:31:31","modified_gmt":"2026-03-12T13:31:31","slug":"guarda-roupa-solteiro-6-portas-2-gavetas-10x-de-r-9990","status":"publish","type":"product","link":"https:\/\/tudomoveisbelem.com.br\/v19\/produto\/guarda-roupa-solteiro-6-portas-2-gavetas-10x-de-r-9990\/","title":{"rendered":"Guarda Roupa Solteiro 6 Portas 2 Gavetas.Por apenas 12x de R$ 116,58 sem juros no cart\u00e3o"},"content":{"rendered":"<p>Renove seu quarto com o Guarda-roupa solteiro 6 portas, um m\u00f3vel vers\u00e1til e elegante que se adapta ao seu estilo. Ele oferece um amplo cabideiro interno para manter suas roupas organizadas com eleg\u00e2ncia, al\u00e9m de duas gavetas com corredi\u00e7as met\u00e1licas para facilitar o acesso aos seus pertences.<\/p>\n<p>DIFERENCIAIS:<br \/>\n&#8211;\u00a0Cabideiro interno;<br \/>\n&#8211; Puxadores em ABS;<br \/>\n&#8211;\u00a04 Prateleiras internas;<br \/>\n&#8211;\u00a0Corredi\u00e7as met\u00e1licas.<\/p>\n<p>Dimens\u00f5es:<br \/>\nAltura: 1.87 M<br \/>\nLargura: 1.38 M<br \/>\nProfundidade: 0,40 CM<\/p>\n<p>&nbsp;<\/p>\n<p>&nbsp;<\/p>\n<p>Por apenas 12x de R$ 116,58 sem juros no cart\u00e3o ou \u00e0 vista por R$ 1.399,00.<\/p>\n","protected":false},"excerpt":{"rendered":"<p>Renove seu quarto com o Guarda-roupa solteiro 6 portas, um m\u00f3vel vers\u00e1til e elegante que se adapta ao seu estilo. Ele oferece um amplo cabideiro interno para manter suas roupas organizadas com eleg\u00e2ncia, al\u00e9m de duas gavetas com corredi\u00e7as met\u00e1licas para facilitar o acesso aos seus pertences. DIFERENCIAIS: &#8211;\u00a0Cabideiro interno; &#8211; Puxadores em ABS; &#8211;\u00a04 &hellip; <a href=\"https:\/\/tudomoveisbelem.com.br\/v19\/produto\/guarda-roupa-solteiro-6-portas-2-gavetas-10x-de-r-9990\/\" class=\"more-link\">Continue lendo<span class=\"screen-reader-text\"> &#8220;Guarda Roupa Solteiro 6 Portas 2 Gavetas.Por apenas 12x de R$ 116,58 sem juros no cart\u00e3o&#8221;<\/span><\/a><\/p>\n","protected":false},"featured_media":29817,"comment_status":"closed","ping_status":"closed","template":"","meta":[],"product_brand":[],"product_cat":[42,23,41],"product_tag":[],"class_list":{"0":"post-29812","1":"product","2":"type-product","3":"status-publish","4":"has-post-thumbnail","6":"product_cat-moveis-de-quarto","7":"product_cat-colchoes","8":"product_cat-roupeiros","10":"first","11":"instock","12":"shipping-taxable","13":"product-type-simple"},"_links":{"self":[{"href":"https:\/\/tudomoveisbelem.com.br\/v19\/wp-json\/wp\/v2\/product\/29812","targetHints":{"allow":["GET"]}}],"collection":[{"href":"https:\/\/tudomoveisbelem.com.br\/v19\/wp-json\/wp\/v2\/product"}],"about":[{"href":"https:\/\/tudomoveisbelem.com.br\/v19\/wp-json\/wp\/v2\/types\/product"}],"replies":[{"embeddable":true,"href":"https:\/\/tudomoveisbelem.com.br\/v19\/wp-json\/wp\/v2\/comments?post=29812"}],"version-history":[{"count":4,"href":"https:\/\/tudomoveisbelem.com.br\/v19\/wp-json\/wp\/v2\/product\/29812\/revisions"}],"predecessor-version":[{"id":37044,"href":"https:\/\/tudomoveisbelem.com.br\/v19\/wp-json\/wp\/v2\/product\/29812\/revisions\/37044"}],"wp:featuredmedia":[{"embeddable":true,"href":"https:\/\/tudomoveisbelem.com.br\/v19\/wp-json\/wp\/v2\/media\/29817"}],"wp:attachment":[{"href":"https:\/\/tudomoveisbelem.com.br\/v19\/wp-json\/wp\/v2\/media?parent=29812"}],"wp:term":[{"taxonomy":"product_brand","embeddable":true,"href":"https:\/\/tudomoveisbelem.com.br\/v19\/wp-json\/wp\/v2\/product_brand?post=29812"},{"taxonomy":"product_cat","embeddable":true,"href":"https:\/\/tudomoveisbelem.com.br\/v19\/wp-json\/wp\/v2\/product_cat?post=29812"},{"taxonomy":"product_tag","embeddable":true,"href":"https:\/\/tudomoveisbelem.com.br\/v19\/wp-json\/wp\/v2\/product_tag?post=29812"}],"curies":[{"name":"wp","href":"https:\/\/api.w.org\/{rel}","templated":true}]}}