{"id":29540,"date":"2024-06-04T15:39:41","date_gmt":"2024-06-04T15:39:41","guid":{"rendered":"https:\/\/tudomoveisbelem.com.br\/v19\/?post_type=product&#038;p=29540"},"modified":"2026-03-30T16:01:59","modified_gmt":"2026-03-30T16:01:59","slug":"sofa-de-canto-puff-com-base-e-pes-em-madeira-10x-de-r-32990","status":"publish","type":"product","link":"https:\/\/tudomoveisbelem.com.br\/v19\/produto\/sofa-de-canto-puff-com-base-e-pes-em-madeira-10x-de-r-32990\/","title":{"rendered":"Sof\u00e1 de Canto + Puff com Base e P\u00e9s em Madeira 10x de R$419,90."},"content":{"rendered":"<p>Uma casa aconchegante est\u00e1 entre seus sonhos, n\u00e9? E nada como um amplo sof\u00e1 de canto para receber toda a fam\u00edlia e proporcionar bons momentos a todos. Feito em materiais dur\u00e1veis e resistentes, esse modelo n\u00e3o s\u00f3 tem estrutura\u00a0em eucalipto, como traz fibra de silicone no encosto, espuma D28 no assento e revestimento em suede aveludodo, o combo perfeito para acomodar bem. Ah, notou que, al\u00e9m do sof\u00e1 de canto, ele j\u00e1 tem puff para esticar os p\u00e9s? Ou pode at\u00e9 servir de assento extra nos dias de casa cheia! Tudo isso ainda acompanha um design moderno com cores diversas para lhe ajudar a inseri-lo no seu ambiente. Com ele, sua casa vai ficar cheia de bom gosto e conforto.<\/p>\n<p>Especifica\u00e7\u00f5es:<br \/>\n&#8211; Tecido: Suede Aveludado;<br \/>\n&#8211; Assentos: Espuma D-28;<br \/>\n&#8211; Bra\u00e7os: Espuma D-26;<br \/>\n&#8211; Encosto: Fibra Siliconada;<br \/>\n&#8211; Estrutura: Madeira Eucalipto Tratada;<br \/>\n&#8211; Base e P\u00e9s em Madeira Maci\u00e7a.<\/p>\n<p>Dimens\u00f5es do Sof\u00e1:<br \/>\nLargura: 2.40 M \u00d7 2.20 M<br \/>\nProfundidade: 0,80 CM<br \/>\nAltura: 0,92 CM<\/p>\n<p>Dimens\u00f5es do Puff:<br \/>\nLargura: 1.08 M<br \/>\nProfundidade: 0,80 CM<\/p>\n<p>&nbsp;<\/p>\n<p>&nbsp;<\/p>\n<p>&nbsp;<\/p>\n<p>Por apenas 10x de <span style=\"color: #ff0000;\">R$419,90<\/span> sem juros no cart\u00e3o ou \u00e0 vista por <span style=\"color: #ff0000;\">R$4.199,00.<\/span><\/p>\n","protected":false},"excerpt":{"rendered":"<p>Uma casa aconchegante est\u00e1 entre seus sonhos, n\u00e9? E nada como um amplo sof\u00e1 de canto para receber toda a fam\u00edlia e proporcionar bons momentos a todos. Feito em materiais dur\u00e1veis e resistentes, esse modelo n\u00e3o s\u00f3 tem estrutura\u00a0em eucalipto, como traz fibra de silicone no encosto, espuma D28 no assento e revestimento em suede &hellip; <a href=\"https:\/\/tudomoveisbelem.com.br\/v19\/produto\/sofa-de-canto-puff-com-base-e-pes-em-madeira-10x-de-r-32990\/\" class=\"more-link\">Continue lendo<span class=\"screen-reader-text\"> &#8220;Sof\u00e1 de Canto + Puff com Base e P\u00e9s em Madeira 10x de R$419,90.&#8221;<\/span><\/a><\/p>\n","protected":false},"featured_media":29543,"comment_status":"closed","ping_status":"closed","template":"","meta":[],"product_brand":[],"product_cat":[30],"product_tag":[],"class_list":{"0":"post-29540","1":"product","2":"type-product","3":"status-publish","4":"has-post-thumbnail","6":"product_cat-sofas","8":"first","9":"instock","10":"shipping-taxable","11":"product-type-simple"},"_links":{"self":[{"href":"https:\/\/tudomoveisbelem.com.br\/v19\/wp-json\/wp\/v2\/product\/29540","targetHints":{"allow":["GET"]}}],"collection":[{"href":"https:\/\/tudomoveisbelem.com.br\/v19\/wp-json\/wp\/v2\/product"}],"about":[{"href":"https:\/\/tudomoveisbelem.com.br\/v19\/wp-json\/wp\/v2\/types\/product"}],"replies":[{"embeddable":true,"href":"https:\/\/tudomoveisbelem.com.br\/v19\/wp-json\/wp\/v2\/comments?post=29540"}],"version-history":[{"count":7,"href":"https:\/\/tudomoveisbelem.com.br\/v19\/wp-json\/wp\/v2\/product\/29540\/revisions"}],"predecessor-version":[{"id":37136,"href":"https:\/\/tudomoveisbelem.com.br\/v19\/wp-json\/wp\/v2\/product\/29540\/revisions\/37136"}],"wp:featuredmedia":[{"embeddable":true,"href":"https:\/\/tudomoveisbelem.com.br\/v19\/wp-json\/wp\/v2\/media\/29543"}],"wp:attachment":[{"href":"https:\/\/tudomoveisbelem.com.br\/v19\/wp-json\/wp\/v2\/media?parent=29540"}],"wp:term":[{"taxonomy":"product_brand","embeddable":true,"href":"https:\/\/tudomoveisbelem.com.br\/v19\/wp-json\/wp\/v2\/product_brand?post=29540"},{"taxonomy":"product_cat","embeddable":true,"href":"https:\/\/tudomoveisbelem.com.br\/v19\/wp-json\/wp\/v2\/product_cat?post=29540"},{"taxonomy":"product_tag","embeddable":true,"href":"https:\/\/tudomoveisbelem.com.br\/v19\/wp-json\/wp\/v2\/product_tag?post=29540"}],"curies":[{"name":"wp","href":"https:\/\/api.w.org\/{rel}","templated":true}]}}